{"id":9627,"date":"2022-10-05T16:22:29","date_gmt":"2022-10-05T14:22:29","guid":{"rendered":"https:\/\/hochzeitshaus-boos.de\/ueber-uns\/?page_id=9627"},"modified":"2023-09-19T20:05:28","modified_gmt":"2023-09-19T18:05:28","slug":"hochzeitslocation-schlosshotel-molkenkur","status":"publish","type":"page","link":"https:\/\/hochzeitshaus-boos.de\/ueber-uns\/alles-fuer-die-hochzeit\/hochzeitslocations\/hochzeitslocation-schlosshotel-molkenkur\/","title":{"rendered":"Hochzeitslocation Schlosshotel Molkenkur"},"content":{"rendered":"\t\t<div data-elementor-type=\"wp-page\" data-elementor-id=\"9627\" class=\"elementor elementor-9627\" data-elementor-post-type=\"page\">\n\t\t\t\t\t\t<section class=\"elementor-section elementor-top-section elementor-element elementor-element-0ff7a5f elementor-section-boxed elementor-section-height-default elementor-section-height-default\" data-id=\"0ff7a5f\" data-element_type=\"section\" data-e-type=\"section\" data-settings=\"{&quot;background_background&quot;:&quot;classic&quot;}\">\n\t\t\t\t\t\t<div class=\"elementor-container elementor-column-gap-default\">\n\t\t\t\t\t<div class=\"elementor-column elementor-col-100 elementor-top-column elementor-element elementor-element-7fc743f\" data-id=\"7fc743f\" data-element_type=\"column\" data-e-type=\"column\">\n\t\t\t<div class=\"elementor-widget-wrap elementor-element-populated\">\n\t\t\t\t\t\t<div class=\"elementor-element elementor-element-2085ef4 elementor-widget elementor-widget-theme-post-title elementor-page-title elementor-widget-heading\" data-id=\"2085ef4\" data-element_type=\"widget\" data-e-type=\"widget\" data-widget_type=\"theme-post-title.default\">\n\t\t\t\t<div class=\"elementor-widget-container\">\n\t\t\t\t\t<h1 class=\"elementor-heading-title elementor-size-default\">Hochzeitslocation Schlosshotel Molkenkur<\/h1>\t\t\t\t<\/div>\n\t\t\t\t<\/div>\n\t\t\t\t<div class=\"elementor-element elementor-element-9d1c16f elementor-icon-list--layout-traditional elementor-list-item-link-full_width elementor-widget elementor-widget-icon-list\" data-id=\"9d1c16f\" data-element_type=\"widget\" data-e-type=\"widget\" data-widget_type=\"icon-list.default\">\n\t\t\t\t<div class=\"elementor-widget-container\">\n\t\t\t\t\t\t\t<ul class=\"elementor-icon-list-items\">\n\t\t\t\t\t\t\t<li class=\"elementor-icon-list-item\">\n\t\t\t\t\t\t\t\t\t\t\t<a href=\"https:\/\/hochzeitshaus-boos.de\/ueber-uns\/alles-fuer-die-hochzeit\/\">\n\n\t\t\t\t\t\t\t\t\t\t\t\t<span class=\"elementor-icon-list-icon\">\n\t\t\t\t\t\t\t<i aria-hidden=\"true\" class=\"fas fa-info-circle\"><\/i>\t\t\t\t\t\t<\/span>\n\t\t\t\t\t\t\t\t\t\t<span class=\"elementor-icon-list-text\">Alles f\u00fcr die Hochzeit<\/span>\n\t\t\t\t\t\t\t\t\t\t\t<\/a>\n\t\t\t\t\t\t\t\t\t<\/li>\n\t\t\t\t\t\t<\/ul>\n\t\t\t\t\t\t<\/div>\n\t\t\t\t<\/div>\n\t\t\t\t\t<\/div>\n\t\t<\/div>\n\t\t\t\t\t<\/div>\n\t\t<\/section>\n\t\t\t\t<section class=\"elementor-section elementor-top-section elementor-element elementor-element-79bb79f elementor-reverse-mobile_extra elementor-reverse-mobile elementor-section-boxed elementor-section-height-default elementor-section-height-default\" data-id=\"79bb79f\" data-element_type=\"section\" data-e-type=\"section\">\n\t\t\t\t\t\t<div class=\"elementor-container elementor-column-gap-default\">\n\t\t\t\t\t<div class=\"elementor-column elementor-col-50 elementor-top-column elementor-element elementor-element-6c5b384\" data-id=\"6c5b384\" data-element_type=\"column\" data-e-type=\"column\">\n\t\t\t<div class=\"elementor-widget-wrap elementor-element-populated\">\n\t\t\t\t\t\t<div class=\"elementor-element elementor-element-4b6ca0b elementor-widget__width-inherit elementor-widget-mobile__width-inherit elementor-widget elementor-widget-text-editor\" data-id=\"4b6ca0b\" data-element_type=\"widget\" data-e-type=\"widget\" data-widget_type=\"text-editor.default\">\n\t\t\t\t<div class=\"elementor-widget-container\">\n\t\t\t\t\t\t\t\t\t<div class=\"blog--detail-content blog--box block\"><div class=\"blog--detail-header\"><div class=\"blog--box-metadata\"><p style=\"text-align: center;\">Das Schlosshotel Molkenkur befindet sich in Einzellage oberhalb des Heidelberger Schlosses und verf\u00fchgt \u00fcber zwei Fests\u00e4le, deren dazugeh\u00f6rige Terrassen einen einmaligen Blick \u00fcber das Neckertal und die Rheinebene bietet.<\/p><\/div><\/div><\/div>\t\t\t\t\t\t\t\t<\/div>\n\t\t\t\t<\/div>\n\t\t\t\t<div class=\"elementor-element elementor-element-d5504ab elementor-widget elementor-widget-image\" data-id=\"d5504ab\" data-element_type=\"widget\" data-e-type=\"widget\" data-widget_type=\"image.default\">\n\t\t\t\t<div class=\"elementor-widget-container\">\n\t\t\t\t\t\t\t\t\t\t\t\t\t\t\t<img width=\"800\" height=\"523\" src=\"https:\/\/hochzeitshaus-boos.de\/ueber-uns\/wp-content\/uploads\/2022\/10\/Spiegelsaal.jpg\" class=\"attachment-full size-full wp-image-9761\" alt=\"Spiegelsaal\" srcset=\"https:\/\/hochzeitshaus-boos.de\/ueber-uns\/wp-content\/uploads\/2022\/10\/Spiegelsaal.jpg 800w, https:\/\/hochzeitshaus-boos.de\/ueber-uns\/wp-content\/uploads\/2022\/10\/Spiegelsaal-300x196.jpg 300w, https:\/\/hochzeitshaus-boos.de\/ueber-uns\/wp-content\/uploads\/2022\/10\/Spiegelsaal-768x502.jpg 768w\" sizes=\"(max-width: 800px) 100vw, 800px\" \/>\t\t\t\t\t\t\t\t\t\t\t\t\t\t\t<\/div>\n\t\t\t\t<\/div>\n\t\t\t\t<div class=\"elementor-element elementor-element-93e969d elementor-widget__width-inherit elementor-widget-mobile__width-inherit elementor-widget elementor-widget-text-editor\" data-id=\"93e969d\" data-element_type=\"widget\" data-e-type=\"widget\" data-widget_type=\"text-editor.default\">\n\t\t\t\t<div class=\"elementor-widget-container\">\n\t\t\t\t\t\t\t\t\t<div class=\"blog--detail-content blog--box block\"><div class=\"blog--detail-header\"><div class=\"blog--box-metadata\"><p style=\"text-align: center;\"><em>Schlosshotel Molkenkur <\/em><\/p><\/div><\/div><\/div>\t\t\t\t\t\t\t\t<\/div>\n\t\t\t\t<\/div>\n\t\t\t\t\t<\/div>\n\t\t<\/div>\n\t\t\t\t<div class=\"elementor-column elementor-col-50 elementor-top-column elementor-element elementor-element-d7ba22c\" data-id=\"d7ba22c\" data-element_type=\"column\" data-e-type=\"column\">\n\t\t\t<div class=\"elementor-widget-wrap elementor-element-populated\">\n\t\t\t\t\t\t<div class=\"elementor-element elementor-element-666faf2 elementor-widget elementor-widget-image\" data-id=\"666faf2\" data-element_type=\"widget\" data-e-type=\"widget\" data-widget_type=\"image.default\">\n\t\t\t\t<div class=\"elementor-widget-container\">\n\t\t\t\t\t\t\t\t\t\t\t\t\t\t\t<img width=\"632\" height=\"158\" src=\"https:\/\/hochzeitshaus-boos.de\/ueber-uns\/wp-content\/uploads\/2022\/10\/schlosshotel-molkenkur.jpg\" class=\"attachment-full size-full wp-image-9760\" alt=\"schlosshotel molkenkur\" srcset=\"https:\/\/hochzeitshaus-boos.de\/ueber-uns\/wp-content\/uploads\/2022\/10\/schlosshotel-molkenkur.jpg 632w, https:\/\/hochzeitshaus-boos.de\/ueber-uns\/wp-content\/uploads\/2022\/10\/schlosshotel-molkenkur-300x75.jpg 300w\" sizes=\"(max-width: 632px) 100vw, 632px\" \/>\t\t\t\t\t\t\t\t\t\t\t\t\t\t\t<\/div>\n\t\t\t\t<\/div>\n\t\t\t\t\t<\/div>\n\t\t<\/div>\n\t\t\t\t\t<\/div>\n\t\t<\/section>\n\t\t\t\t<\/div>\n\t\t","protected":false},"excerpt":{"rendered":"<p>Alles f\u00fcr die Hochzeit Das Schlosshotel Molkenkur befindet sich in Einzellage oberhalb des Heidelberger Schlosses und verf\u00fchgt \u00fcber zwei Fests\u00e4le, deren dazugeh\u00f6rige Terrassen einen einmaligen Blick \u00fcber das Neckertal und die Rheinebene bietet. Schlosshotel Molkenkur<\/p>\n","protected":false},"author":1,"featured_media":0,"parent":3881,"menu_order":0,"comment_status":"closed","ping_status":"closed","template":"elementor_header_footer","meta":{"site-sidebar-layout":"no-sidebar","site-content-layout":"page-builder","ast-site-content-layout":"default","site-content-style":"default","site-sidebar-style":"default","ast-global-header-display":"disabled","ast-banner-title-visibility":"","ast-main-header-display":"","ast-hfb-above-header-display":"","ast-hfb-below-header-display":"","ast-hfb-mobile-header-display":"","site-post-title":"disabled","ast-breadcrumbs-content":"","ast-featured-img":"disabled","footer-sml-layout":"disabled","ast-disable-related-posts":"","theme-transparent-header-meta":"","adv-header-id-meta":"","stick-header-meta":"","header-above-stick-meta":"","header-main-stick-meta":"","header-below-stick-meta":"","astra-migrate-meta-layouts":"default","ast-page-background-enabled":"default","ast-page-background-meta":{"desktop":{"background-color":"var(--ast-global-color-4)","background-image":"","background-repeat":"repeat","background-position":"center center","background-size":"auto","background-attachment":"scroll","background-type":"","background-media":"","overlay-type":"","overlay-color":"","overlay-opacity":"","overlay-gradient":""},"tablet":{"background-color":"","background-image":"","background-repeat":"repeat","background-position":"center center","background-size":"auto","background-attachment":"scroll","background-type":"","background-media":"","overlay-type":"","overlay-color":"","overlay-opacity":"","overlay-gradient":""},"mobile":{"background-color":"","background-image":"","background-repeat":"repeat","background-position":"center center","background-size":"auto","background-attachment":"scroll","background-type":"","background-media":"","overlay-type":"","overlay-color":"","overlay-opacity":"","overlay-gradient":""}},"ast-content-background-meta":{"desktop":{"background-color":"var(--ast-global-color-5)","background-image":"","background-repeat":"repeat","background-position":"center center","background-size":"auto","background-attachment":"scroll","background-type":"","background-media":"","overlay-type":"","overlay-color":"","overlay-opacity":"","overlay-gradient":""},"tablet":{"background-color":"var(--ast-global-color-5)","background-image":"","background-repeat":"repeat","background-position":"center center","background-size":"auto","background-attachment":"scroll","background-type":"","background-media":"","overlay-type":"","overlay-color":"","overlay-opacity":"","overlay-gradient":""},"mobile":{"background-color":"var(--ast-global-color-5)","background-image":"","background-repeat":"repeat","background-position":"center center","background-size":"auto","background-attachment":"scroll","background-type":"","background-media":"","overlay-type":"","overlay-color":"","overlay-opacity":"","overlay-gradient":""}},"footnotes":""},"class_list":["post-9627","page","type-page","status-publish","hentry"],"yoast_head":"<!-- This site is optimized with the Yoast SEO plugin v27.3 - https:\/\/yoast.com\/product\/yoast-seo-wordpress\/ -->\n<title>Hochzeitslocation Schlosshotel Molkenkur | Brautmoden Boos<\/title>\n<meta name=\"description\" content=\"Hochzeitslocation das Schlosshotel Molkenkur in Heidelberg.\" \/>\n<meta name=\"robots\" content=\"index, follow, max-snippet:-1, max-image-preview:large, max-video-preview:-1\" \/>\n<link rel=\"canonical\" href=\"https:\/\/hochzeitshaus-boos.de\/ueber-uns\/alles-fuer-die-hochzeit\/hochzeitslocations\/hochzeitslocation-schlosshotel-molkenkur\/\" \/>\n<meta property=\"og:locale\" content=\"de_DE\" \/>\n<meta property=\"og:type\" content=\"article\" \/>\n<meta property=\"og:title\" content=\"Hochzeitslocation Schlosshotel Molkenkur | Brautmoden Boos\" \/>\n<meta property=\"og:description\" content=\"Hochzeitslocation das Schlosshotel Molkenkur in Heidelberg.\" \/>\n<meta property=\"og:url\" content=\"https:\/\/hochzeitshaus-boos.de\/ueber-uns\/alles-fuer-die-hochzeit\/hochzeitslocations\/hochzeitslocation-schlosshotel-molkenkur\/\" \/>\n<meta property=\"og:site_name\" content=\"Hochzeitshaus Boos\" \/>\n<meta property=\"article:publisher\" content=\"https:\/\/www.facebook.com\/hochzeitshaus.boos\/\" \/>\n<meta property=\"article:modified_time\" content=\"2023-09-19T18:05:28+00:00\" \/>\n<meta property=\"og:image\" content=\"https:\/\/hochzeitshaus-boos.de\/ueber-uns\/wp-content\/uploads\/2022\/10\/Spiegelsaal.jpg\" \/>\n<meta name=\"twitter:card\" content=\"summary_large_image\" \/>\n<meta name=\"twitter:site\" content=\"@hh_boos_de\" \/>\n<meta name=\"twitter:label1\" content=\"Gesch\u00e4tzte Lesezeit\" \/>\n\t<meta name=\"twitter:data1\" content=\"1\u00a0Minute\" \/>\n<script type=\"application\/ld+json\" class=\"yoast-schema-graph\">{\"@context\":\"https:\\\/\\\/schema.org\",\"@graph\":[{\"@type\":\"WebPage\",\"@id\":\"https:\\\/\\\/hochzeitshaus-boos.de\\\/ueber-uns\\\/alles-fuer-die-hochzeit\\\/hochzeitslocations\\\/hochzeitslocation-schlosshotel-molkenkur\\\/\",\"url\":\"https:\\\/\\\/hochzeitshaus-boos.de\\\/ueber-uns\\\/alles-fuer-die-hochzeit\\\/hochzeitslocations\\\/hochzeitslocation-schlosshotel-molkenkur\\\/\",\"name\":\"Hochzeitslocation Schlosshotel Molkenkur | Brautmoden Boos\",\"isPartOf\":{\"@id\":\"https:\\\/\\\/hochzeitshaus-boos.de\\\/ueber-uns\\\/#website\"},\"primaryImageOfPage\":{\"@id\":\"https:\\\/\\\/hochzeitshaus-boos.de\\\/ueber-uns\\\/alles-fuer-die-hochzeit\\\/hochzeitslocations\\\/hochzeitslocation-schlosshotel-molkenkur\\\/#primaryimage\"},\"image\":{\"@id\":\"https:\\\/\\\/hochzeitshaus-boos.de\\\/ueber-uns\\\/alles-fuer-die-hochzeit\\\/hochzeitslocations\\\/hochzeitslocation-schlosshotel-molkenkur\\\/#primaryimage\"},\"thumbnailUrl\":\"https:\\\/\\\/hochzeitshaus-boos.de\\\/ueber-uns\\\/wp-content\\\/uploads\\\/2022\\\/10\\\/Spiegelsaal.jpg\",\"datePublished\":\"2022-10-05T14:22:29+00:00\",\"dateModified\":\"2023-09-19T18:05:28+00:00\",\"description\":\"Hochzeitslocation das Schlosshotel Molkenkur in Heidelberg.\",\"breadcrumb\":{\"@id\":\"https:\\\/\\\/hochzeitshaus-boos.de\\\/ueber-uns\\\/alles-fuer-die-hochzeit\\\/hochzeitslocations\\\/hochzeitslocation-schlosshotel-molkenkur\\\/#breadcrumb\"},\"inLanguage\":\"de\",\"potentialAction\":[{\"@type\":\"ReadAction\",\"target\":[\"https:\\\/\\\/hochzeitshaus-boos.de\\\/ueber-uns\\\/alles-fuer-die-hochzeit\\\/hochzeitslocations\\\/hochzeitslocation-schlosshotel-molkenkur\\\/\"]}]},{\"@type\":\"ImageObject\",\"inLanguage\":\"de\",\"@id\":\"https:\\\/\\\/hochzeitshaus-boos.de\\\/ueber-uns\\\/alles-fuer-die-hochzeit\\\/hochzeitslocations\\\/hochzeitslocation-schlosshotel-molkenkur\\\/#primaryimage\",\"url\":\"https:\\\/\\\/hochzeitshaus-boos.de\\\/ueber-uns\\\/wp-content\\\/uploads\\\/2022\\\/10\\\/Spiegelsaal.jpg\",\"contentUrl\":\"https:\\\/\\\/hochzeitshaus-boos.de\\\/ueber-uns\\\/wp-content\\\/uploads\\\/2022\\\/10\\\/Spiegelsaal.jpg\",\"width\":800,\"height\":523,\"caption\":\"Spiegelsaal\"},{\"@type\":\"BreadcrumbList\",\"@id\":\"https:\\\/\\\/hochzeitshaus-boos.de\\\/ueber-uns\\\/alles-fuer-die-hochzeit\\\/hochzeitslocations\\\/hochzeitslocation-schlosshotel-molkenkur\\\/#breadcrumb\",\"itemListElement\":[{\"@type\":\"ListItem\",\"position\":1,\"name\":\"\u00dcber uns\",\"item\":\"https:\\\/\\\/hochzeitshaus-boos.de\\\/ueber-uns\\\/\"},{\"@type\":\"ListItem\",\"position\":2,\"name\":\"Alles f\u00fcr die Hochzeit\",\"item\":\"https:\\\/\\\/hochzeitshaus-boos.de\\\/ueber-uns\\\/alles-fuer-die-hochzeit\\\/\"},{\"@type\":\"ListItem\",\"position\":3,\"name\":\"Hochzeitslocations\",\"item\":\"https:\\\/\\\/hochzeitshaus-boos.de\\\/ueber-uns\\\/alles-fuer-die-hochzeit\\\/hochzeitslocations\\\/\"},{\"@type\":\"ListItem\",\"position\":4,\"name\":\"Hochzeitslocation Schlosshotel Molkenkur\"}]},{\"@type\":\"WebSite\",\"@id\":\"https:\\\/\\\/hochzeitshaus-boos.de\\\/ueber-uns\\\/#website\",\"url\":\"https:\\\/\\\/hochzeitshaus-boos.de\\\/ueber-uns\\\/\",\"name\":\"Hochzeitshaus Boos\",\"description\":\"In Stuttgart, Mannheim, Karlsruhe und Ingolstadt\",\"publisher\":{\"@id\":\"https:\\\/\\\/hochzeitshaus-boos.de\\\/ueber-uns\\\/#organization\"},\"potentialAction\":[{\"@type\":\"SearchAction\",\"target\":{\"@type\":\"EntryPoint\",\"urlTemplate\":\"https:\\\/\\\/hochzeitshaus-boos.de\\\/ueber-uns\\\/?s={search_term_string}\"},\"query-input\":{\"@type\":\"PropertyValueSpecification\",\"valueRequired\":true,\"valueName\":\"search_term_string\"}}],\"inLanguage\":\"de\"},{\"@type\":\"Organization\",\"@id\":\"https:\\\/\\\/hochzeitshaus-boos.de\\\/ueber-uns\\\/#organization\",\"name\":\"Hochzeitshaus Boos\",\"url\":\"https:\\\/\\\/hochzeitshaus-boos.de\\\/ueber-uns\\\/\",\"logo\":{\"@type\":\"ImageObject\",\"inLanguage\":\"de\",\"@id\":\"https:\\\/\\\/hochzeitshaus-boos.de\\\/ueber-uns\\\/#\\\/schema\\\/logo\\\/image\\\/\",\"url\":\"https:\\\/\\\/hochzeitshaus-boos.de\\\/ueber-uns\\\/wp-content\\\/uploads\\\/2022\\\/09\\\/boos-hochzeitshaus-logo.svg\",\"contentUrl\":\"https:\\\/\\\/hochzeitshaus-boos.de\\\/ueber-uns\\\/wp-content\\\/uploads\\\/2022\\\/09\\\/boos-hochzeitshaus-logo.svg\",\"width\":179,\"height\":100,\"caption\":\"Hochzeitshaus Boos\"},\"image\":{\"@id\":\"https:\\\/\\\/hochzeitshaus-boos.de\\\/ueber-uns\\\/#\\\/schema\\\/logo\\\/image\\\/\"},\"sameAs\":[\"https:\\\/\\\/www.facebook.com\\\/hochzeitshaus.boos\\\/\",\"https:\\\/\\\/x.com\\\/hh_boos_de\"]}]}<\/script>\n<!-- \/ Yoast SEO plugin. -->","yoast_head_json":{"title":"Hochzeitslocation Schlosshotel Molkenkur | Brautmoden Boos","description":"Hochzeitslocation das Schlosshotel Molkenkur in Heidelberg.","robots":{"index":"index","follow":"follow","max-snippet":"max-snippet:-1","max-image-preview":"max-image-preview:large","max-video-preview":"max-video-preview:-1"},"canonical":"https:\/\/hochzeitshaus-boos.de\/ueber-uns\/alles-fuer-die-hochzeit\/hochzeitslocations\/hochzeitslocation-schlosshotel-molkenkur\/","og_locale":"de_DE","og_type":"article","og_title":"Hochzeitslocation Schlosshotel Molkenkur | Brautmoden Boos","og_description":"Hochzeitslocation das Schlosshotel Molkenkur in Heidelberg.","og_url":"https:\/\/hochzeitshaus-boos.de\/ueber-uns\/alles-fuer-die-hochzeit\/hochzeitslocations\/hochzeitslocation-schlosshotel-molkenkur\/","og_site_name":"Hochzeitshaus Boos","article_publisher":"https:\/\/www.facebook.com\/hochzeitshaus.boos\/","article_modified_time":"2023-09-19T18:05:28+00:00","og_image":[{"url":"https:\/\/hochzeitshaus-boos.de\/ueber-uns\/wp-content\/uploads\/2022\/10\/Spiegelsaal.jpg","type":"","width":"","height":""}],"twitter_card":"summary_large_image","twitter_site":"@hh_boos_de","twitter_misc":{"Gesch\u00e4tzte Lesezeit":"1\u00a0Minute"},"schema":{"@context":"https:\/\/schema.org","@graph":[{"@type":"WebPage","@id":"https:\/\/hochzeitshaus-boos.de\/ueber-uns\/alles-fuer-die-hochzeit\/hochzeitslocations\/hochzeitslocation-schlosshotel-molkenkur\/","url":"https:\/\/hochzeitshaus-boos.de\/ueber-uns\/alles-fuer-die-hochzeit\/hochzeitslocations\/hochzeitslocation-schlosshotel-molkenkur\/","name":"Hochzeitslocation Schlosshotel Molkenkur | Brautmoden Boos","isPartOf":{"@id":"https:\/\/hochzeitshaus-boos.de\/ueber-uns\/#website"},"primaryImageOfPage":{"@id":"https:\/\/hochzeitshaus-boos.de\/ueber-uns\/alles-fuer-die-hochzeit\/hochzeitslocations\/hochzeitslocation-schlosshotel-molkenkur\/#primaryimage"},"image":{"@id":"https:\/\/hochzeitshaus-boos.de\/ueber-uns\/alles-fuer-die-hochzeit\/hochzeitslocations\/hochzeitslocation-schlosshotel-molkenkur\/#primaryimage"},"thumbnailUrl":"https:\/\/hochzeitshaus-boos.de\/ueber-uns\/wp-content\/uploads\/2022\/10\/Spiegelsaal.jpg","datePublished":"2022-10-05T14:22:29+00:00","dateModified":"2023-09-19T18:05:28+00:00","description":"Hochzeitslocation das Schlosshotel Molkenkur in Heidelberg.","breadcrumb":{"@id":"https:\/\/hochzeitshaus-boos.de\/ueber-uns\/alles-fuer-die-hochzeit\/hochzeitslocations\/hochzeitslocation-schlosshotel-molkenkur\/#breadcrumb"},"inLanguage":"de","potentialAction":[{"@type":"ReadAction","target":["https:\/\/hochzeitshaus-boos.de\/ueber-uns\/alles-fuer-die-hochzeit\/hochzeitslocations\/hochzeitslocation-schlosshotel-molkenkur\/"]}]},{"@type":"ImageObject","inLanguage":"de","@id":"https:\/\/hochzeitshaus-boos.de\/ueber-uns\/alles-fuer-die-hochzeit\/hochzeitslocations\/hochzeitslocation-schlosshotel-molkenkur\/#primaryimage","url":"https:\/\/hochzeitshaus-boos.de\/ueber-uns\/wp-content\/uploads\/2022\/10\/Spiegelsaal.jpg","contentUrl":"https:\/\/hochzeitshaus-boos.de\/ueber-uns\/wp-content\/uploads\/2022\/10\/Spiegelsaal.jpg","width":800,"height":523,"caption":"Spiegelsaal"},{"@type":"BreadcrumbList","@id":"https:\/\/hochzeitshaus-boos.de\/ueber-uns\/alles-fuer-die-hochzeit\/hochzeitslocations\/hochzeitslocation-schlosshotel-molkenkur\/#breadcrumb","itemListElement":[{"@type":"ListItem","position":1,"name":"\u00dcber uns","item":"https:\/\/hochzeitshaus-boos.de\/ueber-uns\/"},{"@type":"ListItem","position":2,"name":"Alles f\u00fcr die Hochzeit","item":"https:\/\/hochzeitshaus-boos.de\/ueber-uns\/alles-fuer-die-hochzeit\/"},{"@type":"ListItem","position":3,"name":"Hochzeitslocations","item":"https:\/\/hochzeitshaus-boos.de\/ueber-uns\/alles-fuer-die-hochzeit\/hochzeitslocations\/"},{"@type":"ListItem","position":4,"name":"Hochzeitslocation Schlosshotel Molkenkur"}]},{"@type":"WebSite","@id":"https:\/\/hochzeitshaus-boos.de\/ueber-uns\/#website","url":"https:\/\/hochzeitshaus-boos.de\/ueber-uns\/","name":"Hochzeitshaus Boos","description":"In Stuttgart, Mannheim, Karlsruhe und Ingolstadt","publisher":{"@id":"https:\/\/hochzeitshaus-boos.de\/ueber-uns\/#organization"},"potentialAction":[{"@type":"SearchAction","target":{"@type":"EntryPoint","urlTemplate":"https:\/\/hochzeitshaus-boos.de\/ueber-uns\/?s={search_term_string}"},"query-input":{"@type":"PropertyValueSpecification","valueRequired":true,"valueName":"search_term_string"}}],"inLanguage":"de"},{"@type":"Organization","@id":"https:\/\/hochzeitshaus-boos.de\/ueber-uns\/#organization","name":"Hochzeitshaus Boos","url":"https:\/\/hochzeitshaus-boos.de\/ueber-uns\/","logo":{"@type":"ImageObject","inLanguage":"de","@id":"https:\/\/hochzeitshaus-boos.de\/ueber-uns\/#\/schema\/logo\/image\/","url":"https:\/\/hochzeitshaus-boos.de\/ueber-uns\/wp-content\/uploads\/2022\/09\/boos-hochzeitshaus-logo.svg","contentUrl":"https:\/\/hochzeitshaus-boos.de\/ueber-uns\/wp-content\/uploads\/2022\/09\/boos-hochzeitshaus-logo.svg","width":179,"height":100,"caption":"Hochzeitshaus Boos"},"image":{"@id":"https:\/\/hochzeitshaus-boos.de\/ueber-uns\/#\/schema\/logo\/image\/"},"sameAs":["https:\/\/www.facebook.com\/hochzeitshaus.boos\/","https:\/\/x.com\/hh_boos_de"]}]}},"_links":{"self":[{"href":"https:\/\/hochzeitshaus-boos.de\/ueber-uns\/wp-json\/wp\/v2\/pages\/9627","targetHints":{"allow":["GET"]}}],"collection":[{"href":"https:\/\/hochzeitshaus-boos.de\/ueber-uns\/wp-json\/wp\/v2\/pages"}],"about":[{"href":"https:\/\/hochzeitshaus-boos.de\/ueber-uns\/wp-json\/wp\/v2\/types\/page"}],"author":[{"embeddable":true,"href":"https:\/\/hochzeitshaus-boos.de\/ueber-uns\/wp-json\/wp\/v2\/users\/1"}],"replies":[{"embeddable":true,"href":"https:\/\/hochzeitshaus-boos.de\/ueber-uns\/wp-json\/wp\/v2\/comments?post=9627"}],"version-history":[{"count":0,"href":"https:\/\/hochzeitshaus-boos.de\/ueber-uns\/wp-json\/wp\/v2\/pages\/9627\/revisions"}],"up":[{"embeddable":true,"href":"https:\/\/hochzeitshaus-boos.de\/ueber-uns\/wp-json\/wp\/v2\/pages\/3881"}],"wp:attachment":[{"href":"https:\/\/hochzeitshaus-boos.de\/ueber-uns\/wp-json\/wp\/v2\/media?parent=9627"}],"curies":[{"name":"wp","href":"https:\/\/api.w.org\/{rel}","templated":true}]}}