{"id":9511,"date":"2022-10-05T14:30:07","date_gmt":"2022-10-05T12:30:07","guid":{"rendered":"https:\/\/hochzeitshaus-boos.de\/ueber-uns\/?page_id=9511"},"modified":"2023-09-19T19:46:56","modified_gmt":"2023-09-19T17:46:56","slug":"catering-baden-wuertemberg","status":"publish","type":"page","link":"https:\/\/hochzeitshaus-boos.de\/ueber-uns\/alles-fuer-die-hochzeit\/hochzeits-catering\/catering-baden-wuertemberg\/","title":{"rendered":"Freetime Events"},"content":{"rendered":"\t\t<div data-elementor-type=\"wp-page\" data-elementor-id=\"9511\" class=\"elementor elementor-9511\" data-elementor-post-type=\"page\">\n\t\t\t\t\t\t<section class=\"elementor-section elementor-top-section elementor-element elementor-element-0ff7a5f elementor-section-boxed elementor-section-height-default elementor-section-height-default\" data-id=\"0ff7a5f\" data-element_type=\"section\" data-e-type=\"section\" data-settings=\"{&quot;background_background&quot;:&quot;classic&quot;}\">\n\t\t\t\t\t\t<div class=\"elementor-container elementor-column-gap-default\">\n\t\t\t\t\t<div class=\"elementor-column elementor-col-100 elementor-top-column elementor-element elementor-element-7fc743f\" data-id=\"7fc743f\" data-element_type=\"column\" data-e-type=\"column\">\n\t\t\t<div class=\"elementor-widget-wrap elementor-element-populated\">\n\t\t\t\t\t\t<div class=\"elementor-element elementor-element-2085ef4 elementor-widget elementor-widget-theme-post-title elementor-page-title elementor-widget-heading\" data-id=\"2085ef4\" data-element_type=\"widget\" data-e-type=\"widget\" data-widget_type=\"theme-post-title.default\">\n\t\t\t\t<div class=\"elementor-widget-container\">\n\t\t\t\t\t<h1 class=\"elementor-heading-title elementor-size-default\">Freetime Events<\/h1>\t\t\t\t<\/div>\n\t\t\t\t<\/div>\n\t\t\t\t<div class=\"elementor-element elementor-element-9d1c16f elementor-icon-list--layout-traditional elementor-list-item-link-full_width elementor-widget elementor-widget-icon-list\" data-id=\"9d1c16f\" data-element_type=\"widget\" data-e-type=\"widget\" data-widget_type=\"icon-list.default\">\n\t\t\t\t<div class=\"elementor-widget-container\">\n\t\t\t\t\t\t\t<ul class=\"elementor-icon-list-items\">\n\t\t\t\t\t\t\t<li class=\"elementor-icon-list-item\">\n\t\t\t\t\t\t\t\t\t\t\t<a href=\"https:\/\/hochzeitshaus-boos.de\/ueber-uns\/alles-fuer-die-hochzeit\/\">\n\n\t\t\t\t\t\t\t\t\t\t\t\t<span class=\"elementor-icon-list-icon\">\n\t\t\t\t\t\t\t<i aria-hidden=\"true\" class=\"fas fa-info-circle\"><\/i>\t\t\t\t\t\t<\/span>\n\t\t\t\t\t\t\t\t\t\t<span class=\"elementor-icon-list-text\">Alles f\u00fcr die Hochzeit<\/span>\n\t\t\t\t\t\t\t\t\t\t\t<\/a>\n\t\t\t\t\t\t\t\t\t<\/li>\n\t\t\t\t\t\t<\/ul>\n\t\t\t\t\t\t<\/div>\n\t\t\t\t<\/div>\n\t\t\t\t\t<\/div>\n\t\t<\/div>\n\t\t\t\t\t<\/div>\n\t\t<\/section>\n\t\t\t\t<section class=\"elementor-section elementor-top-section elementor-element elementor-element-79bb79f elementor-reverse-mobile_extra elementor-reverse-mobile elementor-section-boxed elementor-section-height-default elementor-section-height-default\" data-id=\"79bb79f\" data-element_type=\"section\" data-e-type=\"section\">\n\t\t\t\t\t\t<div class=\"elementor-container elementor-column-gap-default\">\n\t\t\t\t\t<div class=\"elementor-column elementor-col-50 elementor-top-column elementor-element elementor-element-6c5b384\" data-id=\"6c5b384\" data-element_type=\"column\" data-e-type=\"column\">\n\t\t\t<div class=\"elementor-widget-wrap elementor-element-populated\">\n\t\t\t\t\t\t<div class=\"elementor-element elementor-element-4b6ca0b elementor-widget__width-inherit elementor-widget-mobile__width-inherit elementor-widget elementor-widget-text-editor\" data-id=\"4b6ca0b\" data-element_type=\"widget\" data-e-type=\"widget\" data-widget_type=\"text-editor.default\">\n\t\t\t\t<div class=\"elementor-widget-container\">\n\t\t\t\t\t\t\t\t\t<div class=\"blog--detail-content blog--box block\"><div class=\"blog--detail-header\"><div class=\"blog--box-metadata\"><p style=\"text-align: center;\"><em>Sie suchen das perfekte Catering? Bei uns sind Sie genau richtig! Freetime Events bietet ihnen alle Leistungen aus einer Hand &#8211; ganz nach Ihrem Bedarf.<\/em><\/p><p style=\"text-align: center;\"><em>Ob Sektempfang, Hochzeit oder Geburtstage wir sorgen f\u00fcr den perfekten kulinarischen Rahmen f\u00fcr Ihre G\u00e4ste. Unsere ansprechend dekorierten H\u00e4ppchen sind der Hingucker f\u00fcr Ihre Veranstaltung. Lassen Sie sich \u00fcberraschen.<\/em><\/p><\/div><\/div><\/div>\t\t\t\t\t\t\t\t<\/div>\n\t\t\t\t<\/div>\n\t\t\t\t<div class=\"elementor-element elementor-element-9f3533d elementor-widget elementor-widget-image-carousel\" data-id=\"9f3533d\" data-element_type=\"widget\" data-e-type=\"widget\" data-settings=\"{&quot;slides_to_show&quot;:&quot;2&quot;,&quot;navigation&quot;:&quot;none&quot;,&quot;autoplay_speed&quot;:4000,&quot;speed&quot;:1500,&quot;image_spacing_custom&quot;:{&quot;unit&quot;:&quot;px&quot;,&quot;size&quot;:15,&quot;sizes&quot;:[]},&quot;autoplay&quot;:&quot;yes&quot;,&quot;pause_on_hover&quot;:&quot;yes&quot;,&quot;pause_on_interaction&quot;:&quot;yes&quot;,&quot;infinite&quot;:&quot;yes&quot;,&quot;image_spacing_custom_widescreen&quot;:{&quot;unit&quot;:&quot;px&quot;,&quot;size&quot;:&quot;&quot;,&quot;sizes&quot;:[]},&quot;image_spacing_custom_laptop&quot;:{&quot;unit&quot;:&quot;px&quot;,&quot;size&quot;:&quot;&quot;,&quot;sizes&quot;:[]},&quot;image_spacing_custom_tablet_extra&quot;:{&quot;unit&quot;:&quot;px&quot;,&quot;size&quot;:&quot;&quot;,&quot;sizes&quot;:[]},&quot;image_spacing_custom_tablet&quot;:{&quot;unit&quot;:&quot;px&quot;,&quot;size&quot;:&quot;&quot;,&quot;sizes&quot;:[]},&quot;image_spacing_custom_mobile_extra&quot;:{&quot;unit&quot;:&quot;px&quot;,&quot;size&quot;:&quot;&quot;,&quot;sizes&quot;:[]},&quot;image_spacing_custom_mobile&quot;:{&quot;unit&quot;:&quot;px&quot;,&quot;size&quot;:&quot;&quot;,&quot;sizes&quot;:[]}}\" data-widget_type=\"image-carousel.default\">\n\t\t\t\t<div class=\"elementor-widget-container\">\n\t\t\t\t\t\t\t<div class=\"elementor-image-carousel-wrapper swiper\" role=\"region\" aria-roledescription=\"carousel\" aria-label=\"Bild Karussell\" dir=\"ltr\">\n\t\t\t<div class=\"elementor-image-carousel swiper-wrapper swiper-image-stretch\" aria-live=\"off\">\n\t\t\t\t\t\t\t\t<div class=\"swiper-slide\" role=\"group\" aria-roledescription=\"slide\" aria-label=\"1 von 6\"><figure class=\"swiper-slide-inner\"><img class=\"swiper-slide-image\" src=\"https:\/\/hochzeitshaus-boos.de\/ueber-uns\/wp-content\/uploads\/2022\/10\/1F11GvT6Y3klv4_800x800-300x201.jpg\" alt=\"1F11GvT6Y3klv4 800x800\" \/><\/figure><\/div><div class=\"swiper-slide\" role=\"group\" aria-roledescription=\"slide\" aria-label=\"2 von 6\"><figure class=\"swiper-slide-inner\"><img class=\"swiper-slide-image\" src=\"https:\/\/hochzeitshaus-boos.de\/ueber-uns\/wp-content\/uploads\/2022\/10\/2esg2JjSkFrxyp_800x800-300x200.jpg\" alt=\"2esg2JjSkFrxyp 800x800\" \/><\/figure><\/div><div class=\"swiper-slide\" role=\"group\" aria-roledescription=\"slide\" aria-label=\"3 von 6\"><figure class=\"swiper-slide-inner\"><img class=\"swiper-slide-image\" src=\"https:\/\/hochzeitshaus-boos.de\/ueber-uns\/wp-content\/uploads\/2022\/10\/3quTX3f2YTkzTK_800x800-300x200.jpg\" alt=\"3quTX3f2YTkzTK 800x800\" \/><\/figure><\/div><div class=\"swiper-slide\" role=\"group\" aria-roledescription=\"slide\" aria-label=\"4 von 6\"><figure class=\"swiper-slide-inner\"><img class=\"swiper-slide-image\" src=\"https:\/\/hochzeitshaus-boos.de\/ueber-uns\/wp-content\/uploads\/2022\/10\/4jBvmCrsw2KmOs_800x800-300x200.jpg\" alt=\"4jBvmCrsw2KmOs 800x800\" \/><\/figure><\/div><div class=\"swiper-slide\" role=\"group\" aria-roledescription=\"slide\" aria-label=\"5 von 6\"><figure class=\"swiper-slide-inner\"><img class=\"swiper-slide-image\" src=\"https:\/\/hochzeitshaus-boos.de\/ueber-uns\/wp-content\/uploads\/2022\/10\/5_800x800-300x201.jpg\" alt=\"5 800x800\" \/><\/figure><\/div><div class=\"swiper-slide\" role=\"group\" aria-roledescription=\"slide\" aria-label=\"6 von 6\"><figure class=\"swiper-slide-inner\"><img class=\"swiper-slide-image\" src=\"https:\/\/hochzeitshaus-boos.de\/ueber-uns\/wp-content\/uploads\/2022\/10\/6_800x800-300x200.jpg\" alt=\"6 800x800\" \/><\/figure><\/div>\t\t\t<\/div>\n\t\t\t\t\t\t\t\n\t\t\t\t\t\t\t\t\t<\/div>\n\t\t\t\t\t\t<\/div>\n\t\t\t\t<\/div>\n\t\t\t\t<div class=\"elementor-element elementor-element-93e969d elementor-widget__width-inherit elementor-widget-mobile__width-inherit elementor-widget elementor-widget-text-editor\" data-id=\"93e969d\" data-element_type=\"widget\" data-e-type=\"widget\" data-widget_type=\"text-editor.default\">\n\t\t\t\t<div class=\"elementor-widget-container\">\n\t\t\t\t\t\t\t\t\t<div class=\"blog--detail-content blog--box block\"><div class=\"blog--detail-header\"><div class=\"blog--box-metadata\"><p style=\"text-align: center;\"><em>Mit unserem neuen BBQ-Catering grillen wir gerne bei Ihnen vor Ort und verw\u00f6hnen Sie und Ihre G\u00e4ste mit unwiderstehlichen K\u00f6stlichkeiten vom Grill und bestem rundum Service.<\/em><\/p><p style=\"text-align: center;\"><em>Buchen Sie gerne auch unsere beliebte mobile Cocktailbar. Unser Cocktailservice sorgt f\u00fcr einen einzigartigen und unvergesslichen Abend, den Sie mit Ihren G\u00e4sten in vollen Z\u00fcgen genie\u00dfen k\u00f6nnen.<\/em><\/p><p style=\"text-align: center;\">Z\u00f6gern Sie nicht und buchen Sie jetzt unser BBQ-Catering, mit schmackhaften und unwiderstehlichen K\u00f6stlichkeiten vom Grill.\u00a0<\/p><p style=\"text-align: center;\"><strong>Freetime Events<\/strong><\/p><\/div><\/div><\/div>\t\t\t\t\t\t\t\t<\/div>\n\t\t\t\t<\/div>\n\t\t\t\t\t<\/div>\n\t\t<\/div>\n\t\t\t\t<div class=\"elementor-column elementor-col-50 elementor-top-column elementor-element elementor-element-d7ba22c\" data-id=\"d7ba22c\" data-element_type=\"column\" data-e-type=\"column\">\n\t\t\t<div class=\"elementor-widget-wrap elementor-element-populated\">\n\t\t\t\t\t\t<div class=\"elementor-element elementor-element-666faf2 elementor-widget elementor-widget-image\" data-id=\"666faf2\" data-element_type=\"widget\" data-e-type=\"widget\" data-widget_type=\"image.default\">\n\t\t\t\t<div class=\"elementor-widget-container\">\n\t\t\t\t\t\t\t\t\t\t\t\t\t\t\t<img width=\"693\" height=\"255\" src=\"https:\/\/hochzeitshaus-boos.de\/ueber-uns\/wp-content\/uploads\/2022\/10\/freetime_events-RZ_version_1.png\" class=\"attachment-full size-full wp-image-9617\" alt=\"freetime events RZ version 1\" srcset=\"https:\/\/hochzeitshaus-boos.de\/ueber-uns\/wp-content\/uploads\/2022\/10\/freetime_events-RZ_version_1.png 693w, https:\/\/hochzeitshaus-boos.de\/ueber-uns\/wp-content\/uploads\/2022\/10\/freetime_events-RZ_version_1-300x110.png 300w\" sizes=\"(max-width: 693px) 100vw, 693px\" \/>\t\t\t\t\t\t\t\t\t\t\t\t\t\t\t<\/div>\n\t\t\t\t<\/div>\n\t\t\t\t\t<\/div>\n\t\t<\/div>\n\t\t\t\t\t<\/div>\n\t\t<\/section>\n\t\t\t\t<\/div>\n\t\t","protected":false},"excerpt":{"rendered":"<p>Alles f\u00fcr die Hochzeit Sie suchen das perfekte Catering? Bei uns sind Sie genau richtig! Freetime Events bietet ihnen alle Leistungen aus einer Hand &#8211; ganz nach Ihrem Bedarf. Ob Sektempfang, Hochzeit oder Geburtstage wir sorgen f\u00fcr den perfekten kulinarischen Rahmen f\u00fcr Ihre G\u00e4ste. Unsere ansprechend dekorierten H\u00e4ppchen sind der Hingucker f\u00fcr Ihre Veranstaltung. Lassen [&hellip;]<\/p>\n","protected":false},"author":1,"featured_media":0,"parent":10632,"menu_order":0,"comment_status":"closed","ping_status":"closed","template":"elementor_header_footer","meta":{"site-sidebar-layout":"no-sidebar","site-content-layout":"page-builder","ast-site-content-layout":"default","site-content-style":"default","site-sidebar-style":"default","ast-global-header-display":"disabled","ast-banner-title-visibility":"","ast-main-header-display":"","ast-hfb-above-header-display":"","ast-hfb-below-header-display":"","ast-hfb-mobile-header-display":"","site-post-title":"disabled","ast-breadcrumbs-content":"","ast-featured-img":"disabled","footer-sml-layout":"disabled","ast-disable-related-posts":"","theme-transparent-header-meta":"","adv-header-id-meta":"","stick-header-meta":"","header-above-stick-meta":"","header-main-stick-meta":"","header-below-stick-meta":"","astra-migrate-meta-layouts":"default","ast-page-background-enabled":"default","ast-page-background-meta":{"desktop":{"background-color":"var(--ast-global-color-4)","background-image":"","background-repeat":"repeat","background-position":"center center","background-size":"auto","background-attachment":"scroll","background-type":"","background-media":"","overlay-type":"","overlay-color":"","overlay-opacity":"","overlay-gradient":""},"tablet":{"background-color":"","background-image":"","background-repeat":"repeat","background-position":"center center","background-size":"auto","background-attachment":"scroll","background-type":"","background-media":"","overlay-type":"","overlay-color":"","overlay-opacity":"","overlay-gradient":""},"mobile":{"background-color":"","background-image":"","background-repeat":"repeat","background-position":"center center","background-size":"auto","background-attachment":"scroll","background-type":"","background-media":"","overlay-type":"","overlay-color":"","overlay-opacity":"","overlay-gradient":""}},"ast-content-background-meta":{"desktop":{"background-color":"var(--ast-global-color-5)","background-image":"","background-repeat":"repeat","background-position":"center center","background-size":"auto","background-attachment":"scroll","background-type":"","background-media":"","overlay-type":"","overlay-color":"","overlay-opacity":"","overlay-gradient":""},"tablet":{"background-color":"var(--ast-global-color-5)","background-image":"","background-repeat":"repeat","background-position":"center center","background-size":"auto","background-attachment":"scroll","background-type":"","background-media":"","overlay-type":"","overlay-color":"","overlay-opacity":"","overlay-gradient":""},"mobile":{"background-color":"var(--ast-global-color-5)","background-image":"","background-repeat":"repeat","background-position":"center center","background-size":"auto","background-attachment":"scroll","background-type":"","background-media":"","overlay-type":"","overlay-color":"","overlay-opacity":"","overlay-gradient":""}},"footnotes":""},"class_list":["post-9511","page","type-page","status-publish","hentry"],"yoast_head":"<!-- This site is optimized with the Yoast SEO plugin v27.3 - https:\/\/yoast.com\/product\/yoast-seo-wordpress\/ -->\n<title>Catering Baden W\u00fcrtemberg | Brautmoden Boos<\/title>\n<meta name=\"description\" content=\"Freetime Events bietet Ihnen f\u00fcr Ihre Veranstaltung neben leckerem Fingerfood &amp; Cocktailcatering auch Live Cooking am Grill.\" \/>\n<meta name=\"robots\" content=\"index, follow, max-snippet:-1, max-image-preview:large, max-video-preview:-1\" \/>\n<link rel=\"canonical\" href=\"https:\/\/hochzeitshaus-boos.de\/ueber-uns\/alles-fuer-die-hochzeit\/hochzeits-catering\/catering-baden-wuertemberg\/\" \/>\n<meta property=\"og:locale\" content=\"de_DE\" \/>\n<meta property=\"og:type\" content=\"article\" \/>\n<meta property=\"og:title\" content=\"Catering Baden W\u00fcrtemberg | Brautmoden Boos\" \/>\n<meta property=\"og:description\" content=\"Freetime Events bietet Ihnen f\u00fcr Ihre Veranstaltung neben leckerem Fingerfood &amp; Cocktailcatering auch Live Cooking am Grill.\" \/>\n<meta property=\"og:url\" content=\"https:\/\/hochzeitshaus-boos.de\/ueber-uns\/alles-fuer-die-hochzeit\/hochzeits-catering\/catering-baden-wuertemberg\/\" \/>\n<meta property=\"og:site_name\" content=\"Hochzeitshaus Boos\" \/>\n<meta property=\"article:publisher\" content=\"https:\/\/www.facebook.com\/hochzeitshaus.boos\/\" \/>\n<meta property=\"article:modified_time\" content=\"2023-09-19T17:46:56+00:00\" \/>\n<meta property=\"og:image\" content=\"https:\/\/hochzeitshaus-boos.de\/ueber-uns\/wp-content\/uploads\/2022\/10\/1F11GvT6Y3klv4_800x800-300x201.jpg\" \/>\n<meta name=\"twitter:card\" content=\"summary_large_image\" \/>\n<meta name=\"twitter:site\" content=\"@hh_boos_de\" \/>\n<script type=\"application\/ld+json\" class=\"yoast-schema-graph\">{\"@context\":\"https:\\\/\\\/schema.org\",\"@graph\":[{\"@type\":\"WebPage\",\"@id\":\"https:\\\/\\\/hochzeitshaus-boos.de\\\/ueber-uns\\\/alles-fuer-die-hochzeit\\\/hochzeits-catering\\\/catering-baden-wuertemberg\\\/\",\"url\":\"https:\\\/\\\/hochzeitshaus-boos.de\\\/ueber-uns\\\/alles-fuer-die-hochzeit\\\/hochzeits-catering\\\/catering-baden-wuertemberg\\\/\",\"name\":\"Catering Baden W\u00fcrtemberg | Brautmoden Boos\",\"isPartOf\":{\"@id\":\"https:\\\/\\\/hochzeitshaus-boos.de\\\/ueber-uns\\\/#website\"},\"primaryImageOfPage\":{\"@id\":\"https:\\\/\\\/hochzeitshaus-boos.de\\\/ueber-uns\\\/alles-fuer-die-hochzeit\\\/hochzeits-catering\\\/catering-baden-wuertemberg\\\/#primaryimage\"},\"image\":{\"@id\":\"https:\\\/\\\/hochzeitshaus-boos.de\\\/ueber-uns\\\/alles-fuer-die-hochzeit\\\/hochzeits-catering\\\/catering-baden-wuertemberg\\\/#primaryimage\"},\"thumbnailUrl\":\"https:\\\/\\\/hochzeitshaus-boos.de\\\/ueber-uns\\\/wp-content\\\/uploads\\\/2022\\\/10\\\/1F11GvT6Y3klv4_800x800-300x201.jpg\",\"datePublished\":\"2022-10-05T12:30:07+00:00\",\"dateModified\":\"2023-09-19T17:46:56+00:00\",\"description\":\"Freetime Events bietet Ihnen f\u00fcr Ihre Veranstaltung neben leckerem Fingerfood & Cocktailcatering auch Live Cooking am Grill.\",\"breadcrumb\":{\"@id\":\"https:\\\/\\\/hochzeitshaus-boos.de\\\/ueber-uns\\\/alles-fuer-die-hochzeit\\\/hochzeits-catering\\\/catering-baden-wuertemberg\\\/#breadcrumb\"},\"inLanguage\":\"de\",\"potentialAction\":[{\"@type\":\"ReadAction\",\"target\":[\"https:\\\/\\\/hochzeitshaus-boos.de\\\/ueber-uns\\\/alles-fuer-die-hochzeit\\\/hochzeits-catering\\\/catering-baden-wuertemberg\\\/\"]}]},{\"@type\":\"ImageObject\",\"inLanguage\":\"de\",\"@id\":\"https:\\\/\\\/hochzeitshaus-boos.de\\\/ueber-uns\\\/alles-fuer-die-hochzeit\\\/hochzeits-catering\\\/catering-baden-wuertemberg\\\/#primaryimage\",\"url\":\"https:\\\/\\\/hochzeitshaus-boos.de\\\/ueber-uns\\\/wp-content\\\/uploads\\\/2022\\\/10\\\/1F11GvT6Y3klv4_800x800.jpg\",\"contentUrl\":\"https:\\\/\\\/hochzeitshaus-boos.de\\\/ueber-uns\\\/wp-content\\\/uploads\\\/2022\\\/10\\\/1F11GvT6Y3klv4_800x800.jpg\",\"width\":395,\"height\":264,\"caption\":\"1F11GvT6Y3klv4 800x800\"},{\"@type\":\"BreadcrumbList\",\"@id\":\"https:\\\/\\\/hochzeitshaus-boos.de\\\/ueber-uns\\\/alles-fuer-die-hochzeit\\\/hochzeits-catering\\\/catering-baden-wuertemberg\\\/#breadcrumb\",\"itemListElement\":[{\"@type\":\"ListItem\",\"position\":1,\"name\":\"\u00dcber uns\",\"item\":\"https:\\\/\\\/hochzeitshaus-boos.de\\\/ueber-uns\\\/\"},{\"@type\":\"ListItem\",\"position\":2,\"name\":\"Alles f\u00fcr die Hochzeit\",\"item\":\"https:\\\/\\\/hochzeitshaus-boos.de\\\/ueber-uns\\\/alles-fuer-die-hochzeit\\\/\"},{\"@type\":\"ListItem\",\"position\":3,\"name\":\"Hochzeits Catering\",\"item\":\"https:\\\/\\\/hochzeitshaus-boos.de\\\/ueber-uns\\\/alles-fuer-die-hochzeit\\\/hochzeits-catering\\\/\"},{\"@type\":\"ListItem\",\"position\":4,\"name\":\"Freetime Events\"}]},{\"@type\":\"WebSite\",\"@id\":\"https:\\\/\\\/hochzeitshaus-boos.de\\\/ueber-uns\\\/#website\",\"url\":\"https:\\\/\\\/hochzeitshaus-boos.de\\\/ueber-uns\\\/\",\"name\":\"Hochzeitshaus Boos\",\"description\":\"In Stuttgart, Mannheim, Karlsruhe und Ingolstadt\",\"publisher\":{\"@id\":\"https:\\\/\\\/hochzeitshaus-boos.de\\\/ueber-uns\\\/#organization\"},\"potentialAction\":[{\"@type\":\"SearchAction\",\"target\":{\"@type\":\"EntryPoint\",\"urlTemplate\":\"https:\\\/\\\/hochzeitshaus-boos.de\\\/ueber-uns\\\/?s={search_term_string}\"},\"query-input\":{\"@type\":\"PropertyValueSpecification\",\"valueRequired\":true,\"valueName\":\"search_term_string\"}}],\"inLanguage\":\"de\"},{\"@type\":\"Organization\",\"@id\":\"https:\\\/\\\/hochzeitshaus-boos.de\\\/ueber-uns\\\/#organization\",\"name\":\"Hochzeitshaus Boos\",\"url\":\"https:\\\/\\\/hochzeitshaus-boos.de\\\/ueber-uns\\\/\",\"logo\":{\"@type\":\"ImageObject\",\"inLanguage\":\"de\",\"@id\":\"https:\\\/\\\/hochzeitshaus-boos.de\\\/ueber-uns\\\/#\\\/schema\\\/logo\\\/image\\\/\",\"url\":\"https:\\\/\\\/hochzeitshaus-boos.de\\\/ueber-uns\\\/wp-content\\\/uploads\\\/2022\\\/09\\\/boos-hochzeitshaus-logo.svg\",\"contentUrl\":\"https:\\\/\\\/hochzeitshaus-boos.de\\\/ueber-uns\\\/wp-content\\\/uploads\\\/2022\\\/09\\\/boos-hochzeitshaus-logo.svg\",\"width\":179,\"height\":100,\"caption\":\"Hochzeitshaus Boos\"},\"image\":{\"@id\":\"https:\\\/\\\/hochzeitshaus-boos.de\\\/ueber-uns\\\/#\\\/schema\\\/logo\\\/image\\\/\"},\"sameAs\":[\"https:\\\/\\\/www.facebook.com\\\/hochzeitshaus.boos\\\/\",\"https:\\\/\\\/x.com\\\/hh_boos_de\"]}]}<\/script>\n<!-- \/ Yoast SEO plugin. -->","yoast_head_json":{"title":"Catering Baden W\u00fcrtemberg | Brautmoden Boos","description":"Freetime Events bietet Ihnen f\u00fcr Ihre Veranstaltung neben leckerem Fingerfood & Cocktailcatering auch Live Cooking am Grill.","robots":{"index":"index","follow":"follow","max-snippet":"max-snippet:-1","max-image-preview":"max-image-preview:large","max-video-preview":"max-video-preview:-1"},"canonical":"https:\/\/hochzeitshaus-boos.de\/ueber-uns\/alles-fuer-die-hochzeit\/hochzeits-catering\/catering-baden-wuertemberg\/","og_locale":"de_DE","og_type":"article","og_title":"Catering Baden W\u00fcrtemberg | Brautmoden Boos","og_description":"Freetime Events bietet Ihnen f\u00fcr Ihre Veranstaltung neben leckerem Fingerfood & Cocktailcatering auch Live Cooking am Grill.","og_url":"https:\/\/hochzeitshaus-boos.de\/ueber-uns\/alles-fuer-die-hochzeit\/hochzeits-catering\/catering-baden-wuertemberg\/","og_site_name":"Hochzeitshaus Boos","article_publisher":"https:\/\/www.facebook.com\/hochzeitshaus.boos\/","article_modified_time":"2023-09-19T17:46:56+00:00","og_image":[{"url":"https:\/\/hochzeitshaus-boos.de\/ueber-uns\/wp-content\/uploads\/2022\/10\/1F11GvT6Y3klv4_800x800-300x201.jpg","type":"","width":"","height":""}],"twitter_card":"summary_large_image","twitter_site":"@hh_boos_de","schema":{"@context":"https:\/\/schema.org","@graph":[{"@type":"WebPage","@id":"https:\/\/hochzeitshaus-boos.de\/ueber-uns\/alles-fuer-die-hochzeit\/hochzeits-catering\/catering-baden-wuertemberg\/","url":"https:\/\/hochzeitshaus-boos.de\/ueber-uns\/alles-fuer-die-hochzeit\/hochzeits-catering\/catering-baden-wuertemberg\/","name":"Catering Baden W\u00fcrtemberg | Brautmoden Boos","isPartOf":{"@id":"https:\/\/hochzeitshaus-boos.de\/ueber-uns\/#website"},"primaryImageOfPage":{"@id":"https:\/\/hochzeitshaus-boos.de\/ueber-uns\/alles-fuer-die-hochzeit\/hochzeits-catering\/catering-baden-wuertemberg\/#primaryimage"},"image":{"@id":"https:\/\/hochzeitshaus-boos.de\/ueber-uns\/alles-fuer-die-hochzeit\/hochzeits-catering\/catering-baden-wuertemberg\/#primaryimage"},"thumbnailUrl":"https:\/\/hochzeitshaus-boos.de\/ueber-uns\/wp-content\/uploads\/2022\/10\/1F11GvT6Y3klv4_800x800-300x201.jpg","datePublished":"2022-10-05T12:30:07+00:00","dateModified":"2023-09-19T17:46:56+00:00","description":"Freetime Events bietet Ihnen f\u00fcr Ihre Veranstaltung neben leckerem Fingerfood & Cocktailcatering auch Live Cooking am Grill.","breadcrumb":{"@id":"https:\/\/hochzeitshaus-boos.de\/ueber-uns\/alles-fuer-die-hochzeit\/hochzeits-catering\/catering-baden-wuertemberg\/#breadcrumb"},"inLanguage":"de","potentialAction":[{"@type":"ReadAction","target":["https:\/\/hochzeitshaus-boos.de\/ueber-uns\/alles-fuer-die-hochzeit\/hochzeits-catering\/catering-baden-wuertemberg\/"]}]},{"@type":"ImageObject","inLanguage":"de","@id":"https:\/\/hochzeitshaus-boos.de\/ueber-uns\/alles-fuer-die-hochzeit\/hochzeits-catering\/catering-baden-wuertemberg\/#primaryimage","url":"https:\/\/hochzeitshaus-boos.de\/ueber-uns\/wp-content\/uploads\/2022\/10\/1F11GvT6Y3klv4_800x800.jpg","contentUrl":"https:\/\/hochzeitshaus-boos.de\/ueber-uns\/wp-content\/uploads\/2022\/10\/1F11GvT6Y3klv4_800x800.jpg","width":395,"height":264,"caption":"1F11GvT6Y3klv4 800x800"},{"@type":"BreadcrumbList","@id":"https:\/\/hochzeitshaus-boos.de\/ueber-uns\/alles-fuer-die-hochzeit\/hochzeits-catering\/catering-baden-wuertemberg\/#breadcrumb","itemListElement":[{"@type":"ListItem","position":1,"name":"\u00dcber uns","item":"https:\/\/hochzeitshaus-boos.de\/ueber-uns\/"},{"@type":"ListItem","position":2,"name":"Alles f\u00fcr die Hochzeit","item":"https:\/\/hochzeitshaus-boos.de\/ueber-uns\/alles-fuer-die-hochzeit\/"},{"@type":"ListItem","position":3,"name":"Hochzeits Catering","item":"https:\/\/hochzeitshaus-boos.de\/ueber-uns\/alles-fuer-die-hochzeit\/hochzeits-catering\/"},{"@type":"ListItem","position":4,"name":"Freetime Events"}]},{"@type":"WebSite","@id":"https:\/\/hochzeitshaus-boos.de\/ueber-uns\/#website","url":"https:\/\/hochzeitshaus-boos.de\/ueber-uns\/","name":"Hochzeitshaus Boos","description":"In Stuttgart, Mannheim, Karlsruhe und Ingolstadt","publisher":{"@id":"https:\/\/hochzeitshaus-boos.de\/ueber-uns\/#organization"},"potentialAction":[{"@type":"SearchAction","target":{"@type":"EntryPoint","urlTemplate":"https:\/\/hochzeitshaus-boos.de\/ueber-uns\/?s={search_term_string}"},"query-input":{"@type":"PropertyValueSpecification","valueRequired":true,"valueName":"search_term_string"}}],"inLanguage":"de"},{"@type":"Organization","@id":"https:\/\/hochzeitshaus-boos.de\/ueber-uns\/#organization","name":"Hochzeitshaus Boos","url":"https:\/\/hochzeitshaus-boos.de\/ueber-uns\/","logo":{"@type":"ImageObject","inLanguage":"de","@id":"https:\/\/hochzeitshaus-boos.de\/ueber-uns\/#\/schema\/logo\/image\/","url":"https:\/\/hochzeitshaus-boos.de\/ueber-uns\/wp-content\/uploads\/2022\/09\/boos-hochzeitshaus-logo.svg","contentUrl":"https:\/\/hochzeitshaus-boos.de\/ueber-uns\/wp-content\/uploads\/2022\/09\/boos-hochzeitshaus-logo.svg","width":179,"height":100,"caption":"Hochzeitshaus Boos"},"image":{"@id":"https:\/\/hochzeitshaus-boos.de\/ueber-uns\/#\/schema\/logo\/image\/"},"sameAs":["https:\/\/www.facebook.com\/hochzeitshaus.boos\/","https:\/\/x.com\/hh_boos_de"]}]}},"_links":{"self":[{"href":"https:\/\/hochzeitshaus-boos.de\/ueber-uns\/wp-json\/wp\/v2\/pages\/9511","targetHints":{"allow":["GET"]}}],"collection":[{"href":"https:\/\/hochzeitshaus-boos.de\/ueber-uns\/wp-json\/wp\/v2\/pages"}],"about":[{"href":"https:\/\/hochzeitshaus-boos.de\/ueber-uns\/wp-json\/wp\/v2\/types\/page"}],"author":[{"embeddable":true,"href":"https:\/\/hochzeitshaus-boos.de\/ueber-uns\/wp-json\/wp\/v2\/users\/1"}],"replies":[{"embeddable":true,"href":"https:\/\/hochzeitshaus-boos.de\/ueber-uns\/wp-json\/wp\/v2\/comments?post=9511"}],"version-history":[{"count":0,"href":"https:\/\/hochzeitshaus-boos.de\/ueber-uns\/wp-json\/wp\/v2\/pages\/9511\/revisions"}],"up":[{"embeddable":true,"href":"https:\/\/hochzeitshaus-boos.de\/ueber-uns\/wp-json\/wp\/v2\/pages\/10632"}],"wp:attachment":[{"href":"https:\/\/hochzeitshaus-boos.de\/ueber-uns\/wp-json\/wp\/v2\/media?parent=9511"}],"curies":[{"name":"wp","href":"https:\/\/api.w.org\/{rel}","templated":true}]}}