{"id":9349,"date":"2022-10-05T11:29:46","date_gmt":"2022-10-05T09:29:46","guid":{"rendered":"https:\/\/hochzeitshaus-boos.de\/ueber-uns\/?page_id=9349"},"modified":"2023-09-19T20:16:08","modified_gmt":"2023-09-19T18:16:08","slug":"cp-wedding","status":"publish","type":"page","link":"https:\/\/hochzeitshaus-boos.de\/ueber-uns\/alles-fuer-die-hochzeit\/hochzeits-videografen\/cp-wedding\/","title":{"rendered":"CP-WEDDING"},"content":{"rendered":"\t\t<div data-elementor-type=\"wp-page\" data-elementor-id=\"9349\" class=\"elementor elementor-9349\" data-elementor-post-type=\"page\">\n\t\t\t\t\t\t<section class=\"elementor-section elementor-top-section elementor-element elementor-element-0ff7a5f elementor-section-boxed elementor-section-height-default elementor-section-height-default\" data-id=\"0ff7a5f\" data-element_type=\"section\" data-e-type=\"section\" data-settings=\"{&quot;background_background&quot;:&quot;classic&quot;}\">\n\t\t\t\t\t\t<div class=\"elementor-container elementor-column-gap-default\">\n\t\t\t\t\t<div class=\"elementor-column elementor-col-100 elementor-top-column elementor-element elementor-element-7fc743f\" data-id=\"7fc743f\" data-element_type=\"column\" data-e-type=\"column\">\n\t\t\t<div class=\"elementor-widget-wrap elementor-element-populated\">\n\t\t\t\t\t\t<div class=\"elementor-element elementor-element-2085ef4 elementor-widget elementor-widget-theme-post-title elementor-page-title elementor-widget-heading\" data-id=\"2085ef4\" data-element_type=\"widget\" data-e-type=\"widget\" data-widget_type=\"theme-post-title.default\">\n\t\t\t\t<div class=\"elementor-widget-container\">\n\t\t\t\t\t<h1 class=\"elementor-heading-title elementor-size-default\">CP-WEDDING<\/h1>\t\t\t\t<\/div>\n\t\t\t\t<\/div>\n\t\t\t\t<div class=\"elementor-element elementor-element-9d1c16f elementor-icon-list--layout-traditional elementor-list-item-link-full_width elementor-widget elementor-widget-icon-list\" data-id=\"9d1c16f\" data-element_type=\"widget\" data-e-type=\"widget\" data-widget_type=\"icon-list.default\">\n\t\t\t\t<div class=\"elementor-widget-container\">\n\t\t\t\t\t\t\t<ul class=\"elementor-icon-list-items\">\n\t\t\t\t\t\t\t<li class=\"elementor-icon-list-item\">\n\t\t\t\t\t\t\t\t\t\t\t<a href=\"https:\/\/hochzeitshaus-boos.de\/ueber-uns\/alles-fuer-die-hochzeit\/\">\n\n\t\t\t\t\t\t\t\t\t\t\t\t<span class=\"elementor-icon-list-icon\">\n\t\t\t\t\t\t\t<i aria-hidden=\"true\" class=\"fas fa-info-circle\"><\/i>\t\t\t\t\t\t<\/span>\n\t\t\t\t\t\t\t\t\t\t<span class=\"elementor-icon-list-text\">Alles f\u00fcr die Hochzeit<\/span>\n\t\t\t\t\t\t\t\t\t\t\t<\/a>\n\t\t\t\t\t\t\t\t\t<\/li>\n\t\t\t\t\t\t<\/ul>\n\t\t\t\t\t\t<\/div>\n\t\t\t\t<\/div>\n\t\t\t\t\t<\/div>\n\t\t<\/div>\n\t\t\t\t\t<\/div>\n\t\t<\/section>\n\t\t\t\t<section class=\"elementor-section elementor-top-section elementor-element elementor-element-79bb79f elementor-reverse-mobile_extra elementor-reverse-mobile elementor-section-boxed elementor-section-height-default elementor-section-height-default\" data-id=\"79bb79f\" data-element_type=\"section\" data-e-type=\"section\">\n\t\t\t\t\t\t<div class=\"elementor-container elementor-column-gap-default\">\n\t\t\t\t\t<div class=\"elementor-column elementor-col-50 elementor-top-column elementor-element elementor-element-6c5b384\" data-id=\"6c5b384\" data-element_type=\"column\" data-e-type=\"column\">\n\t\t\t<div class=\"elementor-widget-wrap elementor-element-populated\">\n\t\t\t\t\t\t<div class=\"elementor-element elementor-element-4b6ca0b elementor-widget__width-inherit elementor-widget-mobile__width-inherit elementor-widget elementor-widget-text-editor\" data-id=\"4b6ca0b\" data-element_type=\"widget\" data-e-type=\"widget\" data-widget_type=\"text-editor.default\">\n\t\t\t\t<div class=\"elementor-widget-container\">\n\t\t\t\t\t\t\t\t\t<div><div><div><p style=\"text-align: center;\"><strong>PROFESSIONELLE HOCHZEITSVIDEO- UND FOTOGRAFIE<\/strong><\/p><p style=\"text-align: center;\"><strong>\u201eEs hei\u00dft ein Bild sagt mehr als tausend Worte. Viele bewegte Bilder aber<\/strong><\/p><p style=\"text-align: center;\"><strong>erz\u00e4hlen erst die ganze Geschichte\u201c<\/strong><\/p><p style=\"text-align: center;\">DER MOMENT EURES LEBENS ALS FILM<\/p><p>\u00a0<\/p><p style=\"text-align: center;\">Hinter CP Wedding stecken wir, Chris und Paul, \u2013 zwei leidenschaftliche<\/p><p style=\"text-align: center;\">Videografen aus dem Mannheimer Raum. Wir erschaffen personalisierte,<\/p><p style=\"text-align: center;\">wundersch\u00f6ne &amp; zeitlose Filme ganz nach Euren Wu\u0308nschen, mit sehr viel Liebe zum Detail.<\/p><p style=\"text-align: center;\">Das Ergebnis ist kein Film von der Stange, sondern ein einzigartiges,<\/p><p style=\"text-align: center;\">unverwechselbares Portrait!<\/p><p style=\"text-align: center;\">Bei der Begleitung Eurer Hochzeit ist uns der pers\u00f6nliche Dialog sehr wichtig, damit<\/p><p style=\"text-align: center;\">wir uns auf Eure individuellen Wu\u0308nsche und Bedu\u0308rfnisse einstellen k\u00f6nnen. Es ist<\/p><p style=\"text-align: center;\">uns ein besonderes Anliegen Eure ganz besonderen Momente dieses Tages im<\/p><p style=\"text-align: center;\">Hintergrund festzuhalten, ohne Eure Feier zu beeintr\u00e4chtigen.<\/p><p style=\"text-align: center;\">Durch unsere Erfahrung sind wir uns der Verantwortung und dem Vertrauen in die<\/p><p style=\"text-align: center;\">H\u00e4nde des Filmteams bei der Begleitung der Hochzeit bewusst. In einem<\/p><p style=\"text-align: center;\">pers\u00f6nlichen Gespr\u00e4ch m\u00f6chten wir mehr u\u0308ber Euch sowie Eure Wu\u0308nsche erfahren<\/p><p style=\"text-align: center;\">und wie wir Euch dabei unterstu\u0308tzen k\u00f6nnen, Euren Tag unvergesslich zu machen.<\/p><p class=\"p1\" style=\"text-align: center;\">Unsere Dienstleistungen beinhalten\u00a0<strong>Videografie, Fotografie<\/strong>\u00a0und<\/p><p class=\"p1\" style=\"text-align: center;\"><strong>Drohnenaufnahmen<\/strong>. Bei unseren selbstgebauten FPV Racing Drohnen handelt es<\/p><p class=\"p1\" style=\"text-align: center;\">sich um ein ganz besonderes Highlight, denn sie fangen Eure Hochzeit aus einem<\/p><p class=\"p1\" style=\"text-align: center;\">Winkel ein, den ihr so noch nicht gesehen habt!<\/p><p class=\"p1\" style=\"text-align: center;\">Ihr wollt den Tag Eures Lebens mit uns planen?<\/p><p class=\"p1\" style=\"text-align: center;\">Wir wollen Euch kennenlernen!<\/p><p class=\"p1\" style=\"text-align: center;\">Vereinbart ein kostenloses und unverbindliches Beratungsgespr\u00e4ch bei uns!<\/p><p class=\"p1\" style=\"text-align: center;\">Mit dem Rabattcode\u00a0<strong>Hochzeitshaus Boos<\/strong>\u00a0spart Ihr 5%!<\/p><p class=\"p1\" style=\"text-align: center;\">\u00a0<\/p><\/div><\/div><\/div>\t\t\t\t\t\t\t\t<\/div>\n\t\t\t\t<\/div>\n\t\t\t\t<div class=\"elementor-element elementor-element-9f3533d elementor-widget elementor-widget-image-carousel\" data-id=\"9f3533d\" data-element_type=\"widget\" data-e-type=\"widget\" data-settings=\"{&quot;slides_to_show&quot;:&quot;2&quot;,&quot;navigation&quot;:&quot;none&quot;,&quot;autoplay_speed&quot;:4000,&quot;speed&quot;:1500,&quot;image_spacing_custom&quot;:{&quot;unit&quot;:&quot;px&quot;,&quot;size&quot;:15,&quot;sizes&quot;:[]},&quot;autoplay&quot;:&quot;yes&quot;,&quot;pause_on_hover&quot;:&quot;yes&quot;,&quot;pause_on_interaction&quot;:&quot;yes&quot;,&quot;infinite&quot;:&quot;yes&quot;,&quot;image_spacing_custom_widescreen&quot;:{&quot;unit&quot;:&quot;px&quot;,&quot;size&quot;:&quot;&quot;,&quot;sizes&quot;:[]},&quot;image_spacing_custom_laptop&quot;:{&quot;unit&quot;:&quot;px&quot;,&quot;size&quot;:&quot;&quot;,&quot;sizes&quot;:[]},&quot;image_spacing_custom_tablet_extra&quot;:{&quot;unit&quot;:&quot;px&quot;,&quot;size&quot;:&quot;&quot;,&quot;sizes&quot;:[]},&quot;image_spacing_custom_tablet&quot;:{&quot;unit&quot;:&quot;px&quot;,&quot;size&quot;:&quot;&quot;,&quot;sizes&quot;:[]},&quot;image_spacing_custom_mobile_extra&quot;:{&quot;unit&quot;:&quot;px&quot;,&quot;size&quot;:&quot;&quot;,&quot;sizes&quot;:[]},&quot;image_spacing_custom_mobile&quot;:{&quot;unit&quot;:&quot;px&quot;,&quot;size&quot;:&quot;&quot;,&quot;sizes&quot;:[]}}\" data-widget_type=\"image-carousel.default\">\n\t\t\t\t<div class=\"elementor-widget-container\">\n\t\t\t\t\t\t\t<div class=\"elementor-image-carousel-wrapper swiper\" role=\"region\" aria-roledescription=\"carousel\" aria-label=\"Bild Karussell\" dir=\"ltr\">\n\t\t\t<div class=\"elementor-image-carousel swiper-wrapper swiper-image-stretch\" aria-live=\"off\">\n\t\t\t\t\t\t\t\t<div class=\"swiper-slide\" role=\"group\" aria-roledescription=\"slide\" aria-label=\"1 von 2\"><figure class=\"swiper-slide-inner\"><img class=\"swiper-slide-image\" src=\"https:\/\/hochzeitshaus-boos.de\/ueber-uns\/wp-content\/uploads\/elementor\/thumbs\/CP-Wedding-Bild-1_800x800-r2re1o4c34u1eou80ito3blqs1v4xxnninxyj70jhc.jpg\" alt=\"CP Wedding Bild 1 800x800\" \/><\/figure><\/div><div class=\"swiper-slide\" role=\"group\" aria-roledescription=\"slide\" aria-label=\"2 von 2\"><figure class=\"swiper-slide-inner\"><img class=\"swiper-slide-image\" src=\"https:\/\/hochzeitshaus-boos.de\/ueber-uns\/wp-content\/uploads\/elementor\/thumbs\/CP-Wedding-Julia-Toni-1-1_800x800-r2re1q00gswm1wrhpjmx8b4nytlvdbv46x8xhqxr4w.jpg\" alt=\"CP Wedding Julia Toni 1 1 800x800\" \/><\/figure><\/div>\t\t\t<\/div>\n\t\t\t\t\t\t\t\n\t\t\t\t\t\t\t\t\t<\/div>\n\t\t\t\t\t\t<\/div>\n\t\t\t\t<\/div>\n\t\t\t\t\t<\/div>\n\t\t<\/div>\n\t\t\t\t<div class=\"elementor-column elementor-col-50 elementor-top-column elementor-element elementor-element-d7ba22c\" data-id=\"d7ba22c\" data-element_type=\"column\" data-e-type=\"column\">\n\t\t\t<div class=\"elementor-widget-wrap elementor-element-populated\">\n\t\t\t\t\t\t<div class=\"elementor-element elementor-element-666faf2 elementor-widget elementor-widget-image\" data-id=\"666faf2\" data-element_type=\"widget\" data-e-type=\"widget\" data-widget_type=\"image.default\">\n\t\t\t\t<div class=\"elementor-widget-container\">\n\t\t\t\t\t\t\t\t\t\t\t\t\t\t\t<img width=\"350\" height=\"142\" src=\"https:\/\/hochzeitshaus-boos.de\/ueber-uns\/wp-content\/uploads\/2022\/10\/CP-Wedding-Logo.jpg\" class=\"attachment-full size-full wp-image-9378\" alt=\"CP Wedding Logo\" srcset=\"https:\/\/hochzeitshaus-boos.de\/ueber-uns\/wp-content\/uploads\/2022\/10\/CP-Wedding-Logo.jpg 350w, https:\/\/hochzeitshaus-boos.de\/ueber-uns\/wp-content\/uploads\/2022\/10\/CP-Wedding-Logo-300x122.jpg 300w\" sizes=\"(max-width: 350px) 100vw, 350px\" \/>\t\t\t\t\t\t\t\t\t\t\t\t\t\t\t<\/div>\n\t\t\t\t<\/div>\n\t\t\t\t\t<\/div>\n\t\t<\/div>\n\t\t\t\t\t<\/div>\n\t\t<\/section>\n\t\t\t\t<\/div>\n\t\t","protected":false},"excerpt":{"rendered":"<p>Alles f\u00fcr die Hochzeit PROFESSIONELLE HOCHZEITSVIDEO- UND FOTOGRAFIE \u201eEs hei\u00dft ein Bild sagt mehr als tausend Worte. Viele bewegte Bilder aber erz\u00e4hlen erst die ganze Geschichte\u201c DER MOMENT EURES LEBENS ALS FILM \u00a0 Hinter CP Wedding stecken wir, Chris und Paul, \u2013 zwei leidenschaftliche Videografen aus dem Mannheimer Raum. Wir erschaffen personalisierte, wundersch\u00f6ne &amp; zeitlose [&hellip;]<\/p>\n","protected":false},"author":1,"featured_media":0,"parent":3872,"menu_order":0,"comment_status":"closed","ping_status":"closed","template":"elementor_header_footer","meta":{"site-sidebar-layout":"no-sidebar","site-content-layout":"page-builder","ast-site-content-layout":"default","site-content-style":"default","site-sidebar-style":"default","ast-global-header-display":"disabled","ast-banner-title-visibility":"","ast-main-header-display":"","ast-hfb-above-header-display":"","ast-hfb-below-header-display":"","ast-hfb-mobile-header-display":"","site-post-title":"disabled","ast-breadcrumbs-content":"","ast-featured-img":"disabled","footer-sml-layout":"disabled","ast-disable-related-posts":"","theme-transparent-header-meta":"","adv-header-id-meta":"","stick-header-meta":"","header-above-stick-meta":"","header-main-stick-meta":"","header-below-stick-meta":"","astra-migrate-meta-layouts":"default","ast-page-background-enabled":"default","ast-page-background-meta":{"desktop":{"background-color":"var(--ast-global-color-4)","background-image":"","background-repeat":"repeat","background-position":"center center","background-size":"auto","background-attachment":"scroll","background-type":"","background-media":"","overlay-type":"","overlay-color":"","overlay-opacity":"","overlay-gradient":""},"tablet":{"background-color":"","background-image":"","background-repeat":"repeat","background-position":"center center","background-size":"auto","background-attachment":"scroll","background-type":"","background-media":"","overlay-type":"","overlay-color":"","overlay-opacity":"","overlay-gradient":""},"mobile":{"background-color":"","background-image":"","background-repeat":"repeat","background-position":"center center","background-size":"auto","background-attachment":"scroll","background-type":"","background-media":"","overlay-type":"","overlay-color":"","overlay-opacity":"","overlay-gradient":""}},"ast-content-background-meta":{"desktop":{"background-color":"var(--ast-global-color-5)","background-image":"","background-repeat":"repeat","background-position":"center center","background-size":"auto","background-attachment":"scroll","background-type":"","background-media":"","overlay-type":"","overlay-color":"","overlay-opacity":"","overlay-gradient":""},"tablet":{"background-color":"var(--ast-global-color-5)","background-image":"","background-repeat":"repeat","background-position":"center center","background-size":"auto","background-attachment":"scroll","background-type":"","background-media":"","overlay-type":"","overlay-color":"","overlay-opacity":"","overlay-gradient":""},"mobile":{"background-color":"var(--ast-global-color-5)","background-image":"","background-repeat":"repeat","background-position":"center center","background-size":"auto","background-attachment":"scroll","background-type":"","background-media":"","overlay-type":"","overlay-color":"","overlay-opacity":"","overlay-gradient":""}},"footnotes":""},"class_list":["post-9349","page","type-page","status-publish","hentry"],"yoast_head":"<!-- This site is optimized with the Yoast SEO plugin v27.3 - https:\/\/yoast.com\/product\/yoast-seo-wordpress\/ -->\n<title>CP-WEDDING | Brautmoden Boos<\/title>\n<meta name=\"description\" content=\"DER MOMENT EURES LEBENS ALS FILM \u25bb CP-Wedding Ihr Hochzeitsvideograf aus Mannheim \u2713\" \/>\n<meta name=\"robots\" content=\"index, follow, max-snippet:-1, max-image-preview:large, max-video-preview:-1\" \/>\n<link rel=\"canonical\" href=\"https:\/\/hochzeitshaus-boos.de\/ueber-uns\/alles-fuer-die-hochzeit\/hochzeits-videografen\/cp-wedding\/\" \/>\n<meta property=\"og:locale\" content=\"de_DE\" \/>\n<meta property=\"og:type\" content=\"article\" \/>\n<meta property=\"og:title\" content=\"CP-WEDDING | Brautmoden Boos\" \/>\n<meta property=\"og:description\" content=\"DER MOMENT EURES LEBENS ALS FILM \u25bb CP-Wedding Ihr Hochzeitsvideograf aus Mannheim \u2713\" \/>\n<meta property=\"og:url\" content=\"https:\/\/hochzeitshaus-boos.de\/ueber-uns\/alles-fuer-die-hochzeit\/hochzeits-videografen\/cp-wedding\/\" \/>\n<meta property=\"og:site_name\" content=\"Hochzeitshaus Boos\" \/>\n<meta property=\"article:publisher\" content=\"https:\/\/www.facebook.com\/hochzeitshaus.boos\/\" \/>\n<meta property=\"article:modified_time\" content=\"2023-09-19T18:16:08+00:00\" \/>\n<meta property=\"og:image\" content=\"https:\/\/hochzeitshaus-boos.de\/ueber-uns\/wp-content\/uploads\/elementor\/thumbs\/CP-Wedding-Bild-1_800x800-qb3di3xmke9jgdig29027oh1bc1g2eyhru1wdbvlr4.jpg\" \/>\n<meta name=\"twitter:card\" content=\"summary_large_image\" \/>\n<meta name=\"twitter:site\" content=\"@hh_boos_de\" \/>\n<meta name=\"twitter:label1\" content=\"Gesch\u00e4tzte Lesezeit\" \/>\n\t<meta name=\"twitter:data1\" content=\"3\u00a0Minuten\" \/>\n<script type=\"application\/ld+json\" class=\"yoast-schema-graph\">{\"@context\":\"https:\\\/\\\/schema.org\",\"@graph\":[{\"@type\":\"WebPage\",\"@id\":\"https:\\\/\\\/hochzeitshaus-boos.de\\\/ueber-uns\\\/alles-fuer-die-hochzeit\\\/hochzeits-videografen\\\/cp-wedding\\\/\",\"url\":\"https:\\\/\\\/hochzeitshaus-boos.de\\\/ueber-uns\\\/alles-fuer-die-hochzeit\\\/hochzeits-videografen\\\/cp-wedding\\\/\",\"name\":\"CP-WEDDING | Brautmoden Boos\",\"isPartOf\":{\"@id\":\"https:\\\/\\\/hochzeitshaus-boos.de\\\/ueber-uns\\\/#website\"},\"primaryImageOfPage\":{\"@id\":\"https:\\\/\\\/hochzeitshaus-boos.de\\\/ueber-uns\\\/alles-fuer-die-hochzeit\\\/hochzeits-videografen\\\/cp-wedding\\\/#primaryimage\"},\"image\":{\"@id\":\"https:\\\/\\\/hochzeitshaus-boos.de\\\/ueber-uns\\\/alles-fuer-die-hochzeit\\\/hochzeits-videografen\\\/cp-wedding\\\/#primaryimage\"},\"thumbnailUrl\":\"https:\\\/\\\/hochzeitshaus-boos.de\\\/ueber-uns\\\/wp-content\\\/uploads\\\/elementor\\\/thumbs\\\/CP-Wedding-Bild-1_800x800-qb3di3xmke9jgdig29027oh1bc1g2eyhru1wdbvlr4.jpg\",\"datePublished\":\"2022-10-05T09:29:46+00:00\",\"dateModified\":\"2023-09-19T18:16:08+00:00\",\"description\":\"DER MOMENT EURES LEBENS ALS FILM \u25bb CP-Wedding Ihr Hochzeitsvideograf aus Mannheim \u2713\",\"breadcrumb\":{\"@id\":\"https:\\\/\\\/hochzeitshaus-boos.de\\\/ueber-uns\\\/alles-fuer-die-hochzeit\\\/hochzeits-videografen\\\/cp-wedding\\\/#breadcrumb\"},\"inLanguage\":\"de\",\"potentialAction\":[{\"@type\":\"ReadAction\",\"target\":[\"https:\\\/\\\/hochzeitshaus-boos.de\\\/ueber-uns\\\/alles-fuer-die-hochzeit\\\/hochzeits-videografen\\\/cp-wedding\\\/\"]}]},{\"@type\":\"ImageObject\",\"inLanguage\":\"de\",\"@id\":\"https:\\\/\\\/hochzeitshaus-boos.de\\\/ueber-uns\\\/alles-fuer-die-hochzeit\\\/hochzeits-videografen\\\/cp-wedding\\\/#primaryimage\",\"url\":\"https:\\\/\\\/hochzeitshaus-boos.de\\\/ueber-uns\\\/wp-content\\\/uploads\\\/elementor\\\/thumbs\\\/CP-Wedding-Bild-1_800x800-qb3di3xmke9jgdig29027oh1bc1g2eyhru1wdbvlr4.jpg\",\"contentUrl\":\"https:\\\/\\\/hochzeitshaus-boos.de\\\/ueber-uns\\\/wp-content\\\/uploads\\\/elementor\\\/thumbs\\\/CP-Wedding-Bild-1_800x800-qb3di3xmke9jgdig29027oh1bc1g2eyhru1wdbvlr4.jpg\"},{\"@type\":\"BreadcrumbList\",\"@id\":\"https:\\\/\\\/hochzeitshaus-boos.de\\\/ueber-uns\\\/alles-fuer-die-hochzeit\\\/hochzeits-videografen\\\/cp-wedding\\\/#breadcrumb\",\"itemListElement\":[{\"@type\":\"ListItem\",\"position\":1,\"name\":\"\u00dcber uns\",\"item\":\"https:\\\/\\\/hochzeitshaus-boos.de\\\/ueber-uns\\\/\"},{\"@type\":\"ListItem\",\"position\":2,\"name\":\"Alles f\u00fcr die Hochzeit\",\"item\":\"https:\\\/\\\/hochzeitshaus-boos.de\\\/ueber-uns\\\/alles-fuer-die-hochzeit\\\/\"},{\"@type\":\"ListItem\",\"position\":3,\"name\":\"Videografen\",\"item\":\"https:\\\/\\\/hochzeitshaus-boos.de\\\/ueber-uns\\\/alles-fuer-die-hochzeit\\\/hochzeits-videografen\\\/\"},{\"@type\":\"ListItem\",\"position\":4,\"name\":\"CP-WEDDING\"}]},{\"@type\":\"WebSite\",\"@id\":\"https:\\\/\\\/hochzeitshaus-boos.de\\\/ueber-uns\\\/#website\",\"url\":\"https:\\\/\\\/hochzeitshaus-boos.de\\\/ueber-uns\\\/\",\"name\":\"Hochzeitshaus Boos\",\"description\":\"In Stuttgart, Mannheim, Karlsruhe und Ingolstadt\",\"publisher\":{\"@id\":\"https:\\\/\\\/hochzeitshaus-boos.de\\\/ueber-uns\\\/#organization\"},\"potentialAction\":[{\"@type\":\"SearchAction\",\"target\":{\"@type\":\"EntryPoint\",\"urlTemplate\":\"https:\\\/\\\/hochzeitshaus-boos.de\\\/ueber-uns\\\/?s={search_term_string}\"},\"query-input\":{\"@type\":\"PropertyValueSpecification\",\"valueRequired\":true,\"valueName\":\"search_term_string\"}}],\"inLanguage\":\"de\"},{\"@type\":\"Organization\",\"@id\":\"https:\\\/\\\/hochzeitshaus-boos.de\\\/ueber-uns\\\/#organization\",\"name\":\"Hochzeitshaus Boos\",\"url\":\"https:\\\/\\\/hochzeitshaus-boos.de\\\/ueber-uns\\\/\",\"logo\":{\"@type\":\"ImageObject\",\"inLanguage\":\"de\",\"@id\":\"https:\\\/\\\/hochzeitshaus-boos.de\\\/ueber-uns\\\/#\\\/schema\\\/logo\\\/image\\\/\",\"url\":\"https:\\\/\\\/hochzeitshaus-boos.de\\\/ueber-uns\\\/wp-content\\\/uploads\\\/2022\\\/09\\\/boos-hochzeitshaus-logo.svg\",\"contentUrl\":\"https:\\\/\\\/hochzeitshaus-boos.de\\\/ueber-uns\\\/wp-content\\\/uploads\\\/2022\\\/09\\\/boos-hochzeitshaus-logo.svg\",\"width\":179,\"height\":100,\"caption\":\"Hochzeitshaus Boos\"},\"image\":{\"@id\":\"https:\\\/\\\/hochzeitshaus-boos.de\\\/ueber-uns\\\/#\\\/schema\\\/logo\\\/image\\\/\"},\"sameAs\":[\"https:\\\/\\\/www.facebook.com\\\/hochzeitshaus.boos\\\/\",\"https:\\\/\\\/x.com\\\/hh_boos_de\"]}]}<\/script>\n<!-- \/ Yoast SEO plugin. -->","yoast_head_json":{"title":"CP-WEDDING | Brautmoden Boos","description":"DER MOMENT EURES LEBENS ALS FILM \u25bb CP-Wedding Ihr Hochzeitsvideograf aus Mannheim \u2713","robots":{"index":"index","follow":"follow","max-snippet":"max-snippet:-1","max-image-preview":"max-image-preview:large","max-video-preview":"max-video-preview:-1"},"canonical":"https:\/\/hochzeitshaus-boos.de\/ueber-uns\/alles-fuer-die-hochzeit\/hochzeits-videografen\/cp-wedding\/","og_locale":"de_DE","og_type":"article","og_title":"CP-WEDDING | Brautmoden Boos","og_description":"DER MOMENT EURES LEBENS ALS FILM \u25bb CP-Wedding Ihr Hochzeitsvideograf aus Mannheim \u2713","og_url":"https:\/\/hochzeitshaus-boos.de\/ueber-uns\/alles-fuer-die-hochzeit\/hochzeits-videografen\/cp-wedding\/","og_site_name":"Hochzeitshaus Boos","article_publisher":"https:\/\/www.facebook.com\/hochzeitshaus.boos\/","article_modified_time":"2023-09-19T18:16:08+00:00","og_image":[{"url":"https:\/\/hochzeitshaus-boos.de\/ueber-uns\/wp-content\/uploads\/elementor\/thumbs\/CP-Wedding-Bild-1_800x800-qb3di3xmke9jgdig29027oh1bc1g2eyhru1wdbvlr4.jpg","type":"","width":"","height":""}],"twitter_card":"summary_large_image","twitter_site":"@hh_boos_de","twitter_misc":{"Gesch\u00e4tzte Lesezeit":"3\u00a0Minuten"},"schema":{"@context":"https:\/\/schema.org","@graph":[{"@type":"WebPage","@id":"https:\/\/hochzeitshaus-boos.de\/ueber-uns\/alles-fuer-die-hochzeit\/hochzeits-videografen\/cp-wedding\/","url":"https:\/\/hochzeitshaus-boos.de\/ueber-uns\/alles-fuer-die-hochzeit\/hochzeits-videografen\/cp-wedding\/","name":"CP-WEDDING | Brautmoden Boos","isPartOf":{"@id":"https:\/\/hochzeitshaus-boos.de\/ueber-uns\/#website"},"primaryImageOfPage":{"@id":"https:\/\/hochzeitshaus-boos.de\/ueber-uns\/alles-fuer-die-hochzeit\/hochzeits-videografen\/cp-wedding\/#primaryimage"},"image":{"@id":"https:\/\/hochzeitshaus-boos.de\/ueber-uns\/alles-fuer-die-hochzeit\/hochzeits-videografen\/cp-wedding\/#primaryimage"},"thumbnailUrl":"https:\/\/hochzeitshaus-boos.de\/ueber-uns\/wp-content\/uploads\/elementor\/thumbs\/CP-Wedding-Bild-1_800x800-qb3di3xmke9jgdig29027oh1bc1g2eyhru1wdbvlr4.jpg","datePublished":"2022-10-05T09:29:46+00:00","dateModified":"2023-09-19T18:16:08+00:00","description":"DER MOMENT EURES LEBENS ALS FILM \u25bb CP-Wedding Ihr Hochzeitsvideograf aus Mannheim \u2713","breadcrumb":{"@id":"https:\/\/hochzeitshaus-boos.de\/ueber-uns\/alles-fuer-die-hochzeit\/hochzeits-videografen\/cp-wedding\/#breadcrumb"},"inLanguage":"de","potentialAction":[{"@type":"ReadAction","target":["https:\/\/hochzeitshaus-boos.de\/ueber-uns\/alles-fuer-die-hochzeit\/hochzeits-videografen\/cp-wedding\/"]}]},{"@type":"ImageObject","inLanguage":"de","@id":"https:\/\/hochzeitshaus-boos.de\/ueber-uns\/alles-fuer-die-hochzeit\/hochzeits-videografen\/cp-wedding\/#primaryimage","url":"https:\/\/hochzeitshaus-boos.de\/ueber-uns\/wp-content\/uploads\/elementor\/thumbs\/CP-Wedding-Bild-1_800x800-qb3di3xmke9jgdig29027oh1bc1g2eyhru1wdbvlr4.jpg","contentUrl":"https:\/\/hochzeitshaus-boos.de\/ueber-uns\/wp-content\/uploads\/elementor\/thumbs\/CP-Wedding-Bild-1_800x800-qb3di3xmke9jgdig29027oh1bc1g2eyhru1wdbvlr4.jpg"},{"@type":"BreadcrumbList","@id":"https:\/\/hochzeitshaus-boos.de\/ueber-uns\/alles-fuer-die-hochzeit\/hochzeits-videografen\/cp-wedding\/#breadcrumb","itemListElement":[{"@type":"ListItem","position":1,"name":"\u00dcber uns","item":"https:\/\/hochzeitshaus-boos.de\/ueber-uns\/"},{"@type":"ListItem","position":2,"name":"Alles f\u00fcr die Hochzeit","item":"https:\/\/hochzeitshaus-boos.de\/ueber-uns\/alles-fuer-die-hochzeit\/"},{"@type":"ListItem","position":3,"name":"Videografen","item":"https:\/\/hochzeitshaus-boos.de\/ueber-uns\/alles-fuer-die-hochzeit\/hochzeits-videografen\/"},{"@type":"ListItem","position":4,"name":"CP-WEDDING"}]},{"@type":"WebSite","@id":"https:\/\/hochzeitshaus-boos.de\/ueber-uns\/#website","url":"https:\/\/hochzeitshaus-boos.de\/ueber-uns\/","name":"Hochzeitshaus Boos","description":"In Stuttgart, Mannheim, Karlsruhe und Ingolstadt","publisher":{"@id":"https:\/\/hochzeitshaus-boos.de\/ueber-uns\/#organization"},"potentialAction":[{"@type":"SearchAction","target":{"@type":"EntryPoint","urlTemplate":"https:\/\/hochzeitshaus-boos.de\/ueber-uns\/?s={search_term_string}"},"query-input":{"@type":"PropertyValueSpecification","valueRequired":true,"valueName":"search_term_string"}}],"inLanguage":"de"},{"@type":"Organization","@id":"https:\/\/hochzeitshaus-boos.de\/ueber-uns\/#organization","name":"Hochzeitshaus Boos","url":"https:\/\/hochzeitshaus-boos.de\/ueber-uns\/","logo":{"@type":"ImageObject","inLanguage":"de","@id":"https:\/\/hochzeitshaus-boos.de\/ueber-uns\/#\/schema\/logo\/image\/","url":"https:\/\/hochzeitshaus-boos.de\/ueber-uns\/wp-content\/uploads\/2022\/09\/boos-hochzeitshaus-logo.svg","contentUrl":"https:\/\/hochzeitshaus-boos.de\/ueber-uns\/wp-content\/uploads\/2022\/09\/boos-hochzeitshaus-logo.svg","width":179,"height":100,"caption":"Hochzeitshaus Boos"},"image":{"@id":"https:\/\/hochzeitshaus-boos.de\/ueber-uns\/#\/schema\/logo\/image\/"},"sameAs":["https:\/\/www.facebook.com\/hochzeitshaus.boos\/","https:\/\/x.com\/hh_boos_de"]}]}},"_links":{"self":[{"href":"https:\/\/hochzeitshaus-boos.de\/ueber-uns\/wp-json\/wp\/v2\/pages\/9349","targetHints":{"allow":["GET"]}}],"collection":[{"href":"https:\/\/hochzeitshaus-boos.de\/ueber-uns\/wp-json\/wp\/v2\/pages"}],"about":[{"href":"https:\/\/hochzeitshaus-boos.de\/ueber-uns\/wp-json\/wp\/v2\/types\/page"}],"author":[{"embeddable":true,"href":"https:\/\/hochzeitshaus-boos.de\/ueber-uns\/wp-json\/wp\/v2\/users\/1"}],"replies":[{"embeddable":true,"href":"https:\/\/hochzeitshaus-boos.de\/ueber-uns\/wp-json\/wp\/v2\/comments?post=9349"}],"version-history":[{"count":0,"href":"https:\/\/hochzeitshaus-boos.de\/ueber-uns\/wp-json\/wp\/v2\/pages\/9349\/revisions"}],"up":[{"embeddable":true,"href":"https:\/\/hochzeitshaus-boos.de\/ueber-uns\/wp-json\/wp\/v2\/pages\/3872"}],"wp:attachment":[{"href":"https:\/\/hochzeitshaus-boos.de\/ueber-uns\/wp-json\/wp\/v2\/media?parent=9349"}],"curies":[{"name":"wp","href":"https:\/\/api.w.org\/{rel}","templated":true}]}}