{"id":3314,"date":"2022-09-29T17:48:02","date_gmt":"2022-09-29T15:48:02","guid":{"rendered":"https:\/\/hochzeitshaus-boos.de\/ueber-uns\/?page_id=3314"},"modified":"2023-11-17T17:37:45","modified_gmt":"2023-11-17T16:37:45","slug":"brautmode-brautkleider-suedtirol","status":"publish","type":"page","link":"https:\/\/hochzeitshaus-boos.de\/ueber-uns\/standorte\/brautmode-brautkleider-suedtirol\/","title":{"rendered":"Brautmode &amp; Brautkleider S\u00fcdtirol"},"content":{"rendered":"\t\t<div data-elementor-type=\"wp-page\" data-elementor-id=\"3314\" class=\"elementor elementor-3314\" data-elementor-post-type=\"page\">\n\t\t\t\t\t\t<section class=\"elementor-section elementor-top-section elementor-element elementor-element-c49622f elementor-section-full_width elementor-section-height-min-height elementor-section-items-stretch elementor-section-content-bottom elementor-section-height-default\" data-id=\"c49622f\" data-element_type=\"section\" data-e-type=\"section\">\n\t\t\t\t\t\t<div class=\"elementor-container elementor-column-gap-no\">\n\t\t\t\t\t<div class=\"elementor-column elementor-col-50 elementor-top-column elementor-element elementor-element-19d06b9\" data-id=\"19d06b9\" data-element_type=\"column\" data-e-type=\"column\" data-settings=\"{&quot;background_background&quot;:&quot;classic&quot;}\">\n\t\t\t<div class=\"elementor-widget-wrap elementor-element-populated\">\n\t\t\t\t\t\t<div class=\"elementor-element elementor-element-2085ef4 elementor-widget elementor-widget-theme-post-title elementor-page-title elementor-widget-heading\" data-id=\"2085ef4\" data-element_type=\"widget\" data-e-type=\"widget\" data-widget_type=\"theme-post-title.default\">\n\t\t\t\t<div class=\"elementor-widget-container\">\n\t\t\t\t\t<h1 class=\"elementor-heading-title elementor-size-default\">Brautmode &amp; Brautkleider S\u00fcdtirol<\/h1>\t\t\t\t<\/div>\n\t\t\t\t<\/div>\n\t\t\t\t<div class=\"elementor-element elementor-element-e68a84f elementor-icon-list--layout-traditional elementor-list-item-link-full_width elementor-widget elementor-widget-icon-list\" data-id=\"e68a84f\" data-element_type=\"widget\" data-e-type=\"widget\" data-widget_type=\"icon-list.default\">\n\t\t\t\t<div class=\"elementor-widget-container\">\n\t\t\t\t\t\t\t<ul class=\"elementor-icon-list-items\">\n\t\t\t\t\t\t\t<li class=\"elementor-icon-list-item\">\n\t\t\t\t\t\t\t\t\t\t\t<a href=\"https:\/\/hochzeitshaus-boos.de\/ueber-uns\/\">\n\n\t\t\t\t\t\t\t\t\t\t\t\t<span class=\"elementor-icon-list-icon\">\n\t\t\t\t\t\t\t<i aria-hidden=\"true\" class=\"fas fa-info-circle\"><\/i>\t\t\t\t\t\t<\/span>\n\t\t\t\t\t\t\t\t\t\t<span class=\"elementor-icon-list-text\">\u00dcber uns<\/span>\n\t\t\t\t\t\t\t\t\t\t\t<\/a>\n\t\t\t\t\t\t\t\t\t<\/li>\n\t\t\t\t\t\t<\/ul>\n\t\t\t\t\t\t<\/div>\n\t\t\t\t<\/div>\n\t\t\t\t\t<\/div>\n\t\t<\/div>\n\t\t\t\t<div class=\"elementor-column elementor-col-50 elementor-top-column elementor-element elementor-element-d5811b4\" data-id=\"d5811b4\" data-element_type=\"column\" data-e-type=\"column\">\n\t\t\t<div class=\"elementor-widget-wrap elementor-element-populated\">\n\t\t\t\t\t\t<div class=\"elementor-element elementor-element-b817584 elementor-widget elementor-widget-theme-post-featured-image elementor-widget-image\" data-id=\"b817584\" data-element_type=\"widget\" data-e-type=\"widget\" data-widget_type=\"theme-post-featured-image.default\">\n\t\t\t\t<div class=\"elementor-widget-container\">\n\t\t\t\t\t\t\t\t\t\t\t\t\t\t\t<img width=\"800\" height=\"520\" src=\"https:\/\/hochzeitshaus-boos.de\/ueber-uns\/wp-content\/uploads\/2022\/09\/brautmode-suedtirol.jpg\" class=\"attachment-full size-full wp-image-3316\" alt=\"brautmode suedtirol\" srcset=\"https:\/\/hochzeitshaus-boos.de\/ueber-uns\/wp-content\/uploads\/2022\/09\/brautmode-suedtirol.jpg 800w, https:\/\/hochzeitshaus-boos.de\/ueber-uns\/wp-content\/uploads\/2022\/09\/brautmode-suedtirol-300x195.jpg 300w, https:\/\/hochzeitshaus-boos.de\/ueber-uns\/wp-content\/uploads\/2022\/09\/brautmode-suedtirol-768x499.jpg 768w\" sizes=\"(max-width: 800px) 100vw, 800px\" \/>\t\t\t\t\t\t\t\t\t\t\t\t\t\t\t<\/div>\n\t\t\t\t<\/div>\n\t\t\t\t\t<\/div>\n\t\t<\/div>\n\t\t\t\t\t<\/div>\n\t\t<\/section>\n\t\t\t\t<section class=\"elementor-section elementor-top-section elementor-element elementor-element-79bb79f elementor-section-boxed elementor-section-height-default elementor-section-height-default\" data-id=\"79bb79f\" data-element_type=\"section\" data-e-type=\"section\">\n\t\t\t\t\t\t<div class=\"elementor-container elementor-column-gap-default\">\n\t\t\t\t\t<div class=\"elementor-column elementor-col-100 elementor-top-column elementor-element elementor-element-6c5b384\" data-id=\"6c5b384\" data-element_type=\"column\" data-e-type=\"column\">\n\t\t\t<div class=\"elementor-widget-wrap elementor-element-populated\">\n\t\t\t\t\t\t<div class=\"elementor-element elementor-element-e379cfb elementor-widget elementor-widget-heading\" data-id=\"e379cfb\" data-element_type=\"widget\" data-e-type=\"widget\" data-widget_type=\"heading.default\">\n\t\t\t\t<div class=\"elementor-widget-container\">\n\t\t\t\t\t<h2 class=\"elementor-heading-title elementor-size-default\">F\u00fcr das Traumkleid darf kein Weg zu weit sein!<\/h2>\t\t\t\t<\/div>\n\t\t\t\t<\/div>\n\t\t\t\t<div class=\"elementor-element elementor-element-4b6ca0b elementor-widget__width-inherit elementor-widget elementor-widget-text-editor\" data-id=\"4b6ca0b\" data-element_type=\"widget\" data-e-type=\"widget\" data-widget_type=\"text-editor.default\">\n\t\t\t\t<div class=\"elementor-widget-container\">\n\t\t\t\t\t\t\t\t\t<div class=\"blog--detail-content blog--box block\"><div class=\"blog--detail-header\"><div class=\"blog--box-metadata\"><p>Am sch\u00f6nsten Tag im Leben muss alles perfekt ablaufen, m\u00f6chte das Brautpaar doch viele Jahre in positiven Erinnerungen schwelgen k\u00f6nnen. Neben der Hochzeitslocation incl. Hochzeitsmen\u00fc ist es aber vor allem das\u00a0<a title=\"Brautkleid\" href=\"https:\/\/hochzeitshaus-boos.de\/brautmode\/brautkleider\/\" rel=\"nofollow\">Brautkleid<\/a>, auf das die Damen ihr gr\u00f6\u00dftes Augenmerk legen. Daher ist es auch nicht verwunderlich, dass gerne auch weitere Anreisen zum bevorzugten Brautatelier in Kauf genommen werden.<\/p><p>Im Hochzeitshaus Boos finden Br\u00e4ute auf rund 4500 qm eine riesige Auswahl traumhaft sch\u00f6ner Kleider. Der Spezialist f\u00fcr\u00a0Brautmoden\u00a0und gr\u00f6\u00dfter Anbieter der Region unterh\u00e4lt drei Filialen im s\u00fcddeutschen Raum, ist jedoch bis weit \u00fcber die Landesgrenzen hinweg die 1. Adresse, wenn es um exquisite Hochzeitskleider geht.<\/p><\/div><\/div><\/div>\t\t\t\t\t\t\t\t<\/div>\n\t\t\t\t<\/div>\n\t\t\t\t<div class=\"elementor-element elementor-element-9b6cbea elementor-widget elementor-widget-heading\" data-id=\"9b6cbea\" data-element_type=\"widget\" data-e-type=\"widget\" data-widget_type=\"heading.default\">\n\t\t\t\t<div class=\"elementor-widget-container\">\n\t\t\t\t\t<h2 class=\"elementor-heading-title elementor-size-default\">Brautmode \u2013 In S\u00fcdtirol setzen Br\u00e4ute auf das Hochzeitshaus Boos<\/h2>\t\t\t\t<\/div>\n\t\t\t\t<\/div>\n\t\t\t\t<div class=\"elementor-element elementor-element-f0b5d53 elementor-widget__width-initial elementor-widget elementor-widget-text-editor\" data-id=\"f0b5d53\" data-element_type=\"widget\" data-e-type=\"widget\" data-widget_type=\"text-editor.default\">\n\t\t\t\t<div class=\"elementor-widget-container\">\n\t\t\t\t\t\t\t\t\t<div class=\"blog--detail-content blog--box block\"><div class=\"blog--detail-header\"><div class=\"blog--box-metadata\"><p>Nichts muss so individuell sein, wie das Hochzeitskleid, denn keine Frau m\u00f6chte den Bund der Ehe mit einem Kleid \u201evon der Stange\u201c eingehen. Ob extravagant, klassisch oder m\u00e4rchenhaft \u2013 es muss beim Br\u00e4utigam und der Hochzeitsgesellschaft den Wow-Effekt erzielen. Ein Brautkleid, das wie ma\u00dfgeschneidert ist, den Stil der Dame unterstreicht und mit vielen tollen Details wie Spitze, Perlen, Stickereien und Volants aufwartet.<\/p><p><strong>Prinzessinnen-Look\u2013 im Brautmodenatelier Boos werden M\u00e4dchentr\u00e4ume wahr<\/strong><\/p><p>Schnitte und <a href=\"https:\/\/hochzeitshaus-boos.de\/ueber-uns\/blog\/brautkleider-stoffe\/\">Stoffe<\/a> machen es aus, ob das Brautkleid das Lebensgef\u00fchl der Tr\u00e4gerin unterstreicht. Im Hochzeitshaus Boos erhalten Kundinnen eine umfassende Beratung und viele Tipps, wie sie am Tag der Hochzeit mit dem perfekten Kleid f\u00fcr viel Furore sorgen k\u00f6nnen. Haben Sie einen M\u00e4dchentraum? M\u00f6chten Sie wie eine Prinzessin zum Altar gef\u00fchrt werden? Lieben Sie ausladende Brautkleider mit Reifrock, viel T\u00fcll und Spitze? Dann schauen Sie vorbei im Hochzeitshaus und lassen Sie diesen Traum wahr werden.<\/p><p><strong>Die neue Fishtail-Kollektion \u2013 setzen Sie Ihre Figur gekonnt in Szene<\/strong><\/p><p>Sie haben eine ausgezeichnete Figur, m\u00fcssen nichts kaschieren, sondern k\u00f6nnen von Kopf bis Fu\u00df jeden Zentimeter betonen? Dann setzen Sie auf die neue Fishtail-Kollektion und probieren Sie Brautkleider im <a href=\"https:\/\/hochzeitshaus-boos.de\/brautmode\/mermaid-brautkleider\/\">Mermaid-Style<\/a> \u2013 eng anliegend, aufregend r\u00fcckenfrei und absolut im Trend. Heiraten Sie in einem Traum aus Spitze, Satin oder Organza. Mermaid-Brautkleider sorgen f\u00fcr eine atemberaubende Silhouette.<\/p><\/div><\/div><\/div>\t\t\t\t\t\t\t\t<\/div>\n\t\t\t\t<\/div>\n\t\t\t\t<div class=\"elementor-element elementor-element-1d19308 elementor-widget elementor-widget-heading\" data-id=\"1d19308\" data-element_type=\"widget\" data-e-type=\"widget\" data-widget_type=\"heading.default\">\n\t\t\t\t<div class=\"elementor-widget-container\">\n\t\t\t\t\t<h3 class=\"elementor-heading-title elementor-size-default\">F\u00fcr Brautmoden von S\u00fcdtirol in den s\u00fcddeutschen Raum<\/h3>\t\t\t\t<\/div>\n\t\t\t\t<\/div>\n\t\t\t\t<div class=\"elementor-element elementor-element-e584c29 elementor-widget elementor-widget-text-editor\" data-id=\"e584c29\" data-element_type=\"widget\" data-e-type=\"widget\" data-widget_type=\"text-editor.default\">\n\t\t\t\t<div class=\"elementor-widget-container\">\n\t\t\t\t\t\t\t\t\t<div class=\"blog--detail-content blog--box block\"><div class=\"blog--detail-header\"><div class=\"blog--box-metadata\"><p>In den Brautmodengesch\u00e4ften Boos in Stuttgart, Mannheim und Karlsruhe warten Brautkleider in unterschiedlichen Formen, Styles und Farben auf Sie. M\u00f6chten Sie heiraten wie Meghan? In einer verf\u00fchrerischen Robe zum Eyecatcher werden? Ihren extravaganten Vintage-Boho Stil hervorheben? Vereinbaren Sie gleich einen Beratungstermin und finden Sie genau das Kleid, das am sch\u00f6nsten Tag Ihres Lebens f\u00fcr Aufsehen sorgen wird. Ein Brautkleid mit ausladender Weite und aus wundersch\u00f6nem T\u00fcll gefertigt, ein minimalistisch-puristisches Kleid voller Eleganz, das freche kurze oder ein zeitlos-klassisches Hochzeitskleid in A-Linie.<\/p><p><strong>Der Weg von S\u00fcdtirol nach Deutschland lohnt sich!<\/strong><\/p><p>Im Hochzeitshaus Boos finden Sie Traumkleider in klassischem Schneewei\u00df, in Creme oder farbig durchzogen. Ob Duchesse, Vintage-Boho, Fishtail oder im Meghan-Look &#8211; nur Designer-Brautkleider haben es in die Kollektion geschafft, denn bei Boos setzt man auf Qualit\u00e4t. Hochwertige Stoffe, perfekte Verarbeitung, liebevolle Verzierungen und Stickereien \u2013 jedes Brautkleid lohnt den Weg von S\u00fcdtirol!<\/p><p><strong>Luftig-leichter Chiffon, schimmernde Seide, Perlen und Volants<\/strong><\/p><p>Im Brautmodengesch\u00e4ft Boos werden Sie zur zauberhaften Braut in schimmernder Seide, luftig-leichtem Chiffon oder volumin\u00f6sem T\u00fcll. Lassen Sie sich verf\u00fchren von der Romantic-Fashion Brautkleid-Kollektion aus dem Hause Boos.<\/p><p>Wenn Sie aus S\u00fcdtirol anreisen, dann vereinbaren Sie unbedingt vorab einen\u00a0Termin\u00a0f\u00fcr die Anprobe. Die Fachberater des Hochzeitshauses werden gen\u00fcgend Zeit f\u00fcr Sie einplanen, sodass Sie in aller Ruhe und in ganz entspannter Atmosph\u00e4re Ihren ganz pers\u00f6nlichen Brauttraum finden k\u00f6nnen. Profitieren Sie au\u00dferdem von ger\u00e4umigen Umkleidekabinen und von der hauseigenen Schneiderei. Dazu k\u00f6nnen Sie sich mit vielen tollen Styling-Tipps \u00fcberraschen lassen\u00a0<\/p><p><strong>Brautmode f\u00fcr Sie und Ihn \u2013 Bei Boos in Stuttgart, Mannheim oder Karlsruhe erhalten Sie alles aus einer Hand<\/strong><\/p><p>Selbstverst\u00e4ndlich ist auch der Br\u00e4utigam ein gern gesehener Gast im Hochzeitshaus Boos. Ob Smoking, Zwei- oder Dreiteiler \u2013 auch f\u00fcr die Herren der Sch\u00f6pfung h\u00e4lt der Brautmodenspezialist ein gro\u00dfes Sortiment bereit. Klassisch in Schwarz, Grau oder Blau, rustikal im Boho-Vintage-Look. St\u00f6bern Sie in der reichhaltigen Auswahl chicer Hochzeitsanz\u00fcge.<\/p><\/div><\/div><\/div>\t\t\t\t\t\t\t\t<\/div>\n\t\t\t\t<\/div>\n\t\t\t\t\t<\/div>\n\t\t<\/div>\n\t\t\t\t\t<\/div>\n\t\t<\/section>\n\t\t\t\t<\/div>\n\t\t","protected":false},"excerpt":{"rendered":"<p>\u00dcber uns F\u00fcr das Traumkleid darf kein Weg zu weit sein! Am sch\u00f6nsten Tag im Leben muss alles perfekt ablaufen, m\u00f6chte das Brautpaar doch viele Jahre in positiven Erinnerungen schwelgen k\u00f6nnen. Neben der Hochzeitslocation incl. Hochzeitsmen\u00fc ist es aber vor allem das\u00a0Brautkleid, auf das die Damen ihr gr\u00f6\u00dftes Augenmerk legen. Daher ist es auch nicht [&hellip;]<\/p>\n","protected":false},"author":1,"featured_media":0,"parent":22905,"menu_order":3,"comment_status":"closed","ping_status":"closed","template":"elementor_header_footer","meta":{"site-sidebar-layout":"no-sidebar","site-content-layout":"page-builder","ast-site-content-layout":"full-width-container","site-content-style":"unboxed","site-sidebar-style":"unboxed","ast-global-header-display":"disabled","ast-banner-title-visibility":"","ast-main-header-display":"","ast-hfb-above-header-display":"","ast-hfb-below-header-display":"","ast-hfb-mobile-header-display":"","site-post-title":"disabled","ast-breadcrumbs-content":"","ast-featured-img":"disabled","footer-sml-layout":"disabled","ast-disable-related-posts":"","theme-transparent-header-meta":"","adv-header-id-meta":"","stick-header-meta":"","header-above-stick-meta":"","header-main-stick-meta":"","header-below-stick-meta":"","astra-migrate-meta-layouts":"set","ast-page-background-enabled":"default","ast-page-background-meta":{"desktop":{"background-color":"var(--ast-global-color-4)","background-image":"","background-repeat":"repeat","background-position":"center center","background-size":"auto","background-attachment":"scroll","background-type":"","background-media":"","overlay-type":"","overlay-color":"","overlay-opacity":"","overlay-gradient":""},"tablet":{"background-color":"","background-image":"","background-repeat":"repeat","background-position":"center center","background-size":"auto","background-attachment":"scroll","background-type":"","background-media":"","overlay-type":"","overlay-color":"","overlay-opacity":"","overlay-gradient":""},"mobile":{"background-color":"","background-image":"","background-repeat":"repeat","background-position":"center center","background-size":"auto","background-attachment":"scroll","background-type":"","background-media":"","overlay-type":"","overlay-color":"","overlay-opacity":"","overlay-gradient":""}},"ast-content-background-meta":{"desktop":{"background-color":"var(--ast-global-color-5)","background-image":"","background-repeat":"repeat","background-position":"center center","background-size":"auto","background-attachment":"scroll","background-type":"","background-media":"","overlay-type":"","overlay-color":"","overlay-opacity":"","overlay-gradient":""},"tablet":{"background-color":"var(--ast-global-color-5)","background-image":"","background-repeat":"repeat","background-position":"center center","background-size":"auto","background-attachment":"scroll","background-type":"","background-media":"","overlay-type":"","overlay-color":"","overlay-opacity":"","overlay-gradient":""},"mobile":{"background-color":"var(--ast-global-color-5)","background-image":"","background-repeat":"repeat","background-position":"center center","background-size":"auto","background-attachment":"scroll","background-type":"","background-media":"","overlay-type":"","overlay-color":"","overlay-opacity":"","overlay-gradient":""}},"footnotes":""},"class_list":["post-3314","page","type-page","status-publish","hentry"],"yoast_head":"<!-- This site is optimized with the Yoast SEO plugin v27.3 - https:\/\/yoast.com\/product\/yoast-seo-wordpress\/ -->\n<title>Brautmode &amp; Brautkleider S\u00fcdtirol | Brautmode &amp; Brautkleider<\/title>\n<meta name=\"description\" content=\"Brautmode S\u00fcdtirol auch im Hochzeitshaus Boos auf insgesamt 4500 qm Brautkleider und Hochzeitsmode. Jetzt in Stuttgart, Mannheim &amp; Karlsruhe\" \/>\n<meta name=\"robots\" content=\"index, follow, max-snippet:-1, max-image-preview:large, max-video-preview:-1\" \/>\n<link rel=\"canonical\" href=\"https:\/\/hochzeitshaus-boos.de\/ueber-uns\/standorte\/brautmode-brautkleider-suedtirol\/\" \/>\n<meta property=\"og:locale\" content=\"de_DE\" \/>\n<meta property=\"og:type\" content=\"article\" \/>\n<meta property=\"og:title\" content=\"Brautmode &amp; Brautkleider S\u00fcdtirol | Brautmode &amp; Brautkleider\" \/>\n<meta property=\"og:description\" content=\"Brautmode S\u00fcdtirol auch im Hochzeitshaus Boos auf insgesamt 4500 qm Brautkleider und Hochzeitsmode. Jetzt in Stuttgart, Mannheim &amp; Karlsruhe\" \/>\n<meta property=\"og:url\" content=\"https:\/\/hochzeitshaus-boos.de\/ueber-uns\/standorte\/brautmode-brautkleider-suedtirol\/\" \/>\n<meta property=\"og:site_name\" content=\"Hochzeitshaus Boos\" \/>\n<meta property=\"article:publisher\" content=\"https:\/\/www.facebook.com\/hochzeitshaus.boos\/\" \/>\n<meta property=\"article:modified_time\" content=\"2023-11-17T16:37:45+00:00\" \/>\n<meta name=\"twitter:card\" content=\"summary_large_image\" \/>\n<meta name=\"twitter:site\" content=\"@hh_boos_de\" \/>\n<meta name=\"twitter:label1\" content=\"Gesch\u00e4tzte Lesezeit\" \/>\n\t<meta name=\"twitter:data1\" content=\"4\u00a0Minuten\" \/>\n<script type=\"application\/ld+json\" class=\"yoast-schema-graph\">{\"@context\":\"https:\\\/\\\/schema.org\",\"@graph\":[{\"@type\":\"WebPage\",\"@id\":\"https:\\\/\\\/hochzeitshaus-boos.de\\\/ueber-uns\\\/standorte\\\/brautmode-brautkleider-suedtirol\\\/\",\"url\":\"https:\\\/\\\/hochzeitshaus-boos.de\\\/ueber-uns\\\/standorte\\\/brautmode-brautkleider-suedtirol\\\/\",\"name\":\"Brautmode &amp; Brautkleider S\u00fcdtirol | Brautmode & Brautkleider\",\"isPartOf\":{\"@id\":\"https:\\\/\\\/hochzeitshaus-boos.de\\\/ueber-uns\\\/#website\"},\"datePublished\":\"2022-09-29T15:48:02+00:00\",\"dateModified\":\"2023-11-17T16:37:45+00:00\",\"description\":\"Brautmode S\u00fcdtirol auch im Hochzeitshaus Boos auf insgesamt 4500 qm Brautkleider und Hochzeitsmode. Jetzt in Stuttgart, Mannheim & Karlsruhe\",\"breadcrumb\":{\"@id\":\"https:\\\/\\\/hochzeitshaus-boos.de\\\/ueber-uns\\\/standorte\\\/brautmode-brautkleider-suedtirol\\\/#breadcrumb\"},\"inLanguage\":\"de\",\"potentialAction\":[{\"@type\":\"ReadAction\",\"target\":[\"https:\\\/\\\/hochzeitshaus-boos.de\\\/ueber-uns\\\/standorte\\\/brautmode-brautkleider-suedtirol\\\/\"]}]},{\"@type\":\"BreadcrumbList\",\"@id\":\"https:\\\/\\\/hochzeitshaus-boos.de\\\/ueber-uns\\\/standorte\\\/brautmode-brautkleider-suedtirol\\\/#breadcrumb\",\"itemListElement\":[{\"@type\":\"ListItem\",\"position\":1,\"name\":\"\u00dcber uns\",\"item\":\"https:\\\/\\\/hochzeitshaus-boos.de\\\/ueber-uns\\\/\"},{\"@type\":\"ListItem\",\"position\":2,\"name\":\"St\u00e4dte in der N\u00e4he unserer Stores\",\"item\":\"https:\\\/\\\/hochzeitshaus-boos.de\\\/ueber-uns\\\/standorte\\\/\"},{\"@type\":\"ListItem\",\"position\":3,\"name\":\"Brautmode &amp; Brautkleider S\u00fcdtirol\"}]},{\"@type\":\"WebSite\",\"@id\":\"https:\\\/\\\/hochzeitshaus-boos.de\\\/ueber-uns\\\/#website\",\"url\":\"https:\\\/\\\/hochzeitshaus-boos.de\\\/ueber-uns\\\/\",\"name\":\"Hochzeitshaus Boos\",\"description\":\"In Stuttgart, Mannheim, Karlsruhe und Ingolstadt\",\"publisher\":{\"@id\":\"https:\\\/\\\/hochzeitshaus-boos.de\\\/ueber-uns\\\/#organization\"},\"potentialAction\":[{\"@type\":\"SearchAction\",\"target\":{\"@type\":\"EntryPoint\",\"urlTemplate\":\"https:\\\/\\\/hochzeitshaus-boos.de\\\/ueber-uns\\\/?s={search_term_string}\"},\"query-input\":{\"@type\":\"PropertyValueSpecification\",\"valueRequired\":true,\"valueName\":\"search_term_string\"}}],\"inLanguage\":\"de\"},{\"@type\":\"Organization\",\"@id\":\"https:\\\/\\\/hochzeitshaus-boos.de\\\/ueber-uns\\\/#organization\",\"name\":\"Hochzeitshaus Boos\",\"url\":\"https:\\\/\\\/hochzeitshaus-boos.de\\\/ueber-uns\\\/\",\"logo\":{\"@type\":\"ImageObject\",\"inLanguage\":\"de\",\"@id\":\"https:\\\/\\\/hochzeitshaus-boos.de\\\/ueber-uns\\\/#\\\/schema\\\/logo\\\/image\\\/\",\"url\":\"https:\\\/\\\/hochzeitshaus-boos.de\\\/ueber-uns\\\/wp-content\\\/uploads\\\/2022\\\/09\\\/boos-hochzeitshaus-logo.svg\",\"contentUrl\":\"https:\\\/\\\/hochzeitshaus-boos.de\\\/ueber-uns\\\/wp-content\\\/uploads\\\/2022\\\/09\\\/boos-hochzeitshaus-logo.svg\",\"width\":179,\"height\":100,\"caption\":\"Hochzeitshaus Boos\"},\"image\":{\"@id\":\"https:\\\/\\\/hochzeitshaus-boos.de\\\/ueber-uns\\\/#\\\/schema\\\/logo\\\/image\\\/\"},\"sameAs\":[\"https:\\\/\\\/www.facebook.com\\\/hochzeitshaus.boos\\\/\",\"https:\\\/\\\/x.com\\\/hh_boos_de\"]}]}<\/script>\n<!-- \/ Yoast SEO plugin. -->","yoast_head_json":{"title":"Brautmode &amp; Brautkleider S\u00fcdtirol | Brautmode & Brautkleider","description":"Brautmode S\u00fcdtirol auch im Hochzeitshaus Boos auf insgesamt 4500 qm Brautkleider und Hochzeitsmode. Jetzt in Stuttgart, Mannheim & Karlsruhe","robots":{"index":"index","follow":"follow","max-snippet":"max-snippet:-1","max-image-preview":"max-image-preview:large","max-video-preview":"max-video-preview:-1"},"canonical":"https:\/\/hochzeitshaus-boos.de\/ueber-uns\/standorte\/brautmode-brautkleider-suedtirol\/","og_locale":"de_DE","og_type":"article","og_title":"Brautmode &amp; Brautkleider S\u00fcdtirol | Brautmode & Brautkleider","og_description":"Brautmode S\u00fcdtirol auch im Hochzeitshaus Boos auf insgesamt 4500 qm Brautkleider und Hochzeitsmode. Jetzt in Stuttgart, Mannheim & Karlsruhe","og_url":"https:\/\/hochzeitshaus-boos.de\/ueber-uns\/standorte\/brautmode-brautkleider-suedtirol\/","og_site_name":"Hochzeitshaus Boos","article_publisher":"https:\/\/www.facebook.com\/hochzeitshaus.boos\/","article_modified_time":"2023-11-17T16:37:45+00:00","twitter_card":"summary_large_image","twitter_site":"@hh_boos_de","twitter_misc":{"Gesch\u00e4tzte Lesezeit":"4\u00a0Minuten"},"schema":{"@context":"https:\/\/schema.org","@graph":[{"@type":"WebPage","@id":"https:\/\/hochzeitshaus-boos.de\/ueber-uns\/standorte\/brautmode-brautkleider-suedtirol\/","url":"https:\/\/hochzeitshaus-boos.de\/ueber-uns\/standorte\/brautmode-brautkleider-suedtirol\/","name":"Brautmode &amp; Brautkleider S\u00fcdtirol | Brautmode & Brautkleider","isPartOf":{"@id":"https:\/\/hochzeitshaus-boos.de\/ueber-uns\/#website"},"datePublished":"2022-09-29T15:48:02+00:00","dateModified":"2023-11-17T16:37:45+00:00","description":"Brautmode S\u00fcdtirol auch im Hochzeitshaus Boos auf insgesamt 4500 qm Brautkleider und Hochzeitsmode. Jetzt in Stuttgart, Mannheim & Karlsruhe","breadcrumb":{"@id":"https:\/\/hochzeitshaus-boos.de\/ueber-uns\/standorte\/brautmode-brautkleider-suedtirol\/#breadcrumb"},"inLanguage":"de","potentialAction":[{"@type":"ReadAction","target":["https:\/\/hochzeitshaus-boos.de\/ueber-uns\/standorte\/brautmode-brautkleider-suedtirol\/"]}]},{"@type":"BreadcrumbList","@id":"https:\/\/hochzeitshaus-boos.de\/ueber-uns\/standorte\/brautmode-brautkleider-suedtirol\/#breadcrumb","itemListElement":[{"@type":"ListItem","position":1,"name":"\u00dcber uns","item":"https:\/\/hochzeitshaus-boos.de\/ueber-uns\/"},{"@type":"ListItem","position":2,"name":"St\u00e4dte in der N\u00e4he unserer Stores","item":"https:\/\/hochzeitshaus-boos.de\/ueber-uns\/standorte\/"},{"@type":"ListItem","position":3,"name":"Brautmode &amp; Brautkleider S\u00fcdtirol"}]},{"@type":"WebSite","@id":"https:\/\/hochzeitshaus-boos.de\/ueber-uns\/#website","url":"https:\/\/hochzeitshaus-boos.de\/ueber-uns\/","name":"Hochzeitshaus Boos","description":"In Stuttgart, Mannheim, Karlsruhe und Ingolstadt","publisher":{"@id":"https:\/\/hochzeitshaus-boos.de\/ueber-uns\/#organization"},"potentialAction":[{"@type":"SearchAction","target":{"@type":"EntryPoint","urlTemplate":"https:\/\/hochzeitshaus-boos.de\/ueber-uns\/?s={search_term_string}"},"query-input":{"@type":"PropertyValueSpecification","valueRequired":true,"valueName":"search_term_string"}}],"inLanguage":"de"},{"@type":"Organization","@id":"https:\/\/hochzeitshaus-boos.de\/ueber-uns\/#organization","name":"Hochzeitshaus Boos","url":"https:\/\/hochzeitshaus-boos.de\/ueber-uns\/","logo":{"@type":"ImageObject","inLanguage":"de","@id":"https:\/\/hochzeitshaus-boos.de\/ueber-uns\/#\/schema\/logo\/image\/","url":"https:\/\/hochzeitshaus-boos.de\/ueber-uns\/wp-content\/uploads\/2022\/09\/boos-hochzeitshaus-logo.svg","contentUrl":"https:\/\/hochzeitshaus-boos.de\/ueber-uns\/wp-content\/uploads\/2022\/09\/boos-hochzeitshaus-logo.svg","width":179,"height":100,"caption":"Hochzeitshaus Boos"},"image":{"@id":"https:\/\/hochzeitshaus-boos.de\/ueber-uns\/#\/schema\/logo\/image\/"},"sameAs":["https:\/\/www.facebook.com\/hochzeitshaus.boos\/","https:\/\/x.com\/hh_boos_de"]}]}},"_links":{"self":[{"href":"https:\/\/hochzeitshaus-boos.de\/ueber-uns\/wp-json\/wp\/v2\/pages\/3314","targetHints":{"allow":["GET"]}}],"collection":[{"href":"https:\/\/hochzeitshaus-boos.de\/ueber-uns\/wp-json\/wp\/v2\/pages"}],"about":[{"href":"https:\/\/hochzeitshaus-boos.de\/ueber-uns\/wp-json\/wp\/v2\/types\/page"}],"author":[{"embeddable":true,"href":"https:\/\/hochzeitshaus-boos.de\/ueber-uns\/wp-json\/wp\/v2\/users\/1"}],"replies":[{"embeddable":true,"href":"https:\/\/hochzeitshaus-boos.de\/ueber-uns\/wp-json\/wp\/v2\/comments?post=3314"}],"version-history":[{"count":0,"href":"https:\/\/hochzeitshaus-boos.de\/ueber-uns\/wp-json\/wp\/v2\/pages\/3314\/revisions"}],"up":[{"embeddable":true,"href":"https:\/\/hochzeitshaus-boos.de\/ueber-uns\/wp-json\/wp\/v2\/pages\/22905"}],"wp:attachment":[{"href":"https:\/\/hochzeitshaus-boos.de\/ueber-uns\/wp-json\/wp\/v2\/media?parent=3314"}],"curies":[{"name":"wp","href":"https:\/\/api.w.org\/{rel}","templated":true}]}}