{"id":19694,"date":"2026-05-13T12:40:40","date_gmt":"2026-05-13T10:40:40","guid":{"rendered":"https:\/\/hochzeitshaus-boos.de\/brautmode\/?post_type=product&#038;p=19694"},"modified":"2026-05-13T12:40:42","modified_gmt":"2026-05-13T10:40:42","slug":"brautkleid-82749","status":"publish","type":"product","link":"https:\/\/hochzeitshaus-boos.de\/brautmode\/a-linie-brautkleider\/brautkleid-82749\/","title":{"rendered":"Brautkleid 82749"},"content":{"rendered":"","protected":false},"excerpt":{"rendered":"<p>Das lange Brautkleid von Rosa Clar\u00e1 aus der Kollektion <strong>Rosa Clar\u00e1 Dreams<\/strong> verbindet verf\u00fchrerische Eleganz mit romantischer Leichtigkeit. Die gerade, figurbetonte Silhouette aus zarter Spitze und feinem T\u00fcll sorgt f\u00fcr einen modernen, sinnlichen Look mit eleganter Ausstrahlung.<\/p>\n<p>Der tiefe Ausschnitt setzt das Dekollet\u00e9 eindrucksvoll in Szene und verleiht dem Design eine selbstbewusste Note. Das integrierte Korsett formt eine feminine Taille und bietet gleichzeitig optimalen Halt, w\u00e4hrend die herabfallenden Tr\u00e4ger dem Kleid eine romantische, leicht verspielte Wirkung verleihen.<\/p>\n<p>Die Kombination aus edler Spitze und luftigem T\u00fcll schafft eine harmonische Balance zwischen Eleganz und moderner Sinnlichkeit. Dieses traumhafte Modell ist ideal f\u00fcr Br\u00e4ute, die einen ausdrucksstarken, stilvollen und zugleich romantischen Brautlook suchen.<\/p>\n","protected":false},"featured_media":19695,"template":"","meta":{"site-sidebar-layout":"default","site-content-layout":"","ast-site-content-layout":"default","site-content-style":"default","site-sidebar-style":"default","ast-global-header-display":"","ast-banner-title-visibility":"","ast-main-header-display":"","ast-hfb-above-header-display":"","ast-hfb-below-header-display":"","ast-hfb-mobile-header-display":"","site-post-title":"","ast-breadcrumbs-content":"","ast-featured-img":"","footer-sml-layout":"","ast-disable-related-posts":"","theme-transparent-header-meta":"default","adv-header-id-meta":"","stick-header-meta":"default","header-above-stick-meta":"","header-main-stick-meta":"","header-below-stick-meta":"","astra-migrate-meta-layouts":"set","ast-page-background-enabled":"default","ast-page-background-meta":{"desktop":{"background-color":"var(--ast-global-color-4)","background-image":"","background-repeat":"repeat","background-position":"center center","background-size":"auto","background-attachment":"scroll","background-type":"","background-media":"","overlay-type":"","overlay-color":"","overlay-opacity":"","overlay-gradient":""},"tablet":{"background-color":"","background-image":"","background-repeat":"repeat","background-position":"center center","background-size":"auto","background-attachment":"scroll","background-type":"","background-media":"","overlay-type":"","overlay-color":"","overlay-opacity":"","overlay-gradient":""},"mobile":{"background-color":"","background-image":"","background-repeat":"repeat","background-position":"center center","background-size":"auto","background-attachment":"scroll","background-type":"","background-media":"","overlay-type":"","overlay-color":"","overlay-opacity":"","overlay-gradient":""}},"ast-content-background-meta":{"desktop":{"background-color":"var(--ast-global-color-5)","background-image":"","background-repeat":"repeat","background-position":"center center","background-size":"auto","background-attachment":"scroll","background-type":"","background-media":"","overlay-type":"","overlay-color":"","overlay-opacity":"","overlay-gradient":""},"tablet":{"background-color":"var(--ast-global-color-5)","background-image":"","background-repeat":"repeat","background-position":"center center","background-size":"auto","background-attachment":"scroll","background-type":"","background-media":"","overlay-type":"","overlay-color":"","overlay-opacity":"","overlay-gradient":""},"mobile":{"background-color":"var(--ast-global-color-5)","background-image":"","background-repeat":"repeat","background-position":"center center","background-size":"auto","background-attachment":"scroll","background-type":"","background-media":"","overlay-type":"","overlay-color":"","overlay-opacity":"","overlay-gradient":""}}},"product_brand":[],"product_cat":[112],"product_tag":[528],"class_list":{"0":"post-19694","1":"product","2":"type-product","3":"status-publish","4":"has-post-thumbnail","6":"product_cat-a-linie-brautkleider","7":"product_tag-rosa-clara","8":"pa_aermel-carmen-aermel","9":"pa_ausschnitt-herz-ausschnitt","10":"pa_farbe-ivoryblush","11":"pa_lange-lang","12":"pa_material-spitze","13":"pa_material-tuell","14":"pa_preisklasse-2500e-2999e","15":"pa_rueckenausschnitt-mit-schnuerung","16":"pa_schleppe-mit-schleppe","17":"pa_stilrichtung-a-linie","18":"desktop-align-center","19":"tablet-align-left","20":"mobile-align-center","21":"ast-product-gallery-layout-horizontal-slider","22":"ast-product-tabs-layout-distributed","23":"ast-qv-on-image","25":"first","26":"instock","27":"shipping-taxable","28":"purchasable","29":"product-type-simple","30":"add-to-wishlist-before_image"},"yoast_head":"<!-- This site is optimized with the Yoast SEO Premium plugin v27.3 (Yoast SEO v27.3) - https:\/\/yoast.com\/product\/yoast-seo-premium-wordpress\/ -->\n<title>Brautkleid 82749 | Hochzeitshaus Boos<\/title>\n<meta name=\"description\" content=\"Brautkleid 82749 im Hochzeitshaus Boos in Stuttgart, Karlsruhe, Mannheim und Ingolstadt. F\u00fcr jede Braut das passende Hochzeits-Outfit.\" \/>\n<meta name=\"robots\" content=\"index, follow, max-snippet:-1, max-image-preview:large, max-video-preview:-1\" \/>\n<link rel=\"canonical\" href=\"https:\/\/hochzeitshaus-boos.de\/brautmode\/a-linie-brautkleider\/brautkleid-82749\/\" \/>\n<meta property=\"og:locale\" content=\"de_DE\" \/>\n<meta property=\"og:type\" content=\"article\" \/>\n<meta property=\"og:title\" content=\"Brautkleid 82749\" \/>\n<meta property=\"og:description\" content=\"Brautkleid 82749 im Hochzeitshaus Boos in Stuttgart, Karlsruhe, Mannheim und Ingolstadt. F\u00fcr jede Braut das passende Hochzeits-Outfit.\" \/>\n<meta property=\"og:url\" content=\"https:\/\/hochzeitshaus-boos.de\/brautmode\/a-linie-brautkleider\/brautkleid-82749\/\" \/>\n<meta property=\"og:site_name\" content=\"Hochzeitshaus Boos\" \/>\n<meta property=\"article:publisher\" content=\"https:\/\/www.facebook.com\/hochzeitshaus.boos\" \/>\n<meta property=\"article:modified_time\" content=\"2026-05-13T10:40:42+00:00\" \/>\n<meta property=\"og:image\" content=\"https:\/\/hochzeitshaus-boos.de\/brautmode\/wp-content\/uploads\/2026\/05\/elaia_1.jpg\" \/>\n\t<meta property=\"og:image:width\" content=\"1536\" \/>\n\t<meta property=\"og:image:height\" content=\"1920\" \/>\n\t<meta property=\"og:image:type\" content=\"image\/jpeg\" \/>\n<meta name=\"twitter:card\" content=\"summary_large_image\" \/>\n<meta name=\"twitter:site\" content=\"@hh_boos_de\" \/>\n<meta name=\"twitter:label1\" content=\"Preis\" \/>\n\t<meta name=\"twitter:data1\" content=\"&euro;2,750.00\" \/>\n\t<meta name=\"twitter:label2\" content=\"Verf\u00fcgbarkeit\" \/>\n\t<meta name=\"twitter:data2\" content=\"Auf Lager\" \/>\n<script type=\"application\/ld+json\" class=\"yoast-schema-graph\">{\"@context\":\"https:\\\/\\\/schema.org\",\"@graph\":[{\"@type\":\"WebPage\",\"@id\":\"https:\\\/\\\/hochzeitshaus-boos.de\\\/brautmode\\\/a-linie-brautkleider\\\/brautkleid-82749\\\/\",\"url\":\"https:\\\/\\\/hochzeitshaus-boos.de\\\/brautmode\\\/a-linie-brautkleider\\\/brautkleid-82749\\\/\",\"name\":\"Brautkleid 82749 | Hochzeitshaus Boos\",\"isPartOf\":{\"@id\":\"https:\\\/\\\/hochzeitshaus-boos.de\\\/brautmode\\\/#website\"},\"primaryImageOfPage\":{\"@id\":\"https:\\\/\\\/hochzeitshaus-boos.de\\\/brautmode\\\/a-linie-brautkleider\\\/brautkleid-82749\\\/#primaryimage\"},\"image\":{\"@id\":\"https:\\\/\\\/hochzeitshaus-boos.de\\\/brautmode\\\/a-linie-brautkleider\\\/brautkleid-82749\\\/#primaryimage\"},\"thumbnailUrl\":\"https:\\\/\\\/hochzeitshaus-boos.de\\\/brautmode\\\/wp-content\\\/uploads\\\/2026\\\/05\\\/elaia_1.jpg\",\"datePublished\":\"2026-05-13T10:40:40+00:00\",\"dateModified\":\"2026-05-13T10:40:42+00:00\",\"description\":\"Brautkleid 82749 im Hochzeitshaus Boos in Stuttgart, Karlsruhe, Mannheim und Ingolstadt. F\u00fcr jede Braut das passende Hochzeits-Outfit.\",\"breadcrumb\":{\"@id\":\"https:\\\/\\\/hochzeitshaus-boos.de\\\/brautmode\\\/a-linie-brautkleider\\\/brautkleid-82749\\\/#breadcrumb\"},\"inLanguage\":\"de\",\"potentialAction\":[{\"@type\":\"ReadAction\",\"target\":[\"https:\\\/\\\/hochzeitshaus-boos.de\\\/brautmode\\\/a-linie-brautkleider\\\/brautkleid-82749\\\/\"]}]},{\"@type\":\"ImageObject\",\"inLanguage\":\"de\",\"@id\":\"https:\\\/\\\/hochzeitshaus-boos.de\\\/brautmode\\\/a-linie-brautkleider\\\/brautkleid-82749\\\/#primaryimage\",\"url\":\"https:\\\/\\\/hochzeitshaus-boos.de\\\/brautmode\\\/wp-content\\\/uploads\\\/2026\\\/05\\\/elaia_1.jpg\",\"contentUrl\":\"https:\\\/\\\/hochzeitshaus-boos.de\\\/brautmode\\\/wp-content\\\/uploads\\\/2026\\\/05\\\/elaia_1.jpg\",\"width\":1536,\"height\":1920},{\"@type\":\"BreadcrumbList\",\"@id\":\"https:\\\/\\\/hochzeitshaus-boos.de\\\/brautmode\\\/a-linie-brautkleider\\\/brautkleid-82749\\\/#breadcrumb\",\"itemListElement\":[{\"@type\":\"ListItem\",\"position\":1,\"name\":\"Brautmode\",\"item\":\"https:\\\/\\\/hochzeitshaus-boos.de\\\/brautmode\\\/\"},{\"@type\":\"ListItem\",\"position\":2,\"name\":\"Produkte\",\"item\":\"https:\\\/\\\/hochzeitshaus-boos.de\\\/brautmode\\\/shop\\\/\"},{\"@type\":\"ListItem\",\"position\":3,\"name\":\"Brautkleid 82749\"}]},{\"@type\":\"WebSite\",\"@id\":\"https:\\\/\\\/hochzeitshaus-boos.de\\\/brautmode\\\/#website\",\"url\":\"https:\\\/\\\/hochzeitshaus-boos.de\\\/brautmode\\\/\",\"name\":\"Hochzeitshaus Boos\",\"description\":\"In Stuttgart, Mannheim, Karlsruhe und Ingolstadt\",\"publisher\":{\"@id\":\"https:\\\/\\\/hochzeitshaus-boos.de\\\/brautmode\\\/#organization\"},\"potentialAction\":[{\"@type\":\"SearchAction\",\"target\":{\"@type\":\"EntryPoint\",\"urlTemplate\":\"https:\\\/\\\/hochzeitshaus-boos.de\\\/brautmode\\\/?s={search_term_string}\"},\"query-input\":{\"@type\":\"PropertyValueSpecification\",\"valueRequired\":true,\"valueName\":\"search_term_string\"}}],\"inLanguage\":\"de\"},{\"@type\":\"Organization\",\"@id\":\"https:\\\/\\\/hochzeitshaus-boos.de\\\/brautmode\\\/#organization\",\"name\":\"Hochzeitshaus Boos\",\"url\":\"https:\\\/\\\/hochzeitshaus-boos.de\\\/brautmode\\\/\",\"logo\":{\"@type\":\"ImageObject\",\"inLanguage\":\"de\",\"@id\":\"https:\\\/\\\/hochzeitshaus-boos.de\\\/brautmode\\\/#\\\/schema\\\/logo\\\/image\\\/\",\"url\":\"https:\\\/\\\/hochzeitshaus-boos.de\\\/brautmode\\\/wp-content\\\/uploads\\\/2022\\\/08\\\/boos-hochzeitshaus-logo.png\",\"contentUrl\":\"https:\\\/\\\/hochzeitshaus-boos.de\\\/brautmode\\\/wp-content\\\/uploads\\\/2022\\\/08\\\/boos-hochzeitshaus-logo.png\",\"width\":559,\"height\":313,\"caption\":\"Hochzeitshaus Boos\"},\"image\":{\"@id\":\"https:\\\/\\\/hochzeitshaus-boos.de\\\/brautmode\\\/#\\\/schema\\\/logo\\\/image\\\/\"},\"sameAs\":[\"https:\\\/\\\/www.facebook.com\\\/hochzeitshaus.boos\",\"https:\\\/\\\/x.com\\\/hh_boos_de\",\"https:\\\/\\\/www.instagram.com\\\/hochzeitshaus_boos\"]}]}<\/script>\n<meta property=\"product:brand\" content=\"Rosa Clara\" \/>\n<meta property=\"product:price:amount\" content=\"2750.00\" \/>\n<meta property=\"product:price:currency\" content=\"EUR\" \/>\n<meta property=\"og:availability\" content=\"instock\" \/>\n<meta property=\"product:availability\" content=\"instock\" \/>\n<meta property=\"product:condition\" content=\"new\" \/>\n<!-- \/ Yoast SEO Premium plugin. -->","yoast_head_json":{"title":"Brautkleid 82749 | Hochzeitshaus Boos","description":"Brautkleid 82749 im Hochzeitshaus Boos in Stuttgart, Karlsruhe, Mannheim und Ingolstadt. F\u00fcr jede Braut das passende Hochzeits-Outfit.","robots":{"index":"index","follow":"follow","max-snippet":"max-snippet:-1","max-image-preview":"max-image-preview:large","max-video-preview":"max-video-preview:-1"},"canonical":"https:\/\/hochzeitshaus-boos.de\/brautmode\/a-linie-brautkleider\/brautkleid-82749\/","og_locale":"de_DE","og_type":"article","og_title":"Brautkleid 82749","og_description":"Brautkleid 82749 im Hochzeitshaus Boos in Stuttgart, Karlsruhe, Mannheim und Ingolstadt. F\u00fcr jede Braut das passende Hochzeits-Outfit.","og_url":"https:\/\/hochzeitshaus-boos.de\/brautmode\/a-linie-brautkleider\/brautkleid-82749\/","og_site_name":"Hochzeitshaus Boos","article_publisher":"https:\/\/www.facebook.com\/hochzeitshaus.boos","article_modified_time":"2026-05-13T10:40:42+00:00","og_image":[{"width":1536,"height":1920,"url":"https:\/\/hochzeitshaus-boos.de\/brautmode\/wp-content\/uploads\/2026\/05\/elaia_1.jpg","type":"image\/jpeg"}],"twitter_card":"summary_large_image","twitter_site":"@hh_boos_de","twitter_misc":{"Preis":"&euro;2,750.00","Verf\u00fcgbarkeit":"Auf Lager"},"schema":{"@context":"https:\/\/schema.org","@graph":[{"@type":"WebPage","@id":"https:\/\/hochzeitshaus-boos.de\/brautmode\/a-linie-brautkleider\/brautkleid-82749\/","url":"https:\/\/hochzeitshaus-boos.de\/brautmode\/a-linie-brautkleider\/brautkleid-82749\/","name":"Brautkleid 82749 | Hochzeitshaus Boos","isPartOf":{"@id":"https:\/\/hochzeitshaus-boos.de\/brautmode\/#website"},"primaryImageOfPage":{"@id":"https:\/\/hochzeitshaus-boos.de\/brautmode\/a-linie-brautkleider\/brautkleid-82749\/#primaryimage"},"image":{"@id":"https:\/\/hochzeitshaus-boos.de\/brautmode\/a-linie-brautkleider\/brautkleid-82749\/#primaryimage"},"thumbnailUrl":"https:\/\/hochzeitshaus-boos.de\/brautmode\/wp-content\/uploads\/2026\/05\/elaia_1.jpg","datePublished":"2026-05-13T10:40:40+00:00","dateModified":"2026-05-13T10:40:42+00:00","description":"Brautkleid 82749 im Hochzeitshaus Boos in Stuttgart, Karlsruhe, Mannheim und Ingolstadt. F\u00fcr jede Braut das passende Hochzeits-Outfit.","breadcrumb":{"@id":"https:\/\/hochzeitshaus-boos.de\/brautmode\/a-linie-brautkleider\/brautkleid-82749\/#breadcrumb"},"inLanguage":"de","potentialAction":[{"@type":"ReadAction","target":["https:\/\/hochzeitshaus-boos.de\/brautmode\/a-linie-brautkleider\/brautkleid-82749\/"]}]},{"@type":"ImageObject","inLanguage":"de","@id":"https:\/\/hochzeitshaus-boos.de\/brautmode\/a-linie-brautkleider\/brautkleid-82749\/#primaryimage","url":"https:\/\/hochzeitshaus-boos.de\/brautmode\/wp-content\/uploads\/2026\/05\/elaia_1.jpg","contentUrl":"https:\/\/hochzeitshaus-boos.de\/brautmode\/wp-content\/uploads\/2026\/05\/elaia_1.jpg","width":1536,"height":1920},{"@type":"BreadcrumbList","@id":"https:\/\/hochzeitshaus-boos.de\/brautmode\/a-linie-brautkleider\/brautkleid-82749\/#breadcrumb","itemListElement":[{"@type":"ListItem","position":1,"name":"Brautmode","item":"https:\/\/hochzeitshaus-boos.de\/brautmode\/"},{"@type":"ListItem","position":2,"name":"Produkte","item":"https:\/\/hochzeitshaus-boos.de\/brautmode\/shop\/"},{"@type":"ListItem","position":3,"name":"Brautkleid 82749"}]},{"@type":"WebSite","@id":"https:\/\/hochzeitshaus-boos.de\/brautmode\/#website","url":"https:\/\/hochzeitshaus-boos.de\/brautmode\/","name":"Hochzeitshaus Boos","description":"In Stuttgart, Mannheim, Karlsruhe und Ingolstadt","publisher":{"@id":"https:\/\/hochzeitshaus-boos.de\/brautmode\/#organization"},"potentialAction":[{"@type":"SearchAction","target":{"@type":"EntryPoint","urlTemplate":"https:\/\/hochzeitshaus-boos.de\/brautmode\/?s={search_term_string}"},"query-input":{"@type":"PropertyValueSpecification","valueRequired":true,"valueName":"search_term_string"}}],"inLanguage":"de"},{"@type":"Organization","@id":"https:\/\/hochzeitshaus-boos.de\/brautmode\/#organization","name":"Hochzeitshaus Boos","url":"https:\/\/hochzeitshaus-boos.de\/brautmode\/","logo":{"@type":"ImageObject","inLanguage":"de","@id":"https:\/\/hochzeitshaus-boos.de\/brautmode\/#\/schema\/logo\/image\/","url":"https:\/\/hochzeitshaus-boos.de\/brautmode\/wp-content\/uploads\/2022\/08\/boos-hochzeitshaus-logo.png","contentUrl":"https:\/\/hochzeitshaus-boos.de\/brautmode\/wp-content\/uploads\/2022\/08\/boos-hochzeitshaus-logo.png","width":559,"height":313,"caption":"Hochzeitshaus Boos"},"image":{"@id":"https:\/\/hochzeitshaus-boos.de\/brautmode\/#\/schema\/logo\/image\/"},"sameAs":["https:\/\/www.facebook.com\/hochzeitshaus.boos","https:\/\/x.com\/hh_boos_de","https:\/\/www.instagram.com\/hochzeitshaus_boos"]}]},"product_brand":"Rosa Clara","product_price_amount":"2750.00","product_price_currency":"EUR","og_availability":"instock","product_availability":"instock","product_condition":"new"},"_links":{"self":[{"href":"https:\/\/hochzeitshaus-boos.de\/brautmode\/wp-json\/wp\/v2\/product\/19694","targetHints":{"allow":["GET"]}}],"collection":[{"href":"https:\/\/hochzeitshaus-boos.de\/brautmode\/wp-json\/wp\/v2\/product"}],"about":[{"href":"https:\/\/hochzeitshaus-boos.de\/brautmode\/wp-json\/wp\/v2\/types\/product"}],"wp:featuredmedia":[{"embeddable":true,"href":"https:\/\/hochzeitshaus-boos.de\/brautmode\/wp-json\/wp\/v2\/media\/19695"}],"wp:attachment":[{"href":"https:\/\/hochzeitshaus-boos.de\/brautmode\/wp-json\/wp\/v2\/media?parent=19694"}],"wp:term":[{"taxonomy":"product_brand","embeddable":true,"href":"https:\/\/hochzeitshaus-boos.de\/brautmode\/wp-json\/wp\/v2\/product_brand?post=19694"},{"taxonomy":"product_cat","embeddable":true,"href":"https:\/\/hochzeitshaus-boos.de\/brautmode\/wp-json\/wp\/v2\/product_cat?post=19694"},{"taxonomy":"product_tag","embeddable":true,"href":"https:\/\/hochzeitshaus-boos.de\/brautmode\/wp-json\/wp\/v2\/product_tag?post=19694"}],"curies":[{"name":"wp","href":"https:\/\/api.w.org\/{rel}","templated":true}]}}