{"id":18971,"date":"2025-12-01T12:05:34","date_gmt":"2025-12-01T11:05:34","guid":{"rendered":"https:\/\/hochzeitshaus-boos.de\/brautmode\/?post_type=product&#038;p=18971"},"modified":"2025-12-08T16:18:34","modified_gmt":"2025-12-08T15:18:34","slug":"brautkleid-76778","status":"publish","type":"product","link":"https:\/\/hochzeitshaus-boos.de\/brautmode\/fit-and-flare-brautkleider\/brautkleid-76778\/","title":{"rendered":"Brautkleid 76778"},"content":{"rendered":"","protected":false},"excerpt":{"rendered":"<p data-start=\"143\" data-end=\"407\">Ein Brautkleid, das moderne Eleganz und feminine Sinnlichkeit vereint. Dieses <strong data-start=\"221\" data-end=\"248\">Orea Sposa Kleid<\/strong>\u00a0besticht durch seine <strong data-start=\"270\" data-end=\"299\">schulterfreie Carmenlinie<\/strong>, die mit <strong data-start=\"309\" data-end=\"348\">romantischen 3D-Bl\u00fctenapplikationen<\/strong> verziert ist und einen Hauch von Couture-Flair verleiht.<\/p>\n<p data-start=\"409\" data-end=\"684\">Der <strong data-start=\"413\" data-end=\"443\">figurschmeichelnde Schnitt<\/strong> in flie\u00dfendem Satin betont gekonnt die Silhouette, w\u00e4hrend der <strong data-start=\"507\" data-end=\"532\">seitliche Beinschlitz<\/strong> dem Look eine verf\u00fchrerisch-moderne Note gibt. Ideal f\u00fcr die selbstbewusste Braut, die klassische Sch\u00f6nheit mit einem Hauch Glamour verbinden m\u00f6chte.<\/p>\n","protected":false},"featured_media":18972,"template":"","meta":{"site-sidebar-layout":"default","site-content-layout":"","ast-site-content-layout":"default","site-content-style":"default","site-sidebar-style":"default","ast-global-header-display":"","ast-banner-title-visibility":"","ast-main-header-display":"","ast-hfb-above-header-display":"","ast-hfb-below-header-display":"","ast-hfb-mobile-header-display":"","site-post-title":"","ast-breadcrumbs-content":"","ast-featured-img":"","footer-sml-layout":"","ast-disable-related-posts":"","theme-transparent-header-meta":"default","adv-header-id-meta":"","stick-header-meta":"default","header-above-stick-meta":"","header-main-stick-meta":"","header-below-stick-meta":"","astra-migrate-meta-layouts":"set","ast-page-background-enabled":"default","ast-page-background-meta":{"desktop":{"background-color":"var(--ast-global-color-4)","background-image":"","background-repeat":"repeat","background-position":"center center","background-size":"auto","background-attachment":"scroll","background-type":"","background-media":"","overlay-type":"","overlay-color":"","overlay-opacity":"","overlay-gradient":""},"tablet":{"background-color":"","background-image":"","background-repeat":"repeat","background-position":"center center","background-size":"auto","background-attachment":"scroll","background-type":"","background-media":"","overlay-type":"","overlay-color":"","overlay-opacity":"","overlay-gradient":""},"mobile":{"background-color":"","background-image":"","background-repeat":"repeat","background-position":"center center","background-size":"auto","background-attachment":"scroll","background-type":"","background-media":"","overlay-type":"","overlay-color":"","overlay-opacity":"","overlay-gradient":""}},"ast-content-background-meta":{"desktop":{"background-color":"var(--ast-global-color-5)","background-image":"","background-repeat":"repeat","background-position":"center center","background-size":"auto","background-attachment":"scroll","background-type":"","background-media":"","overlay-type":"","overlay-color":"","overlay-opacity":"","overlay-gradient":""},"tablet":{"background-color":"var(--ast-global-color-5)","background-image":"","background-repeat":"repeat","background-position":"center center","background-size":"auto","background-attachment":"scroll","background-type":"","background-media":"","overlay-type":"","overlay-color":"","overlay-opacity":"","overlay-gradient":""},"mobile":{"background-color":"var(--ast-global-color-5)","background-image":"","background-repeat":"repeat","background-position":"center center","background-size":"auto","background-attachment":"scroll","background-type":"","background-media":"","overlay-type":"","overlay-color":"","overlay-opacity":"","overlay-gradient":""}}},"product_brand":[],"product_cat":[116],"product_tag":[386],"class_list":{"0":"post-18971","1":"product","2":"type-product","3":"status-publish","4":"has-post-thumbnail","6":"product_cat-fit-and-flare-brautkleider","7":"product_tag-orea-sposa","8":"pa_aermel-carmen-aermel","9":"pa_ausschnitt-carmen-ausschnitt","10":"pa_farbe-ivory","11":"pa_lange-lang","12":"pa_material-satin","13":"pa_preisklasse-1000e-1499e","14":"pa_rueckenausschnitt-tiefer-rueckenausschnitt","15":"pa_schleppe-mit-schleppe","16":"pa_stilrichtung-fit-and-flare","17":"pa_traeger-off-shoulder","18":"desktop-align-center","19":"tablet-align-left","20":"mobile-align-center","21":"ast-product-gallery-layout-horizontal-slider","22":"ast-product-tabs-layout-distributed","23":"ast-qv-on-image","25":"first","26":"instock","27":"shipping-taxable","28":"purchasable","29":"product-type-simple","30":"add-to-wishlist-before_image"},"yoast_head":"<!-- This site is optimized with the Yoast SEO Premium plugin v27.1 (Yoast SEO v27.1.1) - https:\/\/yoast.com\/product\/yoast-seo-premium-wordpress\/ -->\n<title>Brautkleid 76778 | Hochzeitshaus Boos<\/title>\n<meta name=\"description\" content=\"Brautkleid 76778 im Hochzeitshaus Boos in Stuttgart, Karlsruhe, Mannheim und Ingolstadt. F\u00fcr jede Braut das passende Hochzeits-Outfit.\" \/>\n<meta name=\"robots\" content=\"index, follow, max-snippet:-1, max-image-preview:large, max-video-preview:-1\" \/>\n<link rel=\"canonical\" href=\"https:\/\/hochzeitshaus-boos.de\/brautmode\/fit-and-flare-brautkleider\/brautkleid-76778\/\" \/>\n<meta property=\"og:locale\" content=\"de_DE\" \/>\n<meta property=\"og:type\" content=\"article\" \/>\n<meta property=\"og:title\" content=\"Brautkleid 76778\" \/>\n<meta property=\"og:description\" content=\"Brautkleid 76778 im Hochzeitshaus Boos in Stuttgart, Karlsruhe, Mannheim und Ingolstadt. F\u00fcr jede Braut das passende Hochzeits-Outfit.\" \/>\n<meta property=\"og:url\" content=\"https:\/\/hochzeitshaus-boos.de\/brautmode\/fit-and-flare-brautkleider\/brautkleid-76778\/\" \/>\n<meta property=\"og:site_name\" content=\"Hochzeitshaus Boos\" \/>\n<meta property=\"article:publisher\" content=\"https:\/\/www.facebook.com\/hochzeitshaus.boos\" \/>\n<meta property=\"article:modified_time\" content=\"2025-12-08T15:18:34+00:00\" \/>\n<meta property=\"og:image\" content=\"https:\/\/hochzeitshaus-boos.de\/brautmode\/wp-content\/uploads\/2025\/11\/deme_L1151_1-scaled.png\" \/>\n\t<meta property=\"og:image:width\" content=\"1707\" \/>\n\t<meta property=\"og:image:height\" content=\"2560\" \/>\n\t<meta property=\"og:image:type\" content=\"image\/png\" \/>\n<meta name=\"twitter:card\" content=\"summary_large_image\" \/>\n<meta name=\"twitter:site\" content=\"@hh_boos_de\" \/>\n<meta name=\"twitter:label1\" content=\"Preis\" \/>\n\t<meta name=\"twitter:data1\" content=\"&euro;1,290.00\" \/>\n\t<meta name=\"twitter:label2\" content=\"Verf\u00fcgbarkeit\" \/>\n\t<meta name=\"twitter:data2\" content=\"Auf Lager\" \/>\n<script type=\"application\/ld+json\" class=\"yoast-schema-graph\">{\"@context\":\"https:\/\/schema.org\",\"@graph\":[{\"@type\":\"WebPage\",\"@id\":\"https:\/\/hochzeitshaus-boos.de\/brautmode\/fit-and-flare-brautkleider\/brautkleid-76778\/\",\"url\":\"https:\/\/hochzeitshaus-boos.de\/brautmode\/fit-and-flare-brautkleider\/brautkleid-76778\/\",\"name\":\"Brautkleid 76778 | Hochzeitshaus Boos\",\"isPartOf\":{\"@id\":\"https:\/\/hochzeitshaus-boos.de\/brautmode\/#website\"},\"primaryImageOfPage\":{\"@id\":\"https:\/\/hochzeitshaus-boos.de\/brautmode\/fit-and-flare-brautkleider\/brautkleid-76778\/#primaryimage\"},\"image\":{\"@id\":\"https:\/\/hochzeitshaus-boos.de\/brautmode\/fit-and-flare-brautkleider\/brautkleid-76778\/#primaryimage\"},\"thumbnailUrl\":\"https:\/\/hochzeitshaus-boos.de\/brautmode\/wp-content\/uploads\/2025\/11\/deme_L1151_1-scaled.png\",\"datePublished\":\"2025-12-01T11:05:34+00:00\",\"dateModified\":\"2025-12-08T15:18:34+00:00\",\"description\":\"Brautkleid 76778 im Hochzeitshaus Boos in Stuttgart, Karlsruhe, Mannheim und Ingolstadt. F\u00fcr jede Braut das passende Hochzeits-Outfit.\",\"breadcrumb\":{\"@id\":\"https:\/\/hochzeitshaus-boos.de\/brautmode\/fit-and-flare-brautkleider\/brautkleid-76778\/#breadcrumb\"},\"inLanguage\":\"de\",\"potentialAction\":[{\"@type\":\"ReadAction\",\"target\":[\"https:\/\/hochzeitshaus-boos.de\/brautmode\/fit-and-flare-brautkleider\/brautkleid-76778\/\"]}]},{\"@type\":\"ImageObject\",\"inLanguage\":\"de\",\"@id\":\"https:\/\/hochzeitshaus-boos.de\/brautmode\/fit-and-flare-brautkleider\/brautkleid-76778\/#primaryimage\",\"url\":\"https:\/\/hochzeitshaus-boos.de\/brautmode\/wp-content\/uploads\/2025\/11\/deme_L1151_1-scaled.png\",\"contentUrl\":\"https:\/\/hochzeitshaus-boos.de\/brautmode\/wp-content\/uploads\/2025\/11\/deme_L1151_1-scaled.png\",\"width\":1707,\"height\":2560},{\"@type\":\"BreadcrumbList\",\"@id\":\"https:\/\/hochzeitshaus-boos.de\/brautmode\/fit-and-flare-brautkleider\/brautkleid-76778\/#breadcrumb\",\"itemListElement\":[{\"@type\":\"ListItem\",\"position\":1,\"name\":\"Brautmode\",\"item\":\"https:\/\/hochzeitshaus-boos.de\/brautmode\/\"},{\"@type\":\"ListItem\",\"position\":2,\"name\":\"Produkte\",\"item\":\"https:\/\/hochzeitshaus-boos.de\/brautmode\/shop\/\"},{\"@type\":\"ListItem\",\"position\":3,\"name\":\"Brautkleid 76778\"}]},{\"@type\":\"WebSite\",\"@id\":\"https:\/\/hochzeitshaus-boos.de\/brautmode\/#website\",\"url\":\"https:\/\/hochzeitshaus-boos.de\/brautmode\/\",\"name\":\"Hochzeitshaus Boos\",\"description\":\"In Stuttgart, Mannheim, Karlsruhe und Ingolstadt\",\"publisher\":{\"@id\":\"https:\/\/hochzeitshaus-boos.de\/brautmode\/#organization\"},\"potentialAction\":[{\"@type\":\"SearchAction\",\"target\":{\"@type\":\"EntryPoint\",\"urlTemplate\":\"https:\/\/hochzeitshaus-boos.de\/brautmode\/?s={search_term_string}\"},\"query-input\":{\"@type\":\"PropertyValueSpecification\",\"valueRequired\":true,\"valueName\":\"search_term_string\"}}],\"inLanguage\":\"de\"},{\"@type\":\"Organization\",\"@id\":\"https:\/\/hochzeitshaus-boos.de\/brautmode\/#organization\",\"name\":\"Hochzeitshaus Boos\",\"url\":\"https:\/\/hochzeitshaus-boos.de\/brautmode\/\",\"logo\":{\"@type\":\"ImageObject\",\"inLanguage\":\"de\",\"@id\":\"https:\/\/hochzeitshaus-boos.de\/brautmode\/#\/schema\/logo\/image\/\",\"url\":\"https:\/\/hochzeitshaus-boos.de\/brautmode\/wp-content\/uploads\/2022\/08\/boos-hochzeitshaus-logo.png\",\"contentUrl\":\"https:\/\/hochzeitshaus-boos.de\/brautmode\/wp-content\/uploads\/2022\/08\/boos-hochzeitshaus-logo.png\",\"width\":559,\"height\":313,\"caption\":\"Hochzeitshaus Boos\"},\"image\":{\"@id\":\"https:\/\/hochzeitshaus-boos.de\/brautmode\/#\/schema\/logo\/image\/\"},\"sameAs\":[\"https:\/\/www.facebook.com\/hochzeitshaus.boos\",\"https:\/\/x.com\/hh_boos_de\",\"https:\/\/www.instagram.com\/hochzeitshaus_boos\"]}]}<\/script>\n<meta property=\"product:brand\" content=\"Orea Sposa\" \/>\n<meta property=\"product:price:amount\" content=\"1290.00\" \/>\n<meta property=\"product:price:currency\" content=\"EUR\" \/>\n<meta property=\"og:availability\" content=\"instock\" \/>\n<meta property=\"product:availability\" content=\"instock\" \/>\n<meta property=\"product:condition\" content=\"new\" \/>\n<!-- \/ Yoast SEO Premium plugin. -->","yoast_head_json":{"title":"Brautkleid 76778 | Hochzeitshaus Boos","description":"Brautkleid 76778 im Hochzeitshaus Boos in Stuttgart, Karlsruhe, Mannheim und Ingolstadt. F\u00fcr jede Braut das passende Hochzeits-Outfit.","robots":{"index":"index","follow":"follow","max-snippet":"max-snippet:-1","max-image-preview":"max-image-preview:large","max-video-preview":"max-video-preview:-1"},"canonical":"https:\/\/hochzeitshaus-boos.de\/brautmode\/fit-and-flare-brautkleider\/brautkleid-76778\/","og_locale":"de_DE","og_type":"article","og_title":"Brautkleid 76778","og_description":"Brautkleid 76778 im Hochzeitshaus Boos in Stuttgart, Karlsruhe, Mannheim und Ingolstadt. F\u00fcr jede Braut das passende Hochzeits-Outfit.","og_url":"https:\/\/hochzeitshaus-boos.de\/brautmode\/fit-and-flare-brautkleider\/brautkleid-76778\/","og_site_name":"Hochzeitshaus Boos","article_publisher":"https:\/\/www.facebook.com\/hochzeitshaus.boos","article_modified_time":"2025-12-08T15:18:34+00:00","og_image":[{"width":1707,"height":2560,"url":"https:\/\/hochzeitshaus-boos.de\/brautmode\/wp-content\/uploads\/2025\/11\/deme_L1151_1-scaled.png","type":"image\/png"}],"twitter_card":"summary_large_image","twitter_site":"@hh_boos_de","twitter_misc":{"Preis":"&euro;1,290.00","Verf\u00fcgbarkeit":"Auf Lager"},"schema":{"@context":"https:\/\/schema.org","@graph":[{"@type":"WebPage","@id":"https:\/\/hochzeitshaus-boos.de\/brautmode\/fit-and-flare-brautkleider\/brautkleid-76778\/","url":"https:\/\/hochzeitshaus-boos.de\/brautmode\/fit-and-flare-brautkleider\/brautkleid-76778\/","name":"Brautkleid 76778 | Hochzeitshaus Boos","isPartOf":{"@id":"https:\/\/hochzeitshaus-boos.de\/brautmode\/#website"},"primaryImageOfPage":{"@id":"https:\/\/hochzeitshaus-boos.de\/brautmode\/fit-and-flare-brautkleider\/brautkleid-76778\/#primaryimage"},"image":{"@id":"https:\/\/hochzeitshaus-boos.de\/brautmode\/fit-and-flare-brautkleider\/brautkleid-76778\/#primaryimage"},"thumbnailUrl":"https:\/\/hochzeitshaus-boos.de\/brautmode\/wp-content\/uploads\/2025\/11\/deme_L1151_1-scaled.png","datePublished":"2025-12-01T11:05:34+00:00","dateModified":"2025-12-08T15:18:34+00:00","description":"Brautkleid 76778 im Hochzeitshaus Boos in Stuttgart, Karlsruhe, Mannheim und Ingolstadt. F\u00fcr jede Braut das passende Hochzeits-Outfit.","breadcrumb":{"@id":"https:\/\/hochzeitshaus-boos.de\/brautmode\/fit-and-flare-brautkleider\/brautkleid-76778\/#breadcrumb"},"inLanguage":"de","potentialAction":[{"@type":"ReadAction","target":["https:\/\/hochzeitshaus-boos.de\/brautmode\/fit-and-flare-brautkleider\/brautkleid-76778\/"]}]},{"@type":"ImageObject","inLanguage":"de","@id":"https:\/\/hochzeitshaus-boos.de\/brautmode\/fit-and-flare-brautkleider\/brautkleid-76778\/#primaryimage","url":"https:\/\/hochzeitshaus-boos.de\/brautmode\/wp-content\/uploads\/2025\/11\/deme_L1151_1-scaled.png","contentUrl":"https:\/\/hochzeitshaus-boos.de\/brautmode\/wp-content\/uploads\/2025\/11\/deme_L1151_1-scaled.png","width":1707,"height":2560},{"@type":"BreadcrumbList","@id":"https:\/\/hochzeitshaus-boos.de\/brautmode\/fit-and-flare-brautkleider\/brautkleid-76778\/#breadcrumb","itemListElement":[{"@type":"ListItem","position":1,"name":"Brautmode","item":"https:\/\/hochzeitshaus-boos.de\/brautmode\/"},{"@type":"ListItem","position":2,"name":"Produkte","item":"https:\/\/hochzeitshaus-boos.de\/brautmode\/shop\/"},{"@type":"ListItem","position":3,"name":"Brautkleid 76778"}]},{"@type":"WebSite","@id":"https:\/\/hochzeitshaus-boos.de\/brautmode\/#website","url":"https:\/\/hochzeitshaus-boos.de\/brautmode\/","name":"Hochzeitshaus Boos","description":"In Stuttgart, Mannheim, Karlsruhe und Ingolstadt","publisher":{"@id":"https:\/\/hochzeitshaus-boos.de\/brautmode\/#organization"},"potentialAction":[{"@type":"SearchAction","target":{"@type":"EntryPoint","urlTemplate":"https:\/\/hochzeitshaus-boos.de\/brautmode\/?s={search_term_string}"},"query-input":{"@type":"PropertyValueSpecification","valueRequired":true,"valueName":"search_term_string"}}],"inLanguage":"de"},{"@type":"Organization","@id":"https:\/\/hochzeitshaus-boos.de\/brautmode\/#organization","name":"Hochzeitshaus Boos","url":"https:\/\/hochzeitshaus-boos.de\/brautmode\/","logo":{"@type":"ImageObject","inLanguage":"de","@id":"https:\/\/hochzeitshaus-boos.de\/brautmode\/#\/schema\/logo\/image\/","url":"https:\/\/hochzeitshaus-boos.de\/brautmode\/wp-content\/uploads\/2022\/08\/boos-hochzeitshaus-logo.png","contentUrl":"https:\/\/hochzeitshaus-boos.de\/brautmode\/wp-content\/uploads\/2022\/08\/boos-hochzeitshaus-logo.png","width":559,"height":313,"caption":"Hochzeitshaus Boos"},"image":{"@id":"https:\/\/hochzeitshaus-boos.de\/brautmode\/#\/schema\/logo\/image\/"},"sameAs":["https:\/\/www.facebook.com\/hochzeitshaus.boos","https:\/\/x.com\/hh_boos_de","https:\/\/www.instagram.com\/hochzeitshaus_boos"]}]},"product_brand":"Orea Sposa","product_price_amount":"1290.00","product_price_currency":"EUR","og_availability":"instock","product_availability":"instock","product_condition":"new"},"_links":{"self":[{"href":"https:\/\/hochzeitshaus-boos.de\/brautmode\/wp-json\/wp\/v2\/product\/18971","targetHints":{"allow":["GET"]}}],"collection":[{"href":"https:\/\/hochzeitshaus-boos.de\/brautmode\/wp-json\/wp\/v2\/product"}],"about":[{"href":"https:\/\/hochzeitshaus-boos.de\/brautmode\/wp-json\/wp\/v2\/types\/product"}],"wp:featuredmedia":[{"embeddable":true,"href":"https:\/\/hochzeitshaus-boos.de\/brautmode\/wp-json\/wp\/v2\/media\/18972"}],"wp:attachment":[{"href":"https:\/\/hochzeitshaus-boos.de\/brautmode\/wp-json\/wp\/v2\/media?parent=18971"}],"wp:term":[{"taxonomy":"product_brand","embeddable":true,"href":"https:\/\/hochzeitshaus-boos.de\/brautmode\/wp-json\/wp\/v2\/product_brand?post=18971"},{"taxonomy":"product_cat","embeddable":true,"href":"https:\/\/hochzeitshaus-boos.de\/brautmode\/wp-json\/wp\/v2\/product_cat?post=18971"},{"taxonomy":"product_tag","embeddable":true,"href":"https:\/\/hochzeitshaus-boos.de\/brautmode\/wp-json\/wp\/v2\/product_tag?post=18971"}],"curies":[{"name":"wp","href":"https:\/\/api.w.org\/{rel}","templated":true}]}}