{"id":16703,"date":"2023-12-04T18:24:28","date_gmt":"2023-12-04T17:24:28","guid":{"rendered":"https:\/\/hochzeitshaus-boos.de\/brautmode\/?post_type=product&#038;p=16703"},"modified":"2023-12-04T18:24:29","modified_gmt":"2023-12-04T17:24:29","slug":"brautkleid-65740","status":"publish","type":"product","link":"https:\/\/hochzeitshaus-boos.de\/brautmode\/a-linie-brautkleider\/brautkleid-65740\/","title":{"rendered":"Brautkleid 65740"},"content":{"rendered":"","protected":false},"excerpt":{"rendered":"<p>Das Bianco Evento Brautkleid ist ein wundersch\u00f6ner Ausdruck klassischer Romantik, vermischt mit moderner Eleganz. Das tr\u00e4gerlose Design umschmeichelt die Figur und bietet mit seinem herzf\u00f6rmigen Ausschnitt eine perfekte B\u00fchne f\u00fcr zarte Haut und ein sch\u00f6nes Dekollet\u00e9. \u00dcber den gesamten Korpus verstreut, verleiht die aufwendige 3D-Spitze dem Kleid eine exquisite Textur und Dimension, die es von anderen abhebt.<\/p>\n<p>Die Spitze flie\u00dft nahtlos von dem fein strukturierten Oberteil hinunter bis zum volumin\u00f6sen Rock, der in einer weichen A-Linie f\u00e4llt und sanft den Boden ber\u00fchrt. Die Schleppe des Kleides ist ein echtes Highlight, sie breitet sich majest\u00e4tisch aus und ist ges\u00e4umt von Spitzenapplikationen, die das Licht einfangen und bei jeder Bewegung schimmern. Dies verleiht der Braut eine anmutige Pr\u00e4senz, wenn sie zum Altar schreitet.<\/p>\n<p>Die Konstruktion des Kleides sorgt trotz des tr\u00e4gerlosen Designs f\u00fcr Sicherheit und Komfort, dank eingearbeiteter St\u00fctzelemente, die eine schmeichelhafte Passform garantieren. Jedes Detail, von den handgen\u00e4hten Spitzen bis hin zum verdeckten Rei\u00dfverschluss, spiegelt die handwerkliche Kunstfertigkeit und Sorgfalt wider, mit der Bianco Evento seine Brautkleider kreiert. Dieses Kleid ist nicht nur ein atemberaubendes Hochzeitsgewand, sondern auch ein Symbol f\u00fcr die Sch\u00f6nheit und Einzigartigkeit jeder Braut, die es tr\u00e4gt.<\/p>\n","protected":false},"featured_media":16704,"template":"","meta":{"site-sidebar-layout":"default","site-content-layout":"","ast-site-content-layout":"default","site-content-style":"default","site-sidebar-style":"default","ast-global-header-display":"","ast-banner-title-visibility":"","ast-main-header-display":"","ast-hfb-above-header-display":"","ast-hfb-below-header-display":"","ast-hfb-mobile-header-display":"","site-post-title":"","ast-breadcrumbs-content":"","ast-featured-img":"","footer-sml-layout":"","ast-disable-related-posts":"","theme-transparent-header-meta":"default","adv-header-id-meta":"","stick-header-meta":"default","header-above-stick-meta":"","header-main-stick-meta":"","header-below-stick-meta":"","astra-migrate-meta-layouts":"set","ast-page-background-enabled":"default","ast-page-background-meta":{"desktop":{"background-color":"var(--ast-global-color-4)","background-image":"","background-repeat":"repeat","background-position":"center center","background-size":"auto","background-attachment":"scroll","background-type":"","background-media":"","overlay-type":"","overlay-color":"","overlay-opacity":"","overlay-gradient":""},"tablet":{"background-color":"","background-image":"","background-repeat":"repeat","background-position":"center center","background-size":"auto","background-attachment":"scroll","background-type":"","background-media":"","overlay-type":"","overlay-color":"","overlay-opacity":"","overlay-gradient":""},"mobile":{"background-color":"","background-image":"","background-repeat":"repeat","background-position":"center center","background-size":"auto","background-attachment":"scroll","background-type":"","background-media":"","overlay-type":"","overlay-color":"","overlay-opacity":"","overlay-gradient":""}},"ast-content-background-meta":{"desktop":{"background-color":"var(--ast-global-color-5)","background-image":"","background-repeat":"repeat","background-position":"center center","background-size":"auto","background-attachment":"scroll","background-type":"","background-media":"","overlay-type":"","overlay-color":"","overlay-opacity":"","overlay-gradient":""},"tablet":{"background-color":"var(--ast-global-color-5)","background-image":"","background-repeat":"repeat","background-position":"center center","background-size":"auto","background-attachment":"scroll","background-type":"","background-media":"","overlay-type":"","overlay-color":"","overlay-opacity":"","overlay-gradient":""},"mobile":{"background-color":"var(--ast-global-color-5)","background-image":"","background-repeat":"repeat","background-position":"center center","background-size":"auto","background-attachment":"scroll","background-type":"","background-media":"","overlay-type":"","overlay-color":"","overlay-opacity":"","overlay-gradient":""}}},"product_brand":[],"product_cat":[112],"product_tag":[428],"class_list":{"0":"post-16703","1":"product","2":"type-product","3":"status-publish","4":"has-post-thumbnail","6":"product_cat-a-linie-brautkleider","7":"product_tag-bianco-evento","8":"pa_ausschnitt-herz-ausschnitt","9":"pa_farbe-ivory","10":"pa_lange-lang","11":"pa_material-tuell","12":"pa_preisklasse-1000e-1499e","13":"pa_rueckenausschnitt-gerader-ausschnitt","14":"pa_schleppe-mit-schleppe","15":"pa_stilrichtung-a-linie","16":"pa_traeger-traegerlos","17":"desktop-align-center","18":"tablet-align-left","19":"mobile-align-center","20":"ast-product-gallery-layout-horizontal-slider","21":"ast-product-tabs-layout-distributed","22":"ast-qv-on-image","24":"first","25":"instock","26":"shipping-taxable","27":"purchasable","28":"product-type-simple","29":"add-to-wishlist-before_image"},"yoast_head":"<!-- This site is optimized with the Yoast SEO Premium plugin v27.3 (Yoast SEO v27.3) - https:\/\/yoast.com\/product\/yoast-seo-premium-wordpress\/ -->\n<title>Brautkleid 65740 | Hochzeitshaus Boos<\/title>\n<meta name=\"description\" content=\"Brautkleid 65740 im Hochzeitshaus Boos in Stuttgart, Karlsruhe, Mannheim und Ingolstadt. F\u00fcr jede Braut das passende Hochzeits-Outfit.\" \/>\n<meta name=\"robots\" content=\"index, follow, max-snippet:-1, max-image-preview:large, max-video-preview:-1\" \/>\n<link rel=\"canonical\" href=\"https:\/\/hochzeitshaus-boos.de\/brautmode\/a-linie-brautkleider\/brautkleid-65740\/\" \/>\n<meta property=\"og:locale\" content=\"de_DE\" \/>\n<meta property=\"og:type\" content=\"article\" \/>\n<meta property=\"og:title\" content=\"Brautkleid 65740\" \/>\n<meta property=\"og:description\" content=\"Brautkleid 65740 im Hochzeitshaus Boos in Stuttgart, Karlsruhe, Mannheim und Ingolstadt. F\u00fcr jede Braut das passende Hochzeits-Outfit.\" \/>\n<meta property=\"og:url\" content=\"https:\/\/hochzeitshaus-boos.de\/brautmode\/a-linie-brautkleider\/brautkleid-65740\/\" \/>\n<meta property=\"og:site_name\" content=\"Hochzeitshaus Boos\" \/>\n<meta property=\"article:publisher\" content=\"https:\/\/www.facebook.com\/hochzeitshaus.boos\" \/>\n<meta property=\"article:modified_time\" content=\"2023-12-04T17:24:29+00:00\" \/>\n<meta property=\"og:image\" content=\"https:\/\/hochzeitshaus-boos.de\/brautmode\/wp-content\/uploads\/2023\/12\/65740_brautkleid-ohne-traeger-mit-3d-spitze_1.jpg\" \/>\n\t<meta property=\"og:image:width\" content=\"1000\" \/>\n\t<meta property=\"og:image:height\" content=\"1500\" \/>\n\t<meta property=\"og:image:type\" content=\"image\/jpeg\" \/>\n<meta name=\"twitter:card\" content=\"summary_large_image\" \/>\n<meta name=\"twitter:site\" content=\"@hh_boos_de\" \/>\n<meta name=\"twitter:label1\" content=\"Preis\" \/>\n\t<meta name=\"twitter:data1\" content=\"&euro;1,290.00\" \/>\n\t<meta name=\"twitter:label2\" content=\"Verf\u00fcgbarkeit\" \/>\n\t<meta name=\"twitter:data2\" content=\"Auf Lager\" \/>\n<script type=\"application\/ld+json\" class=\"yoast-schema-graph\">{\"@context\":\"https:\\\/\\\/schema.org\",\"@graph\":[{\"@type\":\"WebPage\",\"@id\":\"https:\\\/\\\/hochzeitshaus-boos.de\\\/brautmode\\\/a-linie-brautkleider\\\/brautkleid-65740\\\/\",\"url\":\"https:\\\/\\\/hochzeitshaus-boos.de\\\/brautmode\\\/a-linie-brautkleider\\\/brautkleid-65740\\\/\",\"name\":\"Brautkleid 65740 | Hochzeitshaus Boos\",\"isPartOf\":{\"@id\":\"https:\\\/\\\/hochzeitshaus-boos.de\\\/brautmode\\\/#website\"},\"primaryImageOfPage\":{\"@id\":\"https:\\\/\\\/hochzeitshaus-boos.de\\\/brautmode\\\/a-linie-brautkleider\\\/brautkleid-65740\\\/#primaryimage\"},\"image\":{\"@id\":\"https:\\\/\\\/hochzeitshaus-boos.de\\\/brautmode\\\/a-linie-brautkleider\\\/brautkleid-65740\\\/#primaryimage\"},\"thumbnailUrl\":\"https:\\\/\\\/hochzeitshaus-boos.de\\\/brautmode\\\/wp-content\\\/uploads\\\/2023\\\/12\\\/65740_brautkleid-ohne-traeger-mit-3d-spitze_1.jpg\",\"datePublished\":\"2023-12-04T17:24:28+00:00\",\"dateModified\":\"2023-12-04T17:24:29+00:00\",\"description\":\"Brautkleid 65740 im Hochzeitshaus Boos in Stuttgart, Karlsruhe, Mannheim und Ingolstadt. F\u00fcr jede Braut das passende Hochzeits-Outfit.\",\"breadcrumb\":{\"@id\":\"https:\\\/\\\/hochzeitshaus-boos.de\\\/brautmode\\\/a-linie-brautkleider\\\/brautkleid-65740\\\/#breadcrumb\"},\"inLanguage\":\"de\",\"potentialAction\":[{\"@type\":\"ReadAction\",\"target\":[\"https:\\\/\\\/hochzeitshaus-boos.de\\\/brautmode\\\/a-linie-brautkleider\\\/brautkleid-65740\\\/\"]}]},{\"@type\":\"ImageObject\",\"inLanguage\":\"de\",\"@id\":\"https:\\\/\\\/hochzeitshaus-boos.de\\\/brautmode\\\/a-linie-brautkleider\\\/brautkleid-65740\\\/#primaryimage\",\"url\":\"https:\\\/\\\/hochzeitshaus-boos.de\\\/brautmode\\\/wp-content\\\/uploads\\\/2023\\\/12\\\/65740_brautkleid-ohne-traeger-mit-3d-spitze_1.jpg\",\"contentUrl\":\"https:\\\/\\\/hochzeitshaus-boos.de\\\/brautmode\\\/wp-content\\\/uploads\\\/2023\\\/12\\\/65740_brautkleid-ohne-traeger-mit-3d-spitze_1.jpg\",\"width\":1000,\"height\":1500},{\"@type\":\"BreadcrumbList\",\"@id\":\"https:\\\/\\\/hochzeitshaus-boos.de\\\/brautmode\\\/a-linie-brautkleider\\\/brautkleid-65740\\\/#breadcrumb\",\"itemListElement\":[{\"@type\":\"ListItem\",\"position\":1,\"name\":\"Brautmode\",\"item\":\"https:\\\/\\\/hochzeitshaus-boos.de\\\/brautmode\\\/\"},{\"@type\":\"ListItem\",\"position\":2,\"name\":\"Produkte\",\"item\":\"https:\\\/\\\/hochzeitshaus-boos.de\\\/brautmode\\\/shop\\\/\"},{\"@type\":\"ListItem\",\"position\":3,\"name\":\"Brautkleid 65740\"}]},{\"@type\":\"WebSite\",\"@id\":\"https:\\\/\\\/hochzeitshaus-boos.de\\\/brautmode\\\/#website\",\"url\":\"https:\\\/\\\/hochzeitshaus-boos.de\\\/brautmode\\\/\",\"name\":\"Hochzeitshaus Boos\",\"description\":\"In Stuttgart, Mannheim, Karlsruhe und Ingolstadt\",\"publisher\":{\"@id\":\"https:\\\/\\\/hochzeitshaus-boos.de\\\/brautmode\\\/#organization\"},\"potentialAction\":[{\"@type\":\"SearchAction\",\"target\":{\"@type\":\"EntryPoint\",\"urlTemplate\":\"https:\\\/\\\/hochzeitshaus-boos.de\\\/brautmode\\\/?s={search_term_string}\"},\"query-input\":{\"@type\":\"PropertyValueSpecification\",\"valueRequired\":true,\"valueName\":\"search_term_string\"}}],\"inLanguage\":\"de\"},{\"@type\":\"Organization\",\"@id\":\"https:\\\/\\\/hochzeitshaus-boos.de\\\/brautmode\\\/#organization\",\"name\":\"Hochzeitshaus Boos\",\"url\":\"https:\\\/\\\/hochzeitshaus-boos.de\\\/brautmode\\\/\",\"logo\":{\"@type\":\"ImageObject\",\"inLanguage\":\"de\",\"@id\":\"https:\\\/\\\/hochzeitshaus-boos.de\\\/brautmode\\\/#\\\/schema\\\/logo\\\/image\\\/\",\"url\":\"https:\\\/\\\/hochzeitshaus-boos.de\\\/brautmode\\\/wp-content\\\/uploads\\\/2022\\\/08\\\/boos-hochzeitshaus-logo.png\",\"contentUrl\":\"https:\\\/\\\/hochzeitshaus-boos.de\\\/brautmode\\\/wp-content\\\/uploads\\\/2022\\\/08\\\/boos-hochzeitshaus-logo.png\",\"width\":559,\"height\":313,\"caption\":\"Hochzeitshaus Boos\"},\"image\":{\"@id\":\"https:\\\/\\\/hochzeitshaus-boos.de\\\/brautmode\\\/#\\\/schema\\\/logo\\\/image\\\/\"},\"sameAs\":[\"https:\\\/\\\/www.facebook.com\\\/hochzeitshaus.boos\",\"https:\\\/\\\/x.com\\\/hh_boos_de\",\"https:\\\/\\\/www.instagram.com\\\/hochzeitshaus_boos\"]}]}<\/script>\n<meta property=\"product:brand\" content=\"Bianco Evento\" \/>\n<meta property=\"product:price:amount\" content=\"1290.00\" \/>\n<meta property=\"product:price:currency\" content=\"EUR\" \/>\n<meta property=\"og:availability\" content=\"instock\" \/>\n<meta property=\"product:availability\" content=\"instock\" \/>\n<meta property=\"product:retailer_item_id\" content=\"B65740\" \/>\n<meta property=\"product:condition\" content=\"new\" \/>\n<!-- \/ Yoast SEO Premium plugin. -->","yoast_head_json":{"title":"Brautkleid 65740 | Hochzeitshaus Boos","description":"Brautkleid 65740 im Hochzeitshaus Boos in Stuttgart, Karlsruhe, Mannheim und Ingolstadt. F\u00fcr jede Braut das passende Hochzeits-Outfit.","robots":{"index":"index","follow":"follow","max-snippet":"max-snippet:-1","max-image-preview":"max-image-preview:large","max-video-preview":"max-video-preview:-1"},"canonical":"https:\/\/hochzeitshaus-boos.de\/brautmode\/a-linie-brautkleider\/brautkleid-65740\/","og_locale":"de_DE","og_type":"article","og_title":"Brautkleid 65740","og_description":"Brautkleid 65740 im Hochzeitshaus Boos in Stuttgart, Karlsruhe, Mannheim und Ingolstadt. F\u00fcr jede Braut das passende Hochzeits-Outfit.","og_url":"https:\/\/hochzeitshaus-boos.de\/brautmode\/a-linie-brautkleider\/brautkleid-65740\/","og_site_name":"Hochzeitshaus Boos","article_publisher":"https:\/\/www.facebook.com\/hochzeitshaus.boos","article_modified_time":"2023-12-04T17:24:29+00:00","og_image":[{"width":1000,"height":1500,"url":"https:\/\/hochzeitshaus-boos.de\/brautmode\/wp-content\/uploads\/2023\/12\/65740_brautkleid-ohne-traeger-mit-3d-spitze_1.jpg","type":"image\/jpeg"}],"twitter_card":"summary_large_image","twitter_site":"@hh_boos_de","twitter_misc":{"Preis":"&euro;1,290.00","Verf\u00fcgbarkeit":"Auf Lager"},"schema":{"@context":"https:\/\/schema.org","@graph":[{"@type":"WebPage","@id":"https:\/\/hochzeitshaus-boos.de\/brautmode\/a-linie-brautkleider\/brautkleid-65740\/","url":"https:\/\/hochzeitshaus-boos.de\/brautmode\/a-linie-brautkleider\/brautkleid-65740\/","name":"Brautkleid 65740 | Hochzeitshaus Boos","isPartOf":{"@id":"https:\/\/hochzeitshaus-boos.de\/brautmode\/#website"},"primaryImageOfPage":{"@id":"https:\/\/hochzeitshaus-boos.de\/brautmode\/a-linie-brautkleider\/brautkleid-65740\/#primaryimage"},"image":{"@id":"https:\/\/hochzeitshaus-boos.de\/brautmode\/a-linie-brautkleider\/brautkleid-65740\/#primaryimage"},"thumbnailUrl":"https:\/\/hochzeitshaus-boos.de\/brautmode\/wp-content\/uploads\/2023\/12\/65740_brautkleid-ohne-traeger-mit-3d-spitze_1.jpg","datePublished":"2023-12-04T17:24:28+00:00","dateModified":"2023-12-04T17:24:29+00:00","description":"Brautkleid 65740 im Hochzeitshaus Boos in Stuttgart, Karlsruhe, Mannheim und Ingolstadt. F\u00fcr jede Braut das passende Hochzeits-Outfit.","breadcrumb":{"@id":"https:\/\/hochzeitshaus-boos.de\/brautmode\/a-linie-brautkleider\/brautkleid-65740\/#breadcrumb"},"inLanguage":"de","potentialAction":[{"@type":"ReadAction","target":["https:\/\/hochzeitshaus-boos.de\/brautmode\/a-linie-brautkleider\/brautkleid-65740\/"]}]},{"@type":"ImageObject","inLanguage":"de","@id":"https:\/\/hochzeitshaus-boos.de\/brautmode\/a-linie-brautkleider\/brautkleid-65740\/#primaryimage","url":"https:\/\/hochzeitshaus-boos.de\/brautmode\/wp-content\/uploads\/2023\/12\/65740_brautkleid-ohne-traeger-mit-3d-spitze_1.jpg","contentUrl":"https:\/\/hochzeitshaus-boos.de\/brautmode\/wp-content\/uploads\/2023\/12\/65740_brautkleid-ohne-traeger-mit-3d-spitze_1.jpg","width":1000,"height":1500},{"@type":"BreadcrumbList","@id":"https:\/\/hochzeitshaus-boos.de\/brautmode\/a-linie-brautkleider\/brautkleid-65740\/#breadcrumb","itemListElement":[{"@type":"ListItem","position":1,"name":"Brautmode","item":"https:\/\/hochzeitshaus-boos.de\/brautmode\/"},{"@type":"ListItem","position":2,"name":"Produkte","item":"https:\/\/hochzeitshaus-boos.de\/brautmode\/shop\/"},{"@type":"ListItem","position":3,"name":"Brautkleid 65740"}]},{"@type":"WebSite","@id":"https:\/\/hochzeitshaus-boos.de\/brautmode\/#website","url":"https:\/\/hochzeitshaus-boos.de\/brautmode\/","name":"Hochzeitshaus Boos","description":"In Stuttgart, Mannheim, Karlsruhe und Ingolstadt","publisher":{"@id":"https:\/\/hochzeitshaus-boos.de\/brautmode\/#organization"},"potentialAction":[{"@type":"SearchAction","target":{"@type":"EntryPoint","urlTemplate":"https:\/\/hochzeitshaus-boos.de\/brautmode\/?s={search_term_string}"},"query-input":{"@type":"PropertyValueSpecification","valueRequired":true,"valueName":"search_term_string"}}],"inLanguage":"de"},{"@type":"Organization","@id":"https:\/\/hochzeitshaus-boos.de\/brautmode\/#organization","name":"Hochzeitshaus Boos","url":"https:\/\/hochzeitshaus-boos.de\/brautmode\/","logo":{"@type":"ImageObject","inLanguage":"de","@id":"https:\/\/hochzeitshaus-boos.de\/brautmode\/#\/schema\/logo\/image\/","url":"https:\/\/hochzeitshaus-boos.de\/brautmode\/wp-content\/uploads\/2022\/08\/boos-hochzeitshaus-logo.png","contentUrl":"https:\/\/hochzeitshaus-boos.de\/brautmode\/wp-content\/uploads\/2022\/08\/boos-hochzeitshaus-logo.png","width":559,"height":313,"caption":"Hochzeitshaus Boos"},"image":{"@id":"https:\/\/hochzeitshaus-boos.de\/brautmode\/#\/schema\/logo\/image\/"},"sameAs":["https:\/\/www.facebook.com\/hochzeitshaus.boos","https:\/\/x.com\/hh_boos_de","https:\/\/www.instagram.com\/hochzeitshaus_boos"]}]},"product_brand":"Bianco Evento","product_price_amount":"1290.00","product_price_currency":"EUR","og_availability":"instock","product_availability":"instock","product_retailer_item_id":"B65740","product_condition":"new"},"_links":{"self":[{"href":"https:\/\/hochzeitshaus-boos.de\/brautmode\/wp-json\/wp\/v2\/product\/16703","targetHints":{"allow":["GET"]}}],"collection":[{"href":"https:\/\/hochzeitshaus-boos.de\/brautmode\/wp-json\/wp\/v2\/product"}],"about":[{"href":"https:\/\/hochzeitshaus-boos.de\/brautmode\/wp-json\/wp\/v2\/types\/product"}],"wp:featuredmedia":[{"embeddable":true,"href":"https:\/\/hochzeitshaus-boos.de\/brautmode\/wp-json\/wp\/v2\/media\/16704"}],"wp:attachment":[{"href":"https:\/\/hochzeitshaus-boos.de\/brautmode\/wp-json\/wp\/v2\/media?parent=16703"}],"wp:term":[{"taxonomy":"product_brand","embeddable":true,"href":"https:\/\/hochzeitshaus-boos.de\/brautmode\/wp-json\/wp\/v2\/product_brand?post=16703"},{"taxonomy":"product_cat","embeddable":true,"href":"https:\/\/hochzeitshaus-boos.de\/brautmode\/wp-json\/wp\/v2\/product_cat?post=16703"},{"taxonomy":"product_tag","embeddable":true,"href":"https:\/\/hochzeitshaus-boos.de\/brautmode\/wp-json\/wp\/v2\/product_tag?post=16703"}],"curies":[{"name":"wp","href":"https:\/\/api.w.org\/{rel}","templated":true}]}}