{"id":16427,"date":"2023-11-17T10:32:14","date_gmt":"2023-11-17T09:32:14","guid":{"rendered":"https:\/\/hochzeitshaus-boos.de\/brautmode\/?post_type=product&#038;p=16427"},"modified":"2023-11-17T10:32:15","modified_gmt":"2023-11-17T09:32:15","slug":"brautkleid-65952","status":"publish","type":"product","link":"https:\/\/hochzeitshaus-boos.de\/brautmode\/a-linie-brautkleider\/brautkleid-65952\/","title":{"rendered":"Brautkleid 65952"},"content":{"rendered":"","protected":false},"excerpt":{"rendered":"<p>Stell dir vor, du schreitest in diesem traumhaften A-Linien Brautkleid von Ladybird an deinem gro\u00dfen Tag dem Altar entgegen. Dieses Kleid ist ein wahres Meisterwerk an Eleganz und feiner Handwerkskunst, entworfen, um deine nat\u00fcrliche Sch\u00f6nheit zu unterstreichen und dir ein Gef\u00fchl von k\u00f6niglicher Anmut zu verleihen.<\/p>\n<p>Vom ersten Moment an, in dem du in den Spiegel blickst, wirst du den Hauch von Magie f\u00fchlen, den dieses Kleid verspr\u00fcht. Der obere Teil des Kleides pr\u00e4sentiert sich mit einer exquisiten Spitze, die sorgf\u00e4ltig \u00fcber das Mieder und die langen, transparenten \u00c4rmel gearbeitet ist. Die \u00c4rmel sind au\u00dferdem abnehmbar. Die filigranen Spitzenapplikationen spielen mit der Illusion nackter Haut und schaffen ein zartes, aber atemberaubendes Dekollet\u00e9, das in einem tiefen V-Ausschnitt gipfelt.<\/p>\n<p>Das R\u00fcckendesign setzt mit seiner zarten Spitzenverzierung und dem geschmackvollen, tiefen Ausschnitt ein Statement, das sowohl klassisch als auch aufregend modern ist. Es bietet einen romantischen Kontrast zu der sonst so schlichten Eleganz des Kleides und sorgt f\u00fcr einen unvergesslichen Auftritt.<\/p>\n<p>Der Rock f\u00e4llt schwerelos zu deinen F\u00fc\u00dfen und sorgt mit seiner A-Linien-Form f\u00fcr eine schmeichelnde, figurbetonte Silhouette, die bei jeder Bewegung grazile Akzente setzt. Die feine, luftige Schichtung des Stoffes f\u00fcgt eine weitere Dimension hinzu und l\u00e4sst dich wie auf Wolken schweben.<\/p>\n<p>Und dann ist da noch die Schleppe \u2013 eine elegante Fortsetzung des prachtvollen Rocks, die hinter dir herzieht und jedem deiner Schritte eine majest\u00e4tische Note verleiht. Dieses Kleid von Ladybird ist ein Versprechen f\u00fcr einen unvergesslichen Auftritt und eine Hommage an deine einzigartige Liebesgeschichte. Es ist mehr als ein Kleid \u2013 es ist ein Traum, der wahr wird, ein Symbol deiner Liebe und ein Begleiter, der dich auf dem Weg in dein neues Gl\u00fcck umh\u00fcllt.<\/p>\n","protected":false},"featured_media":16428,"template":"","meta":{"site-sidebar-layout":"default","site-content-layout":"","ast-site-content-layout":"default","site-content-style":"default","site-sidebar-style":"default","ast-global-header-display":"","ast-banner-title-visibility":"","ast-main-header-display":"","ast-hfb-above-header-display":"","ast-hfb-below-header-display":"","ast-hfb-mobile-header-display":"","site-post-title":"","ast-breadcrumbs-content":"","ast-featured-img":"","footer-sml-layout":"","ast-disable-related-posts":"","theme-transparent-header-meta":"default","adv-header-id-meta":"","stick-header-meta":"default","header-above-stick-meta":"","header-main-stick-meta":"","header-below-stick-meta":"","astra-migrate-meta-layouts":"set","ast-page-background-enabled":"default","ast-page-background-meta":{"desktop":{"background-color":"var(--ast-global-color-4)","background-image":"","background-repeat":"repeat","background-position":"center center","background-size":"auto","background-attachment":"scroll","background-type":"","background-media":"","overlay-type":"","overlay-color":"","overlay-opacity":"","overlay-gradient":""},"tablet":{"background-color":"","background-image":"","background-repeat":"repeat","background-position":"center center","background-size":"auto","background-attachment":"scroll","background-type":"","background-media":"","overlay-type":"","overlay-color":"","overlay-opacity":"","overlay-gradient":""},"mobile":{"background-color":"","background-image":"","background-repeat":"repeat","background-position":"center center","background-size":"auto","background-attachment":"scroll","background-type":"","background-media":"","overlay-type":"","overlay-color":"","overlay-opacity":"","overlay-gradient":""}},"ast-content-background-meta":{"desktop":{"background-color":"var(--ast-global-color-5)","background-image":"","background-repeat":"repeat","background-position":"center center","background-size":"auto","background-attachment":"scroll","background-type":"","background-media":"","overlay-type":"","overlay-color":"","overlay-opacity":"","overlay-gradient":""},"tablet":{"background-color":"var(--ast-global-color-5)","background-image":"","background-repeat":"repeat","background-position":"center center","background-size":"auto","background-attachment":"scroll","background-type":"","background-media":"","overlay-type":"","overlay-color":"","overlay-opacity":"","overlay-gradient":""},"mobile":{"background-color":"var(--ast-global-color-5)","background-image":"","background-repeat":"repeat","background-position":"center center","background-size":"auto","background-attachment":"scroll","background-type":"","background-media":"","overlay-type":"","overlay-color":"","overlay-opacity":"","overlay-gradient":""}}},"product_brand":[],"product_cat":[112],"product_tag":[381],"class_list":{"0":"post-16427","1":"product","2":"type-product","3":"status-publish","4":"has-post-thumbnail","6":"product_cat-a-linie-brautkleider","7":"product_tag-ladybird","8":"pa_aermel-lange-aermel","9":"pa_ausschnitt-v-ausschnitt","10":"pa_farbe-ivory","11":"pa_lange-lang","12":"pa_material-organza","13":"pa_preisklasse-1500e-1999e","14":"pa_rueckenausschnitt-v-ausschnitt","15":"pa_schleppe-mit-schleppe","16":"pa_stilrichtung-a-linie","17":"pa_traeger-schmale-traeger","18":"desktop-align-center","19":"tablet-align-left","20":"mobile-align-center","21":"ast-product-gallery-layout-horizontal-slider","22":"ast-product-tabs-layout-distributed","23":"ast-qv-on-image","25":"first","26":"instock","27":"shipping-taxable","28":"purchasable","29":"product-type-simple","30":"add-to-wishlist-before_image"},"yoast_head":"<!-- This site is optimized with the Yoast SEO Premium plugin v27.3 (Yoast SEO v27.3) - https:\/\/yoast.com\/product\/yoast-seo-premium-wordpress\/ -->\n<title>Brautkleid 65952 | Hochzeitshaus Boos<\/title>\n<meta name=\"description\" content=\"Brautkleid 65952 im Hochzeitshaus Boos in Stuttgart, Karlsruhe, Mannheim und Ingolstadt. F\u00fcr jede Braut das passende Hochzeits-Outfit.\" \/>\n<meta name=\"robots\" content=\"index, follow, max-snippet:-1, max-image-preview:large, max-video-preview:-1\" \/>\n<link rel=\"canonical\" href=\"https:\/\/hochzeitshaus-boos.de\/brautmode\/a-linie-brautkleider\/brautkleid-65952\/\" \/>\n<meta property=\"og:locale\" content=\"de_DE\" \/>\n<meta property=\"og:type\" content=\"article\" \/>\n<meta property=\"og:title\" content=\"Brautkleid 65952\" \/>\n<meta property=\"og:description\" content=\"Brautkleid 65952 im Hochzeitshaus Boos in Stuttgart, Karlsruhe, Mannheim und Ingolstadt. F\u00fcr jede Braut das passende Hochzeits-Outfit.\" \/>\n<meta property=\"og:url\" content=\"https:\/\/hochzeitshaus-boos.de\/brautmode\/a-linie-brautkleider\/brautkleid-65952\/\" \/>\n<meta property=\"og:site_name\" content=\"Hochzeitshaus Boos\" \/>\n<meta property=\"article:publisher\" content=\"https:\/\/www.facebook.com\/hochzeitshaus.boos\" \/>\n<meta property=\"article:modified_time\" content=\"2023-11-17T09:32:15+00:00\" \/>\n<meta property=\"og:image\" content=\"https:\/\/hochzeitshaus-boos.de\/brautmode\/wp-content\/uploads\/2023\/11\/65952_Brautkleid-langarm-spitze_1.jpg\" \/>\n\t<meta property=\"og:image:width\" content=\"1000\" \/>\n\t<meta property=\"og:image:height\" content=\"1500\" \/>\n\t<meta property=\"og:image:type\" content=\"image\/jpeg\" \/>\n<meta name=\"twitter:card\" content=\"summary_large_image\" \/>\n<meta name=\"twitter:site\" content=\"@hh_boos_de\" \/>\n<meta name=\"twitter:label1\" content=\"Preis\" \/>\n\t<meta name=\"twitter:data1\" content=\"&euro;1,890.00\" \/>\n\t<meta name=\"twitter:label2\" content=\"Verf\u00fcgbarkeit\" \/>\n\t<meta name=\"twitter:data2\" content=\"Auf Lager\" \/>\n<script type=\"application\/ld+json\" class=\"yoast-schema-graph\">{\"@context\":\"https:\\\/\\\/schema.org\",\"@graph\":[{\"@type\":\"WebPage\",\"@id\":\"https:\\\/\\\/hochzeitshaus-boos.de\\\/brautmode\\\/a-linie-brautkleider\\\/brautkleid-65952\\\/\",\"url\":\"https:\\\/\\\/hochzeitshaus-boos.de\\\/brautmode\\\/a-linie-brautkleider\\\/brautkleid-65952\\\/\",\"name\":\"Brautkleid 65952 | Hochzeitshaus Boos\",\"isPartOf\":{\"@id\":\"https:\\\/\\\/hochzeitshaus-boos.de\\\/brautmode\\\/#website\"},\"primaryImageOfPage\":{\"@id\":\"https:\\\/\\\/hochzeitshaus-boos.de\\\/brautmode\\\/a-linie-brautkleider\\\/brautkleid-65952\\\/#primaryimage\"},\"image\":{\"@id\":\"https:\\\/\\\/hochzeitshaus-boos.de\\\/brautmode\\\/a-linie-brautkleider\\\/brautkleid-65952\\\/#primaryimage\"},\"thumbnailUrl\":\"https:\\\/\\\/hochzeitshaus-boos.de\\\/brautmode\\\/wp-content\\\/uploads\\\/2023\\\/11\\\/65952_Brautkleid-langarm-spitze_1.jpg\",\"datePublished\":\"2023-11-17T09:32:14+00:00\",\"dateModified\":\"2023-11-17T09:32:15+00:00\",\"description\":\"Brautkleid 65952 im Hochzeitshaus Boos in Stuttgart, Karlsruhe, Mannheim und Ingolstadt. F\u00fcr jede Braut das passende Hochzeits-Outfit.\",\"breadcrumb\":{\"@id\":\"https:\\\/\\\/hochzeitshaus-boos.de\\\/brautmode\\\/a-linie-brautkleider\\\/brautkleid-65952\\\/#breadcrumb\"},\"inLanguage\":\"de\",\"potentialAction\":[{\"@type\":\"ReadAction\",\"target\":[\"https:\\\/\\\/hochzeitshaus-boos.de\\\/brautmode\\\/a-linie-brautkleider\\\/brautkleid-65952\\\/\"]}]},{\"@type\":\"ImageObject\",\"inLanguage\":\"de\",\"@id\":\"https:\\\/\\\/hochzeitshaus-boos.de\\\/brautmode\\\/a-linie-brautkleider\\\/brautkleid-65952\\\/#primaryimage\",\"url\":\"https:\\\/\\\/hochzeitshaus-boos.de\\\/brautmode\\\/wp-content\\\/uploads\\\/2023\\\/11\\\/65952_Brautkleid-langarm-spitze_1.jpg\",\"contentUrl\":\"https:\\\/\\\/hochzeitshaus-boos.de\\\/brautmode\\\/wp-content\\\/uploads\\\/2023\\\/11\\\/65952_Brautkleid-langarm-spitze_1.jpg\",\"width\":1000,\"height\":1500},{\"@type\":\"BreadcrumbList\",\"@id\":\"https:\\\/\\\/hochzeitshaus-boos.de\\\/brautmode\\\/a-linie-brautkleider\\\/brautkleid-65952\\\/#breadcrumb\",\"itemListElement\":[{\"@type\":\"ListItem\",\"position\":1,\"name\":\"Brautmode\",\"item\":\"https:\\\/\\\/hochzeitshaus-boos.de\\\/brautmode\\\/\"},{\"@type\":\"ListItem\",\"position\":2,\"name\":\"Produkte\",\"item\":\"https:\\\/\\\/hochzeitshaus-boos.de\\\/brautmode\\\/shop\\\/\"},{\"@type\":\"ListItem\",\"position\":3,\"name\":\"Brautkleid 65952\"}]},{\"@type\":\"WebSite\",\"@id\":\"https:\\\/\\\/hochzeitshaus-boos.de\\\/brautmode\\\/#website\",\"url\":\"https:\\\/\\\/hochzeitshaus-boos.de\\\/brautmode\\\/\",\"name\":\"Hochzeitshaus Boos\",\"description\":\"In Stuttgart, Mannheim, Karlsruhe und Ingolstadt\",\"publisher\":{\"@id\":\"https:\\\/\\\/hochzeitshaus-boos.de\\\/brautmode\\\/#organization\"},\"potentialAction\":[{\"@type\":\"SearchAction\",\"target\":{\"@type\":\"EntryPoint\",\"urlTemplate\":\"https:\\\/\\\/hochzeitshaus-boos.de\\\/brautmode\\\/?s={search_term_string}\"},\"query-input\":{\"@type\":\"PropertyValueSpecification\",\"valueRequired\":true,\"valueName\":\"search_term_string\"}}],\"inLanguage\":\"de\"},{\"@type\":\"Organization\",\"@id\":\"https:\\\/\\\/hochzeitshaus-boos.de\\\/brautmode\\\/#organization\",\"name\":\"Hochzeitshaus Boos\",\"url\":\"https:\\\/\\\/hochzeitshaus-boos.de\\\/brautmode\\\/\",\"logo\":{\"@type\":\"ImageObject\",\"inLanguage\":\"de\",\"@id\":\"https:\\\/\\\/hochzeitshaus-boos.de\\\/brautmode\\\/#\\\/schema\\\/logo\\\/image\\\/\",\"url\":\"https:\\\/\\\/hochzeitshaus-boos.de\\\/brautmode\\\/wp-content\\\/uploads\\\/2022\\\/08\\\/boos-hochzeitshaus-logo.png\",\"contentUrl\":\"https:\\\/\\\/hochzeitshaus-boos.de\\\/brautmode\\\/wp-content\\\/uploads\\\/2022\\\/08\\\/boos-hochzeitshaus-logo.png\",\"width\":559,\"height\":313,\"caption\":\"Hochzeitshaus Boos\"},\"image\":{\"@id\":\"https:\\\/\\\/hochzeitshaus-boos.de\\\/brautmode\\\/#\\\/schema\\\/logo\\\/image\\\/\"},\"sameAs\":[\"https:\\\/\\\/www.facebook.com\\\/hochzeitshaus.boos\",\"https:\\\/\\\/x.com\\\/hh_boos_de\",\"https:\\\/\\\/www.instagram.com\\\/hochzeitshaus_boos\"]}]}<\/script>\n<meta property=\"product:brand\" content=\"Ladybird\" \/>\n<meta property=\"product:price:amount\" content=\"1890.00\" \/>\n<meta property=\"product:price:currency\" content=\"EUR\" \/>\n<meta property=\"og:availability\" content=\"instock\" \/>\n<meta property=\"product:availability\" content=\"instock\" \/>\n<meta property=\"product:retailer_item_id\" content=\"B65952\" \/>\n<meta property=\"product:condition\" content=\"new\" \/>\n<!-- \/ Yoast SEO Premium plugin. -->","yoast_head_json":{"title":"Brautkleid 65952 | Hochzeitshaus Boos","description":"Brautkleid 65952 im Hochzeitshaus Boos in Stuttgart, Karlsruhe, Mannheim und Ingolstadt. F\u00fcr jede Braut das passende Hochzeits-Outfit.","robots":{"index":"index","follow":"follow","max-snippet":"max-snippet:-1","max-image-preview":"max-image-preview:large","max-video-preview":"max-video-preview:-1"},"canonical":"https:\/\/hochzeitshaus-boos.de\/brautmode\/a-linie-brautkleider\/brautkleid-65952\/","og_locale":"de_DE","og_type":"article","og_title":"Brautkleid 65952","og_description":"Brautkleid 65952 im Hochzeitshaus Boos in Stuttgart, Karlsruhe, Mannheim und Ingolstadt. F\u00fcr jede Braut das passende Hochzeits-Outfit.","og_url":"https:\/\/hochzeitshaus-boos.de\/brautmode\/a-linie-brautkleider\/brautkleid-65952\/","og_site_name":"Hochzeitshaus Boos","article_publisher":"https:\/\/www.facebook.com\/hochzeitshaus.boos","article_modified_time":"2023-11-17T09:32:15+00:00","og_image":[{"width":1000,"height":1500,"url":"https:\/\/hochzeitshaus-boos.de\/brautmode\/wp-content\/uploads\/2023\/11\/65952_Brautkleid-langarm-spitze_1.jpg","type":"image\/jpeg"}],"twitter_card":"summary_large_image","twitter_site":"@hh_boos_de","twitter_misc":{"Preis":"&euro;1,890.00","Verf\u00fcgbarkeit":"Auf Lager"},"schema":{"@context":"https:\/\/schema.org","@graph":[{"@type":"WebPage","@id":"https:\/\/hochzeitshaus-boos.de\/brautmode\/a-linie-brautkleider\/brautkleid-65952\/","url":"https:\/\/hochzeitshaus-boos.de\/brautmode\/a-linie-brautkleider\/brautkleid-65952\/","name":"Brautkleid 65952 | Hochzeitshaus Boos","isPartOf":{"@id":"https:\/\/hochzeitshaus-boos.de\/brautmode\/#website"},"primaryImageOfPage":{"@id":"https:\/\/hochzeitshaus-boos.de\/brautmode\/a-linie-brautkleider\/brautkleid-65952\/#primaryimage"},"image":{"@id":"https:\/\/hochzeitshaus-boos.de\/brautmode\/a-linie-brautkleider\/brautkleid-65952\/#primaryimage"},"thumbnailUrl":"https:\/\/hochzeitshaus-boos.de\/brautmode\/wp-content\/uploads\/2023\/11\/65952_Brautkleid-langarm-spitze_1.jpg","datePublished":"2023-11-17T09:32:14+00:00","dateModified":"2023-11-17T09:32:15+00:00","description":"Brautkleid 65952 im Hochzeitshaus Boos in Stuttgart, Karlsruhe, Mannheim und Ingolstadt. F\u00fcr jede Braut das passende Hochzeits-Outfit.","breadcrumb":{"@id":"https:\/\/hochzeitshaus-boos.de\/brautmode\/a-linie-brautkleider\/brautkleid-65952\/#breadcrumb"},"inLanguage":"de","potentialAction":[{"@type":"ReadAction","target":["https:\/\/hochzeitshaus-boos.de\/brautmode\/a-linie-brautkleider\/brautkleid-65952\/"]}]},{"@type":"ImageObject","inLanguage":"de","@id":"https:\/\/hochzeitshaus-boos.de\/brautmode\/a-linie-brautkleider\/brautkleid-65952\/#primaryimage","url":"https:\/\/hochzeitshaus-boos.de\/brautmode\/wp-content\/uploads\/2023\/11\/65952_Brautkleid-langarm-spitze_1.jpg","contentUrl":"https:\/\/hochzeitshaus-boos.de\/brautmode\/wp-content\/uploads\/2023\/11\/65952_Brautkleid-langarm-spitze_1.jpg","width":1000,"height":1500},{"@type":"BreadcrumbList","@id":"https:\/\/hochzeitshaus-boos.de\/brautmode\/a-linie-brautkleider\/brautkleid-65952\/#breadcrumb","itemListElement":[{"@type":"ListItem","position":1,"name":"Brautmode","item":"https:\/\/hochzeitshaus-boos.de\/brautmode\/"},{"@type":"ListItem","position":2,"name":"Produkte","item":"https:\/\/hochzeitshaus-boos.de\/brautmode\/shop\/"},{"@type":"ListItem","position":3,"name":"Brautkleid 65952"}]},{"@type":"WebSite","@id":"https:\/\/hochzeitshaus-boos.de\/brautmode\/#website","url":"https:\/\/hochzeitshaus-boos.de\/brautmode\/","name":"Hochzeitshaus Boos","description":"In Stuttgart, Mannheim, Karlsruhe und Ingolstadt","publisher":{"@id":"https:\/\/hochzeitshaus-boos.de\/brautmode\/#organization"},"potentialAction":[{"@type":"SearchAction","target":{"@type":"EntryPoint","urlTemplate":"https:\/\/hochzeitshaus-boos.de\/brautmode\/?s={search_term_string}"},"query-input":{"@type":"PropertyValueSpecification","valueRequired":true,"valueName":"search_term_string"}}],"inLanguage":"de"},{"@type":"Organization","@id":"https:\/\/hochzeitshaus-boos.de\/brautmode\/#organization","name":"Hochzeitshaus Boos","url":"https:\/\/hochzeitshaus-boos.de\/brautmode\/","logo":{"@type":"ImageObject","inLanguage":"de","@id":"https:\/\/hochzeitshaus-boos.de\/brautmode\/#\/schema\/logo\/image\/","url":"https:\/\/hochzeitshaus-boos.de\/brautmode\/wp-content\/uploads\/2022\/08\/boos-hochzeitshaus-logo.png","contentUrl":"https:\/\/hochzeitshaus-boos.de\/brautmode\/wp-content\/uploads\/2022\/08\/boos-hochzeitshaus-logo.png","width":559,"height":313,"caption":"Hochzeitshaus Boos"},"image":{"@id":"https:\/\/hochzeitshaus-boos.de\/brautmode\/#\/schema\/logo\/image\/"},"sameAs":["https:\/\/www.facebook.com\/hochzeitshaus.boos","https:\/\/x.com\/hh_boos_de","https:\/\/www.instagram.com\/hochzeitshaus_boos"]}]},"product_brand":"Ladybird","product_price_amount":"1890.00","product_price_currency":"EUR","og_availability":"instock","product_availability":"instock","product_retailer_item_id":"B65952","product_condition":"new"},"_links":{"self":[{"href":"https:\/\/hochzeitshaus-boos.de\/brautmode\/wp-json\/wp\/v2\/product\/16427","targetHints":{"allow":["GET"]}}],"collection":[{"href":"https:\/\/hochzeitshaus-boos.de\/brautmode\/wp-json\/wp\/v2\/product"}],"about":[{"href":"https:\/\/hochzeitshaus-boos.de\/brautmode\/wp-json\/wp\/v2\/types\/product"}],"wp:featuredmedia":[{"embeddable":true,"href":"https:\/\/hochzeitshaus-boos.de\/brautmode\/wp-json\/wp\/v2\/media\/16428"}],"wp:attachment":[{"href":"https:\/\/hochzeitshaus-boos.de\/brautmode\/wp-json\/wp\/v2\/media?parent=16427"}],"wp:term":[{"taxonomy":"product_brand","embeddable":true,"href":"https:\/\/hochzeitshaus-boos.de\/brautmode\/wp-json\/wp\/v2\/product_brand?post=16427"},{"taxonomy":"product_cat","embeddable":true,"href":"https:\/\/hochzeitshaus-boos.de\/brautmode\/wp-json\/wp\/v2\/product_cat?post=16427"},{"taxonomy":"product_tag","embeddable":true,"href":"https:\/\/hochzeitshaus-boos.de\/brautmode\/wp-json\/wp\/v2\/product_tag?post=16427"}],"curies":[{"name":"wp","href":"https:\/\/api.w.org\/{rel}","templated":true}]}}