{"id":15774,"date":"2023-10-06T18:20:09","date_gmt":"2023-10-06T16:20:09","guid":{"rendered":"https:\/\/hochzeitshaus-boos.de\/brautmode\/?post_type=product&#038;p=15774"},"modified":"2023-10-06T18:20:10","modified_gmt":"2023-10-06T16:20:10","slug":"brautkleid-66568","status":"publish","type":"product","link":"https:\/\/hochzeitshaus-boos.de\/brautmode\/fit-and-flare-brautkleider\/brautkleid-66568\/","title":{"rendered":"Brautkleid 66568"},"content":{"rendered":"","protected":false},"excerpt":{"rendered":"<p>Das Brautkleid von Orea Sposa im Fit-and-Flare-Schnitt ist eine schlichte und dennoch bezaubernde Wahl f\u00fcr Br\u00e4ute, die zeitlose Eleganz bevorzugen. Dieses Kleid besticht durch seine klaren Linien und das schlichte Design, das dennoch durch subtile Details gl\u00e4nzt.<\/p>\n<p>Der V-Ausschnitt verleiht dem Kleid eine raffinierte Note und betont das Dekollet\u00e9 der Braut auf elegante Weise. Die Off-Shoulder-Tr\u00e4ger, die sanft \u00fcber die Schultern fallen, verleihen dem Kleid eine romantische und feminine Ausstrahlung.<\/p>\n<p>Dieses Kleid zeichnet sich durch sein Fehlen von Spitze und Glitzer aus, was es zu einer perfekten Wahl f\u00fcr Br\u00e4ute macht, die einen schlichten und dennoch ansprechenden Look suchen. Stattdessen wird der Tailleng\u00fcrtel mit einer kleinen Schleife zum zarten Highlight des Kleides.<\/p>\n<p>Die kurze Knopfleiste am R\u00fccken verleiht dem Kleid einen Hauch von Vintage-Charme und sorgt gleichzeitig f\u00fcr eine einfache Handhabung beim An- und Ausziehen. Die kleine Schleppe rundet den Look ab und verleiht dem Kleid eine dezente, aber majest\u00e4tische Pr\u00e4senz.<\/p>\n<p>Insgesamt ist das Brautkleid von Orea Sposa eine wunderbare Wahl f\u00fcr Br\u00e4ute, die nach einem schlichten, aber dennoch \u00e4u\u00dferst ansprechenden Kleid suchen. Es verk\u00f6rpert zeitlose Eleganz und wird zweifellos bewundernde Blicke und unvergessliche Erinnerungen an Ihrem Hochzeitstag ernten.<\/p>\n","protected":false},"featured_media":15775,"template":"","meta":{"site-sidebar-layout":"default","site-content-layout":"","ast-site-content-layout":"default","site-content-style":"default","site-sidebar-style":"default","ast-global-header-display":"","ast-banner-title-visibility":"","ast-main-header-display":"","ast-hfb-above-header-display":"","ast-hfb-below-header-display":"","ast-hfb-mobile-header-display":"","site-post-title":"","ast-breadcrumbs-content":"","ast-featured-img":"","footer-sml-layout":"","ast-disable-related-posts":"","theme-transparent-header-meta":"default","adv-header-id-meta":"","stick-header-meta":"default","header-above-stick-meta":"","header-main-stick-meta":"","header-below-stick-meta":"","astra-migrate-meta-layouts":"set","ast-page-background-enabled":"default","ast-page-background-meta":{"desktop":{"background-color":"var(--ast-global-color-4)","background-image":"","background-repeat":"repeat","background-position":"center center","background-size":"auto","background-attachment":"scroll","background-type":"","background-media":"","overlay-type":"","overlay-color":"","overlay-opacity":"","overlay-gradient":""},"tablet":{"background-color":"","background-image":"","background-repeat":"repeat","background-position":"center center","background-size":"auto","background-attachment":"scroll","background-type":"","background-media":"","overlay-type":"","overlay-color":"","overlay-opacity":"","overlay-gradient":""},"mobile":{"background-color":"","background-image":"","background-repeat":"repeat","background-position":"center center","background-size":"auto","background-attachment":"scroll","background-type":"","background-media":"","overlay-type":"","overlay-color":"","overlay-opacity":"","overlay-gradient":""}},"ast-content-background-meta":{"desktop":{"background-color":"var(--ast-global-color-5)","background-image":"","background-repeat":"repeat","background-position":"center center","background-size":"auto","background-attachment":"scroll","background-type":"","background-media":"","overlay-type":"","overlay-color":"","overlay-opacity":"","overlay-gradient":""},"tablet":{"background-color":"var(--ast-global-color-5)","background-image":"","background-repeat":"repeat","background-position":"center center","background-size":"auto","background-attachment":"scroll","background-type":"","background-media":"","overlay-type":"","overlay-color":"","overlay-opacity":"","overlay-gradient":""},"mobile":{"background-color":"var(--ast-global-color-5)","background-image":"","background-repeat":"repeat","background-position":"center center","background-size":"auto","background-attachment":"scroll","background-type":"","background-media":"","overlay-type":"","overlay-color":"","overlay-opacity":"","overlay-gradient":""}}},"product_brand":[],"product_cat":[116,120],"product_tag":[386],"class_list":{"0":"post-15774","1":"product","2":"type-product","3":"status-publish","4":"has-post-thumbnail","6":"product_cat-fit-and-flare-brautkleider","7":"product_cat-schlichte-brautkleider","8":"product_tag-orea-sposa","9":"pa_ausschnitt-v-ausschnitt","10":"pa_farbe-ivory","11":"pa_lange-lang","12":"pa_material-mikado","13":"pa_preisklasse-500e-999e","14":"pa_rueckenausschnitt-gerader-ausschnitt","15":"pa_schleppe-mit-schleppe","16":"pa_stilrichtung-fit-and-flare","17":"pa_stilrichtung-schlicht","18":"pa_traeger-off-shoulder","19":"pa_traeger-traegerlos","20":"desktop-align-center","21":"tablet-align-left","22":"mobile-align-center","23":"ast-product-gallery-layout-horizontal-slider","24":"ast-product-tabs-layout-distributed","25":"ast-qv-on-image","27":"first","28":"instock","29":"shipping-taxable","30":"purchasable","31":"product-type-simple","32":"add-to-wishlist-before_image"},"yoast_head":"<!-- This site is optimized with the Yoast SEO Premium plugin v27.1 (Yoast SEO v27.1.1) - https:\/\/yoast.com\/product\/yoast-seo-premium-wordpress\/ -->\n<title>Brautkleid 66568 | Hochzeitshaus Boos<\/title>\n<meta name=\"description\" content=\"Brautkleid 66568 im Hochzeitshaus Boos in Stuttgart, Karlsruhe, Mannheim und Ingolstadt. F\u00fcr jede Braut das passende Hochzeits-Outfit.\" \/>\n<meta name=\"robots\" content=\"index, follow, max-snippet:-1, max-image-preview:large, max-video-preview:-1\" \/>\n<link rel=\"canonical\" href=\"https:\/\/hochzeitshaus-boos.de\/brautmode\/fit-and-flare-brautkleider\/brautkleid-66568\/\" \/>\n<meta property=\"og:locale\" content=\"de_DE\" \/>\n<meta property=\"og:type\" content=\"article\" \/>\n<meta property=\"og:title\" content=\"Brautkleid 66568\" \/>\n<meta property=\"og:description\" content=\"Brautkleid 66568 im Hochzeitshaus Boos in Stuttgart, Karlsruhe, Mannheim und Ingolstadt. F\u00fcr jede Braut das passende Hochzeits-Outfit.\" \/>\n<meta property=\"og:url\" content=\"https:\/\/hochzeitshaus-boos.de\/brautmode\/fit-and-flare-brautkleider\/brautkleid-66568\/\" \/>\n<meta property=\"og:site_name\" content=\"Hochzeitshaus Boos\" \/>\n<meta property=\"article:publisher\" content=\"https:\/\/www.facebook.com\/hochzeitshaus.boos\" \/>\n<meta property=\"article:modified_time\" content=\"2023-10-06T16:20:10+00:00\" \/>\n<meta property=\"og:image\" content=\"https:\/\/hochzeitshaus-boos.de\/brautmode\/wp-content\/uploads\/2023\/10\/66568_figurbetontes-Brautkleid-schlicht-ohne-spitze-off-shoulder_1.jpg\" \/>\n\t<meta property=\"og:image:width\" content=\"1000\" \/>\n\t<meta property=\"og:image:height\" content=\"1500\" \/>\n\t<meta property=\"og:image:type\" content=\"image\/jpeg\" \/>\n<meta name=\"twitter:card\" content=\"summary_large_image\" \/>\n<meta name=\"twitter:site\" content=\"@hh_boos_de\" \/>\n<meta name=\"twitter:label1\" content=\"Preis\" \/>\n\t<meta name=\"twitter:data1\" content=\"&euro;990.00\" \/>\n\t<meta name=\"twitter:label2\" content=\"Verf\u00fcgbarkeit\" \/>\n\t<meta name=\"twitter:data2\" content=\"Auf Lager\" \/>\n<script type=\"application\/ld+json\" class=\"yoast-schema-graph\">{\"@context\":\"https:\/\/schema.org\",\"@graph\":[{\"@type\":\"WebPage\",\"@id\":\"https:\/\/hochzeitshaus-boos.de\/brautmode\/fit-and-flare-brautkleider\/brautkleid-66568\/\",\"url\":\"https:\/\/hochzeitshaus-boos.de\/brautmode\/fit-and-flare-brautkleider\/brautkleid-66568\/\",\"name\":\"Brautkleid 66568 | Hochzeitshaus Boos\",\"isPartOf\":{\"@id\":\"https:\/\/hochzeitshaus-boos.de\/brautmode\/#website\"},\"primaryImageOfPage\":{\"@id\":\"https:\/\/hochzeitshaus-boos.de\/brautmode\/fit-and-flare-brautkleider\/brautkleid-66568\/#primaryimage\"},\"image\":{\"@id\":\"https:\/\/hochzeitshaus-boos.de\/brautmode\/fit-and-flare-brautkleider\/brautkleid-66568\/#primaryimage\"},\"thumbnailUrl\":\"https:\/\/hochzeitshaus-boos.de\/brautmode\/wp-content\/uploads\/2023\/10\/66568_figurbetontes-Brautkleid-schlicht-ohne-spitze-off-shoulder_1.jpg\",\"datePublished\":\"2023-10-06T16:20:09+00:00\",\"dateModified\":\"2023-10-06T16:20:10+00:00\",\"description\":\"Brautkleid 66568 im Hochzeitshaus Boos in Stuttgart, Karlsruhe, Mannheim und Ingolstadt. F\u00fcr jede Braut das passende Hochzeits-Outfit.\",\"breadcrumb\":{\"@id\":\"https:\/\/hochzeitshaus-boos.de\/brautmode\/fit-and-flare-brautkleider\/brautkleid-66568\/#breadcrumb\"},\"inLanguage\":\"de\",\"potentialAction\":[{\"@type\":\"ReadAction\",\"target\":[\"https:\/\/hochzeitshaus-boos.de\/brautmode\/fit-and-flare-brautkleider\/brautkleid-66568\/\"]}]},{\"@type\":\"ImageObject\",\"inLanguage\":\"de\",\"@id\":\"https:\/\/hochzeitshaus-boos.de\/brautmode\/fit-and-flare-brautkleider\/brautkleid-66568\/#primaryimage\",\"url\":\"https:\/\/hochzeitshaus-boos.de\/brautmode\/wp-content\/uploads\/2023\/10\/66568_figurbetontes-Brautkleid-schlicht-ohne-spitze-off-shoulder_1.jpg\",\"contentUrl\":\"https:\/\/hochzeitshaus-boos.de\/brautmode\/wp-content\/uploads\/2023\/10\/66568_figurbetontes-Brautkleid-schlicht-ohne-spitze-off-shoulder_1.jpg\",\"width\":1000,\"height\":1500},{\"@type\":\"BreadcrumbList\",\"@id\":\"https:\/\/hochzeitshaus-boos.de\/brautmode\/fit-and-flare-brautkleider\/brautkleid-66568\/#breadcrumb\",\"itemListElement\":[{\"@type\":\"ListItem\",\"position\":1,\"name\":\"Brautmode\",\"item\":\"https:\/\/hochzeitshaus-boos.de\/brautmode\/\"},{\"@type\":\"ListItem\",\"position\":2,\"name\":\"Produkte\",\"item\":\"https:\/\/hochzeitshaus-boos.de\/brautmode\/shop\/\"},{\"@type\":\"ListItem\",\"position\":3,\"name\":\"Brautkleid 66568\"}]},{\"@type\":\"WebSite\",\"@id\":\"https:\/\/hochzeitshaus-boos.de\/brautmode\/#website\",\"url\":\"https:\/\/hochzeitshaus-boos.de\/brautmode\/\",\"name\":\"Hochzeitshaus Boos\",\"description\":\"In Stuttgart, Mannheim, Karlsruhe und Ingolstadt\",\"publisher\":{\"@id\":\"https:\/\/hochzeitshaus-boos.de\/brautmode\/#organization\"},\"potentialAction\":[{\"@type\":\"SearchAction\",\"target\":{\"@type\":\"EntryPoint\",\"urlTemplate\":\"https:\/\/hochzeitshaus-boos.de\/brautmode\/?s={search_term_string}\"},\"query-input\":{\"@type\":\"PropertyValueSpecification\",\"valueRequired\":true,\"valueName\":\"search_term_string\"}}],\"inLanguage\":\"de\"},{\"@type\":\"Organization\",\"@id\":\"https:\/\/hochzeitshaus-boos.de\/brautmode\/#organization\",\"name\":\"Hochzeitshaus Boos\",\"url\":\"https:\/\/hochzeitshaus-boos.de\/brautmode\/\",\"logo\":{\"@type\":\"ImageObject\",\"inLanguage\":\"de\",\"@id\":\"https:\/\/hochzeitshaus-boos.de\/brautmode\/#\/schema\/logo\/image\/\",\"url\":\"https:\/\/hochzeitshaus-boos.de\/brautmode\/wp-content\/uploads\/2022\/08\/boos-hochzeitshaus-logo.png\",\"contentUrl\":\"https:\/\/hochzeitshaus-boos.de\/brautmode\/wp-content\/uploads\/2022\/08\/boos-hochzeitshaus-logo.png\",\"width\":559,\"height\":313,\"caption\":\"Hochzeitshaus Boos\"},\"image\":{\"@id\":\"https:\/\/hochzeitshaus-boos.de\/brautmode\/#\/schema\/logo\/image\/\"},\"sameAs\":[\"https:\/\/www.facebook.com\/hochzeitshaus.boos\",\"https:\/\/x.com\/hh_boos_de\",\"https:\/\/www.instagram.com\/hochzeitshaus_boos\"]}]}<\/script>\n<meta property=\"product:brand\" content=\"Orea Sposa\" \/>\n<meta property=\"product:price:amount\" content=\"990.00\" \/>\n<meta property=\"product:price:currency\" content=\"EUR\" \/>\n<meta property=\"og:availability\" content=\"instock\" \/>\n<meta property=\"product:availability\" content=\"instock\" \/>\n<meta property=\"product:retailer_item_id\" content=\"B66568\" \/>\n<meta property=\"product:condition\" content=\"new\" \/>\n<!-- \/ Yoast SEO Premium plugin. -->","yoast_head_json":{"title":"Brautkleid 66568 | Hochzeitshaus Boos","description":"Brautkleid 66568 im Hochzeitshaus Boos in Stuttgart, Karlsruhe, Mannheim und Ingolstadt. F\u00fcr jede Braut das passende Hochzeits-Outfit.","robots":{"index":"index","follow":"follow","max-snippet":"max-snippet:-1","max-image-preview":"max-image-preview:large","max-video-preview":"max-video-preview:-1"},"canonical":"https:\/\/hochzeitshaus-boos.de\/brautmode\/fit-and-flare-brautkleider\/brautkleid-66568\/","og_locale":"de_DE","og_type":"article","og_title":"Brautkleid 66568","og_description":"Brautkleid 66568 im Hochzeitshaus Boos in Stuttgart, Karlsruhe, Mannheim und Ingolstadt. F\u00fcr jede Braut das passende Hochzeits-Outfit.","og_url":"https:\/\/hochzeitshaus-boos.de\/brautmode\/fit-and-flare-brautkleider\/brautkleid-66568\/","og_site_name":"Hochzeitshaus Boos","article_publisher":"https:\/\/www.facebook.com\/hochzeitshaus.boos","article_modified_time":"2023-10-06T16:20:10+00:00","og_image":[{"width":1000,"height":1500,"url":"https:\/\/hochzeitshaus-boos.de\/brautmode\/wp-content\/uploads\/2023\/10\/66568_figurbetontes-Brautkleid-schlicht-ohne-spitze-off-shoulder_1.jpg","type":"image\/jpeg"}],"twitter_card":"summary_large_image","twitter_site":"@hh_boos_de","twitter_misc":{"Preis":"&euro;990.00","Verf\u00fcgbarkeit":"Auf Lager"},"schema":{"@context":"https:\/\/schema.org","@graph":[{"@type":"WebPage","@id":"https:\/\/hochzeitshaus-boos.de\/brautmode\/fit-and-flare-brautkleider\/brautkleid-66568\/","url":"https:\/\/hochzeitshaus-boos.de\/brautmode\/fit-and-flare-brautkleider\/brautkleid-66568\/","name":"Brautkleid 66568 | Hochzeitshaus Boos","isPartOf":{"@id":"https:\/\/hochzeitshaus-boos.de\/brautmode\/#website"},"primaryImageOfPage":{"@id":"https:\/\/hochzeitshaus-boos.de\/brautmode\/fit-and-flare-brautkleider\/brautkleid-66568\/#primaryimage"},"image":{"@id":"https:\/\/hochzeitshaus-boos.de\/brautmode\/fit-and-flare-brautkleider\/brautkleid-66568\/#primaryimage"},"thumbnailUrl":"https:\/\/hochzeitshaus-boos.de\/brautmode\/wp-content\/uploads\/2023\/10\/66568_figurbetontes-Brautkleid-schlicht-ohne-spitze-off-shoulder_1.jpg","datePublished":"2023-10-06T16:20:09+00:00","dateModified":"2023-10-06T16:20:10+00:00","description":"Brautkleid 66568 im Hochzeitshaus Boos in Stuttgart, Karlsruhe, Mannheim und Ingolstadt. F\u00fcr jede Braut das passende Hochzeits-Outfit.","breadcrumb":{"@id":"https:\/\/hochzeitshaus-boos.de\/brautmode\/fit-and-flare-brautkleider\/brautkleid-66568\/#breadcrumb"},"inLanguage":"de","potentialAction":[{"@type":"ReadAction","target":["https:\/\/hochzeitshaus-boos.de\/brautmode\/fit-and-flare-brautkleider\/brautkleid-66568\/"]}]},{"@type":"ImageObject","inLanguage":"de","@id":"https:\/\/hochzeitshaus-boos.de\/brautmode\/fit-and-flare-brautkleider\/brautkleid-66568\/#primaryimage","url":"https:\/\/hochzeitshaus-boos.de\/brautmode\/wp-content\/uploads\/2023\/10\/66568_figurbetontes-Brautkleid-schlicht-ohne-spitze-off-shoulder_1.jpg","contentUrl":"https:\/\/hochzeitshaus-boos.de\/brautmode\/wp-content\/uploads\/2023\/10\/66568_figurbetontes-Brautkleid-schlicht-ohne-spitze-off-shoulder_1.jpg","width":1000,"height":1500},{"@type":"BreadcrumbList","@id":"https:\/\/hochzeitshaus-boos.de\/brautmode\/fit-and-flare-brautkleider\/brautkleid-66568\/#breadcrumb","itemListElement":[{"@type":"ListItem","position":1,"name":"Brautmode","item":"https:\/\/hochzeitshaus-boos.de\/brautmode\/"},{"@type":"ListItem","position":2,"name":"Produkte","item":"https:\/\/hochzeitshaus-boos.de\/brautmode\/shop\/"},{"@type":"ListItem","position":3,"name":"Brautkleid 66568"}]},{"@type":"WebSite","@id":"https:\/\/hochzeitshaus-boos.de\/brautmode\/#website","url":"https:\/\/hochzeitshaus-boos.de\/brautmode\/","name":"Hochzeitshaus Boos","description":"In Stuttgart, Mannheim, Karlsruhe und Ingolstadt","publisher":{"@id":"https:\/\/hochzeitshaus-boos.de\/brautmode\/#organization"},"potentialAction":[{"@type":"SearchAction","target":{"@type":"EntryPoint","urlTemplate":"https:\/\/hochzeitshaus-boos.de\/brautmode\/?s={search_term_string}"},"query-input":{"@type":"PropertyValueSpecification","valueRequired":true,"valueName":"search_term_string"}}],"inLanguage":"de"},{"@type":"Organization","@id":"https:\/\/hochzeitshaus-boos.de\/brautmode\/#organization","name":"Hochzeitshaus Boos","url":"https:\/\/hochzeitshaus-boos.de\/brautmode\/","logo":{"@type":"ImageObject","inLanguage":"de","@id":"https:\/\/hochzeitshaus-boos.de\/brautmode\/#\/schema\/logo\/image\/","url":"https:\/\/hochzeitshaus-boos.de\/brautmode\/wp-content\/uploads\/2022\/08\/boos-hochzeitshaus-logo.png","contentUrl":"https:\/\/hochzeitshaus-boos.de\/brautmode\/wp-content\/uploads\/2022\/08\/boos-hochzeitshaus-logo.png","width":559,"height":313,"caption":"Hochzeitshaus Boos"},"image":{"@id":"https:\/\/hochzeitshaus-boos.de\/brautmode\/#\/schema\/logo\/image\/"},"sameAs":["https:\/\/www.facebook.com\/hochzeitshaus.boos","https:\/\/x.com\/hh_boos_de","https:\/\/www.instagram.com\/hochzeitshaus_boos"]}]},"product_brand":"Orea Sposa","product_price_amount":"990.00","product_price_currency":"EUR","og_availability":"instock","product_availability":"instock","product_retailer_item_id":"B66568","product_condition":"new"},"_links":{"self":[{"href":"https:\/\/hochzeitshaus-boos.de\/brautmode\/wp-json\/wp\/v2\/product\/15774","targetHints":{"allow":["GET"]}}],"collection":[{"href":"https:\/\/hochzeitshaus-boos.de\/brautmode\/wp-json\/wp\/v2\/product"}],"about":[{"href":"https:\/\/hochzeitshaus-boos.de\/brautmode\/wp-json\/wp\/v2\/types\/product"}],"wp:featuredmedia":[{"embeddable":true,"href":"https:\/\/hochzeitshaus-boos.de\/brautmode\/wp-json\/wp\/v2\/media\/15775"}],"wp:attachment":[{"href":"https:\/\/hochzeitshaus-boos.de\/brautmode\/wp-json\/wp\/v2\/media?parent=15774"}],"wp:term":[{"taxonomy":"product_brand","embeddable":true,"href":"https:\/\/hochzeitshaus-boos.de\/brautmode\/wp-json\/wp\/v2\/product_brand?post=15774"},{"taxonomy":"product_cat","embeddable":true,"href":"https:\/\/hochzeitshaus-boos.de\/brautmode\/wp-json\/wp\/v2\/product_cat?post=15774"},{"taxonomy":"product_tag","embeddable":true,"href":"https:\/\/hochzeitshaus-boos.de\/brautmode\/wp-json\/wp\/v2\/product_tag?post=15774"}],"curies":[{"name":"wp","href":"https:\/\/api.w.org\/{rel}","templated":true}]}}