{"id":10954,"date":"2022-10-12T13:12:30","date_gmt":"2022-10-12T11:12:30","guid":{"rendered":"https:\/\/hochzeitshaus-boos.de\/brautmode\/?post_type=product&#038;p=10954"},"modified":"2023-09-18T11:55:23","modified_gmt":"2023-09-18T09:55:23","slug":"brautkleid-19","status":"publish","type":"product","link":"https:\/\/hochzeitshaus-boos.de\/brautmode\/prinzessin-brautkleider\/brautkleid-19\/","title":{"rendered":"Brautkleid 61781"},"content":{"rendered":"","protected":false},"excerpt":{"rendered":"<p>Dieses Brautkleid von Lisa Donetti ist die Verk\u00f6rperung von zeitloser Eleganz und majest\u00e4tischer Sch\u00f6nheit, perfekt f\u00fcr die moderne Prinzessin. Die Corsage am R\u00fccken und die tr\u00e4gerlose Gestaltung setzen R\u00fccken und Dekollet\u00e9 gekonnt in Szene. Dabei verleihen die locker fallenden T\u00fclltr\u00e4ger, die kunstvoll mit Spitze umgarnt sind, dem Kleid eine romantische Note.<\/p>\n<p>Das Oberteil ist ein Meisterwerk der Symmetrie, verziert mit kunstvoller Spitze, die ein optisch ansprechendes Muster bildet. Dieses Detail f\u00fcgt dem Kleid eine zus\u00e4tzliche Dimension von Kunst und Eleganz hinzu. Der T\u00fcllrock, weit und imposant, entfaltet sich in wundersch\u00f6nen Wellen, die bei jedem Schritt der Braut mitschwingen.<\/p>\n<p>Dieses Kleid aus unserer <a href=\"https:\/\/hochzeitshaus-boos.de\/brautmode\/prinzessin-brautkleider\/\">Prinzessin Brautkleider Kollektion<\/a> ist ein Kunstwerk, das die Essenz einer m\u00e4rchenhaften Hochzeit einf\u00e4ngt. Es ist die ideale Wahl f\u00fcr die Braut, die sich an ihrem besonderen Tag wie eine echte Prinzessin f\u00fchlen m\u00f6chte. Lass Dich von diesem Kleid verzaubern und erlebe Deinen Hochzeitstag als den magischen Moment, den Du Dir immer ertr\u00e4umt hast.<\/p>\n","protected":false},"featured_media":10959,"template":"","meta":{"site-sidebar-layout":"default","site-content-layout":"default","ast-site-content-layout":"default","site-content-style":"default","site-sidebar-style":"default","ast-global-header-display":"","ast-banner-title-visibility":"","ast-main-header-display":"","ast-hfb-above-header-display":"","ast-hfb-below-header-display":"","ast-hfb-mobile-header-display":"","site-post-title":"","ast-breadcrumbs-content":"","ast-featured-img":"","footer-sml-layout":"","ast-disable-related-posts":"","theme-transparent-header-meta":"default","adv-header-id-meta":"","stick-header-meta":"default","header-above-stick-meta":"","header-main-stick-meta":"","header-below-stick-meta":"","astra-migrate-meta-layouts":"set","ast-page-background-enabled":"default","ast-page-background-meta":{"desktop":{"background-color":"var(--ast-global-color-4)","background-image":"","background-repeat":"repeat","background-position":"center center","background-size":"auto","background-attachment":"scroll","background-type":"","background-media":"","overlay-type":"","overlay-color":"","overlay-opacity":"","overlay-gradient":""},"tablet":{"background-color":"","background-image":"","background-repeat":"repeat","background-position":"center center","background-size":"auto","background-attachment":"scroll","background-type":"","background-media":"","overlay-type":"","overlay-color":"","overlay-opacity":"","overlay-gradient":""},"mobile":{"background-color":"","background-image":"","background-repeat":"repeat","background-position":"center center","background-size":"auto","background-attachment":"scroll","background-type":"","background-media":"","overlay-type":"","overlay-color":"","overlay-opacity":"","overlay-gradient":""}},"ast-content-background-meta":{"desktop":{"background-color":"var(--ast-global-color-5)","background-image":"","background-repeat":"repeat","background-position":"center center","background-size":"auto","background-attachment":"scroll","background-type":"","background-media":"","overlay-type":"","overlay-color":"","overlay-opacity":"","overlay-gradient":""},"tablet":{"background-color":"var(--ast-global-color-5)","background-image":"","background-repeat":"repeat","background-position":"center center","background-size":"auto","background-attachment":"scroll","background-type":"","background-media":"","overlay-type":"","overlay-color":"","overlay-opacity":"","overlay-gradient":""},"mobile":{"background-color":"var(--ast-global-color-5)","background-image":"","background-repeat":"repeat","background-position":"center center","background-size":"auto","background-attachment":"scroll","background-type":"","background-media":"","overlay-type":"","overlay-color":"","overlay-opacity":"","overlay-gradient":""}}},"product_brand":[],"product_cat":[113],"product_tag":[382],"class_list":{"0":"post-10954","1":"product","2":"type-product","3":"status-publish","4":"has-post-thumbnail","6":"product_cat-prinzessin-brautkleider","7":"product_tag-lisa-donetti","8":"pa_farbe-ivory","9":"pa_lange-lang","10":"pa_preisklasse-1500e-1999e","11":"pa_stilrichtung-prinzessin","12":"desktop-align-center","13":"tablet-align-left","14":"mobile-align-center","15":"ast-product-gallery-layout-horizontal-slider","16":"ast-product-tabs-layout-distributed","17":"ast-qv-on-image","19":"first","20":"instock","21":"shipping-taxable","22":"purchasable","23":"product-type-simple","24":"add-to-wishlist-before_image"},"yoast_head":"<!-- This site is optimized with the Yoast SEO Premium plugin v27.1 (Yoast SEO v27.1.1) - https:\/\/yoast.com\/product\/yoast-seo-premium-wordpress\/ -->\n<title>Brautkleid 61781 | Hochzeitshaus Boos<\/title>\n<meta name=\"description\" content=\"Brautkleid 61781 im Hochzeitshaus Boos in Stuttgart, Karlsruhe, Mannheim und Ingolstadt. F\u00fcr jede Braut das passende Hochzeits-Outfit.\" \/>\n<meta name=\"robots\" content=\"index, follow, max-snippet:-1, max-image-preview:large, max-video-preview:-1\" \/>\n<link rel=\"canonical\" href=\"https:\/\/hochzeitshaus-boos.de\/brautmode\/prinzessin-brautkleider\/brautkleid-19\/\" \/>\n<meta property=\"og:locale\" content=\"de_DE\" \/>\n<meta property=\"og:type\" content=\"article\" \/>\n<meta property=\"og:title\" content=\"Brautkleid 61781\" \/>\n<meta property=\"og:description\" content=\"Brautkleid 61781 im Hochzeitshaus Boos in Stuttgart, Karlsruhe, Mannheim und Ingolstadt. F\u00fcr jede Braut das passende Hochzeits-Outfit.\" \/>\n<meta property=\"og:url\" content=\"https:\/\/hochzeitshaus-boos.de\/brautmode\/prinzessin-brautkleider\/brautkleid-19\/\" \/>\n<meta property=\"og:site_name\" content=\"Hochzeitshaus Boos\" \/>\n<meta property=\"article:publisher\" content=\"https:\/\/www.facebook.com\/hochzeitshaus.boos\" \/>\n<meta property=\"article:modified_time\" content=\"2023-09-18T09:55:23+00:00\" \/>\n<meta property=\"og:image\" content=\"https:\/\/hochzeitshaus-boos.de\/brautmode\/wp-content\/uploads\/2022\/10\/50650_5.jpg\" \/>\n\t<meta property=\"og:image:width\" content=\"1000\" \/>\n\t<meta property=\"og:image:height\" content=\"1500\" \/>\n\t<meta property=\"og:image:type\" content=\"image\/jpeg\" \/>\n<meta name=\"twitter:card\" content=\"summary_large_image\" \/>\n<meta name=\"twitter:site\" content=\"@hh_boos_de\" \/>\n<meta name=\"twitter:label1\" content=\"Preis\" \/>\n\t<meta name=\"twitter:data1\" content=\"&euro;1,790.00\" \/>\n\t<meta name=\"twitter:label2\" content=\"Verf\u00fcgbarkeit\" \/>\n\t<meta name=\"twitter:data2\" content=\"Auf Lager\" \/>\n<script type=\"application\/ld+json\" class=\"yoast-schema-graph\">{\"@context\":\"https:\/\/schema.org\",\"@graph\":[{\"@type\":\"WebPage\",\"@id\":\"https:\/\/hochzeitshaus-boos.de\/brautmode\/prinzessin-brautkleider\/brautkleid-19\/\",\"url\":\"https:\/\/hochzeitshaus-boos.de\/brautmode\/prinzessin-brautkleider\/brautkleid-19\/\",\"name\":\"Brautkleid 61781 | Hochzeitshaus Boos\",\"isPartOf\":{\"@id\":\"https:\/\/hochzeitshaus-boos.de\/brautmode\/#website\"},\"primaryImageOfPage\":{\"@id\":\"https:\/\/hochzeitshaus-boos.de\/brautmode\/prinzessin-brautkleider\/brautkleid-19\/#primaryimage\"},\"image\":{\"@id\":\"https:\/\/hochzeitshaus-boos.de\/brautmode\/prinzessin-brautkleider\/brautkleid-19\/#primaryimage\"},\"thumbnailUrl\":\"https:\/\/hochzeitshaus-boos.de\/brautmode\/wp-content\/uploads\/2022\/10\/50650_5.jpg\",\"datePublished\":\"2022-10-12T11:12:30+00:00\",\"dateModified\":\"2023-09-18T09:55:23+00:00\",\"description\":\"Brautkleid 61781 im Hochzeitshaus Boos in Stuttgart, Karlsruhe, Mannheim und Ingolstadt. F\u00fcr jede Braut das passende Hochzeits-Outfit.\",\"breadcrumb\":{\"@id\":\"https:\/\/hochzeitshaus-boos.de\/brautmode\/prinzessin-brautkleider\/brautkleid-19\/#breadcrumb\"},\"inLanguage\":\"de\",\"potentialAction\":[{\"@type\":\"ReadAction\",\"target\":[\"https:\/\/hochzeitshaus-boos.de\/brautmode\/prinzessin-brautkleider\/brautkleid-19\/\"]}]},{\"@type\":\"ImageObject\",\"inLanguage\":\"de\",\"@id\":\"https:\/\/hochzeitshaus-boos.de\/brautmode\/prinzessin-brautkleider\/brautkleid-19\/#primaryimage\",\"url\":\"https:\/\/hochzeitshaus-boos.de\/brautmode\/wp-content\/uploads\/2022\/10\/50650_5.jpg\",\"contentUrl\":\"https:\/\/hochzeitshaus-boos.de\/brautmode\/wp-content\/uploads\/2022\/10\/50650_5.jpg\",\"width\":1000,\"height\":1500,\"caption\":\"Brautkleid 61781\"},{\"@type\":\"BreadcrumbList\",\"@id\":\"https:\/\/hochzeitshaus-boos.de\/brautmode\/prinzessin-brautkleider\/brautkleid-19\/#breadcrumb\",\"itemListElement\":[{\"@type\":\"ListItem\",\"position\":1,\"name\":\"Brautmode\",\"item\":\"https:\/\/hochzeitshaus-boos.de\/brautmode\/\"},{\"@type\":\"ListItem\",\"position\":2,\"name\":\"Produkte\",\"item\":\"https:\/\/hochzeitshaus-boos.de\/brautmode\/shop\/\"},{\"@type\":\"ListItem\",\"position\":3,\"name\":\"Brautkleid 61781\"}]},{\"@type\":\"WebSite\",\"@id\":\"https:\/\/hochzeitshaus-boos.de\/brautmode\/#website\",\"url\":\"https:\/\/hochzeitshaus-boos.de\/brautmode\/\",\"name\":\"Hochzeitshaus Boos\",\"description\":\"In Stuttgart, Mannheim, Karlsruhe und Ingolstadt\",\"publisher\":{\"@id\":\"https:\/\/hochzeitshaus-boos.de\/brautmode\/#organization\"},\"potentialAction\":[{\"@type\":\"SearchAction\",\"target\":{\"@type\":\"EntryPoint\",\"urlTemplate\":\"https:\/\/hochzeitshaus-boos.de\/brautmode\/?s={search_term_string}\"},\"query-input\":{\"@type\":\"PropertyValueSpecification\",\"valueRequired\":true,\"valueName\":\"search_term_string\"}}],\"inLanguage\":\"de\"},{\"@type\":\"Organization\",\"@id\":\"https:\/\/hochzeitshaus-boos.de\/brautmode\/#organization\",\"name\":\"Hochzeitshaus Boos\",\"url\":\"https:\/\/hochzeitshaus-boos.de\/brautmode\/\",\"logo\":{\"@type\":\"ImageObject\",\"inLanguage\":\"de\",\"@id\":\"https:\/\/hochzeitshaus-boos.de\/brautmode\/#\/schema\/logo\/image\/\",\"url\":\"https:\/\/hochzeitshaus-boos.de\/brautmode\/wp-content\/uploads\/2022\/08\/boos-hochzeitshaus-logo.png\",\"contentUrl\":\"https:\/\/hochzeitshaus-boos.de\/brautmode\/wp-content\/uploads\/2022\/08\/boos-hochzeitshaus-logo.png\",\"width\":559,\"height\":313,\"caption\":\"Hochzeitshaus Boos\"},\"image\":{\"@id\":\"https:\/\/hochzeitshaus-boos.de\/brautmode\/#\/schema\/logo\/image\/\"},\"sameAs\":[\"https:\/\/www.facebook.com\/hochzeitshaus.boos\",\"https:\/\/x.com\/hh_boos_de\",\"https:\/\/www.instagram.com\/hochzeitshaus_boos\"]}]}<\/script>\n<meta property=\"product:brand\" content=\"Lisa Donetti\" \/>\n<meta property=\"product:price:amount\" content=\"1790.00\" \/>\n<meta property=\"product:price:currency\" content=\"EUR\" \/>\n<meta property=\"og:availability\" content=\"instock\" \/>\n<meta property=\"product:availability\" content=\"instock\" \/>\n<meta property=\"product:retailer_item_id\" content=\"B61781\" \/>\n<meta property=\"product:condition\" content=\"new\" \/>\n<!-- \/ Yoast SEO Premium plugin. -->","yoast_head_json":{"title":"Brautkleid 61781 | Hochzeitshaus Boos","description":"Brautkleid 61781 im Hochzeitshaus Boos in Stuttgart, Karlsruhe, Mannheim und Ingolstadt. F\u00fcr jede Braut das passende Hochzeits-Outfit.","robots":{"index":"index","follow":"follow","max-snippet":"max-snippet:-1","max-image-preview":"max-image-preview:large","max-video-preview":"max-video-preview:-1"},"canonical":"https:\/\/hochzeitshaus-boos.de\/brautmode\/prinzessin-brautkleider\/brautkleid-19\/","og_locale":"de_DE","og_type":"article","og_title":"Brautkleid 61781","og_description":"Brautkleid 61781 im Hochzeitshaus Boos in Stuttgart, Karlsruhe, Mannheim und Ingolstadt. F\u00fcr jede Braut das passende Hochzeits-Outfit.","og_url":"https:\/\/hochzeitshaus-boos.de\/brautmode\/prinzessin-brautkleider\/brautkleid-19\/","og_site_name":"Hochzeitshaus Boos","article_publisher":"https:\/\/www.facebook.com\/hochzeitshaus.boos","article_modified_time":"2023-09-18T09:55:23+00:00","og_image":[{"width":1000,"height":1500,"url":"https:\/\/hochzeitshaus-boos.de\/brautmode\/wp-content\/uploads\/2022\/10\/50650_5.jpg","type":"image\/jpeg"}],"twitter_card":"summary_large_image","twitter_site":"@hh_boos_de","twitter_misc":{"Preis":"&euro;1,790.00","Verf\u00fcgbarkeit":"Auf Lager"},"schema":{"@context":"https:\/\/schema.org","@graph":[{"@type":"WebPage","@id":"https:\/\/hochzeitshaus-boos.de\/brautmode\/prinzessin-brautkleider\/brautkleid-19\/","url":"https:\/\/hochzeitshaus-boos.de\/brautmode\/prinzessin-brautkleider\/brautkleid-19\/","name":"Brautkleid 61781 | Hochzeitshaus Boos","isPartOf":{"@id":"https:\/\/hochzeitshaus-boos.de\/brautmode\/#website"},"primaryImageOfPage":{"@id":"https:\/\/hochzeitshaus-boos.de\/brautmode\/prinzessin-brautkleider\/brautkleid-19\/#primaryimage"},"image":{"@id":"https:\/\/hochzeitshaus-boos.de\/brautmode\/prinzessin-brautkleider\/brautkleid-19\/#primaryimage"},"thumbnailUrl":"https:\/\/hochzeitshaus-boos.de\/brautmode\/wp-content\/uploads\/2022\/10\/50650_5.jpg","datePublished":"2022-10-12T11:12:30+00:00","dateModified":"2023-09-18T09:55:23+00:00","description":"Brautkleid 61781 im Hochzeitshaus Boos in Stuttgart, Karlsruhe, Mannheim und Ingolstadt. F\u00fcr jede Braut das passende Hochzeits-Outfit.","breadcrumb":{"@id":"https:\/\/hochzeitshaus-boos.de\/brautmode\/prinzessin-brautkleider\/brautkleid-19\/#breadcrumb"},"inLanguage":"de","potentialAction":[{"@type":"ReadAction","target":["https:\/\/hochzeitshaus-boos.de\/brautmode\/prinzessin-brautkleider\/brautkleid-19\/"]}]},{"@type":"ImageObject","inLanguage":"de","@id":"https:\/\/hochzeitshaus-boos.de\/brautmode\/prinzessin-brautkleider\/brautkleid-19\/#primaryimage","url":"https:\/\/hochzeitshaus-boos.de\/brautmode\/wp-content\/uploads\/2022\/10\/50650_5.jpg","contentUrl":"https:\/\/hochzeitshaus-boos.de\/brautmode\/wp-content\/uploads\/2022\/10\/50650_5.jpg","width":1000,"height":1500,"caption":"Brautkleid 61781"},{"@type":"BreadcrumbList","@id":"https:\/\/hochzeitshaus-boos.de\/brautmode\/prinzessin-brautkleider\/brautkleid-19\/#breadcrumb","itemListElement":[{"@type":"ListItem","position":1,"name":"Brautmode","item":"https:\/\/hochzeitshaus-boos.de\/brautmode\/"},{"@type":"ListItem","position":2,"name":"Produkte","item":"https:\/\/hochzeitshaus-boos.de\/brautmode\/shop\/"},{"@type":"ListItem","position":3,"name":"Brautkleid 61781"}]},{"@type":"WebSite","@id":"https:\/\/hochzeitshaus-boos.de\/brautmode\/#website","url":"https:\/\/hochzeitshaus-boos.de\/brautmode\/","name":"Hochzeitshaus Boos","description":"In Stuttgart, Mannheim, Karlsruhe und Ingolstadt","publisher":{"@id":"https:\/\/hochzeitshaus-boos.de\/brautmode\/#organization"},"potentialAction":[{"@type":"SearchAction","target":{"@type":"EntryPoint","urlTemplate":"https:\/\/hochzeitshaus-boos.de\/brautmode\/?s={search_term_string}"},"query-input":{"@type":"PropertyValueSpecification","valueRequired":true,"valueName":"search_term_string"}}],"inLanguage":"de"},{"@type":"Organization","@id":"https:\/\/hochzeitshaus-boos.de\/brautmode\/#organization","name":"Hochzeitshaus Boos","url":"https:\/\/hochzeitshaus-boos.de\/brautmode\/","logo":{"@type":"ImageObject","inLanguage":"de","@id":"https:\/\/hochzeitshaus-boos.de\/brautmode\/#\/schema\/logo\/image\/","url":"https:\/\/hochzeitshaus-boos.de\/brautmode\/wp-content\/uploads\/2022\/08\/boos-hochzeitshaus-logo.png","contentUrl":"https:\/\/hochzeitshaus-boos.de\/brautmode\/wp-content\/uploads\/2022\/08\/boos-hochzeitshaus-logo.png","width":559,"height":313,"caption":"Hochzeitshaus Boos"},"image":{"@id":"https:\/\/hochzeitshaus-boos.de\/brautmode\/#\/schema\/logo\/image\/"},"sameAs":["https:\/\/www.facebook.com\/hochzeitshaus.boos","https:\/\/x.com\/hh_boos_de","https:\/\/www.instagram.com\/hochzeitshaus_boos"]}]},"product_brand":"Lisa Donetti","product_price_amount":"1790.00","product_price_currency":"EUR","og_availability":"instock","product_availability":"instock","product_retailer_item_id":"B61781","product_condition":"new"},"_links":{"self":[{"href":"https:\/\/hochzeitshaus-boos.de\/brautmode\/wp-json\/wp\/v2\/product\/10954","targetHints":{"allow":["GET"]}}],"collection":[{"href":"https:\/\/hochzeitshaus-boos.de\/brautmode\/wp-json\/wp\/v2\/product"}],"about":[{"href":"https:\/\/hochzeitshaus-boos.de\/brautmode\/wp-json\/wp\/v2\/types\/product"}],"wp:featuredmedia":[{"embeddable":true,"href":"https:\/\/hochzeitshaus-boos.de\/brautmode\/wp-json\/wp\/v2\/media\/10959"}],"wp:attachment":[{"href":"https:\/\/hochzeitshaus-boos.de\/brautmode\/wp-json\/wp\/v2\/media?parent=10954"}],"wp:term":[{"taxonomy":"product_brand","embeddable":true,"href":"https:\/\/hochzeitshaus-boos.de\/brautmode\/wp-json\/wp\/v2\/product_brand?post=10954"},{"taxonomy":"product_cat","embeddable":true,"href":"https:\/\/hochzeitshaus-boos.de\/brautmode\/wp-json\/wp\/v2\/product_cat?post=10954"},{"taxonomy":"product_tag","embeddable":true,"href":"https:\/\/hochzeitshaus-boos.de\/brautmode\/wp-json\/wp\/v2\/product_tag?post=10954"}],"curies":[{"name":"wp","href":"https:\/\/api.w.org\/{rel}","templated":true}]}}