{"id":12043,"date":"2026-04-08T15:09:53","date_gmt":"2026-04-08T13:09:53","guid":{"rendered":"https:\/\/hochzeitshaus-boos.de\/braeutigammode\/?post_type=product&#038;p=12043"},"modified":"2026-04-08T15:09:53","modified_gmt":"2026-04-08T13:09:53","slug":"hochzeitsanzug-80124","status":"publish","type":"product","link":"https:\/\/hochzeitshaus-boos.de\/braeutigammode\/guglielmo-g\/hochzeitsanzug-80124\/","title":{"rendered":"Hochzeitsanzug 80124"},"content":{"rendered":"","protected":false},"excerpt":{"rendered":"<p data-start=\"0\" data-end=\"81\"><strong data-start=\"0\" data-end=\"81\">Moderner Hochzeitsanzug\u2013 Ausdrucksstarke Eleganz mit urbanem Flair<\/strong><\/p>\n<p data-start=\"83\" data-end=\"327\">Dieser au\u00dfergew\u00f6hnliche Anzug in edlem Petrol vereint klassische Schneiderkunst mit einem modernen, selbstbewussten Stil. Perfekt f\u00fcr M\u00e4nner, die bei besonderen Anl\u00e4ssen wie Hochzeiten oder exklusiven Events modisch neue Akzente setzen m\u00f6chten.<\/p>\n<p data-start=\"329\" data-end=\"595\">Das Sakko im angesagten Stehkragen-Design erinnert an den eleganten Military-Stil und \u00fcberzeugt durch seine klare Linienf\u00fchrung sowie die markante Knopfleiste. Die figurbetonte Passform sorgt f\u00fcr eine schlanke Silhouette und unterstreicht die maskuline Ausstrahlung.<\/p>\n<p data-start=\"597\" data-end=\"854\">Ein stilvoller Kontrast entsteht durch die helle, fein strukturierte Weste, die dem Look Tiefe und Raffinesse verleiht. In Kombination mit dem klassischen Hemd ergibt sich ein harmonisches Gesamtbild, das Tradition und Moderne perfekt miteinander verbindet.<\/p>\n<p data-start=\"856\" data-end=\"990\">Der hochwertige Stoff sorgt f\u00fcr ein angenehmes Tragegef\u00fchl und einen eleganten Fall \u2013 ideal f\u00fcr lange Tage und unvergessliche Momente.<\/p>\n<p data-start=\"992\" data-end=\"1007\">\n","protected":false},"featured_media":12044,"template":"","meta":{"site-sidebar-layout":"default","site-content-layout":"","ast-site-content-layout":"default","site-content-style":"default","site-sidebar-style":"default","ast-global-header-display":"","ast-banner-title-visibility":"","ast-main-header-display":"","ast-hfb-above-header-display":"","ast-hfb-below-header-display":"","ast-hfb-mobile-header-display":"","site-post-title":"","ast-breadcrumbs-content":"","ast-featured-img":"","footer-sml-layout":"","ast-disable-related-posts":"","theme-transparent-header-meta":"default","adv-header-id-meta":"","stick-header-meta":"default","header-above-stick-meta":"","header-main-stick-meta":"","header-below-stick-meta":"","astra-migrate-meta-layouts":"set","ast-page-background-enabled":"default","ast-page-background-meta":{"desktop":{"background-color":"var(--ast-global-color-4)","background-image":"","background-repeat":"repeat","background-position":"center center","background-size":"auto","background-attachment":"scroll","background-type":"","background-media":"","overlay-type":"","overlay-color":"","overlay-opacity":"","overlay-gradient":""},"tablet":{"background-color":"","background-image":"","background-repeat":"repeat","background-position":"center center","background-size":"auto","background-attachment":"scroll","background-type":"","background-media":"","overlay-type":"","overlay-color":"","overlay-opacity":"","overlay-gradient":""},"mobile":{"background-color":"","background-image":"","background-repeat":"repeat","background-position":"center center","background-size":"auto","background-attachment":"scroll","background-type":"","background-media":"","overlay-type":"","overlay-color":"","overlay-opacity":"","overlay-gradient":""}},"ast-content-background-meta":{"desktop":{"background-color":"var(--ast-global-color-5)","background-image":"","background-repeat":"repeat","background-position":"center center","background-size":"auto","background-attachment":"scroll","background-type":"","background-media":"","overlay-type":"","overlay-color":"","overlay-opacity":"","overlay-gradient":""},"tablet":{"background-color":"var(--ast-global-color-5)","background-image":"","background-repeat":"repeat","background-position":"center center","background-size":"auto","background-attachment":"scroll","background-type":"","background-media":"","overlay-type":"","overlay-color":"","overlay-opacity":"","overlay-gradient":""},"mobile":{"background-color":"var(--ast-global-color-5)","background-image":"","background-repeat":"repeat","background-position":"center center","background-size":"auto","background-attachment":"scroll","background-type":"","background-media":"","overlay-type":"","overlay-color":"","overlay-opacity":"","overlay-gradient":""}}},"product_brand":[],"product_cat":[217],"product_tag":[],"class_list":{"0":"post-12043","1":"product","2":"type-product","3":"status-publish","4":"has-post-thumbnail","6":"product_cat-guglielmo-g","7":"pa_farbe-blau","8":"desktop-align-center","9":"tablet-align-left","10":"mobile-align-center","11":"ast-product-gallery-layout-horizontal-slider","12":"ast-product-gallery-with-no-image","13":"ast-qv-on-image","15":"first","16":"instock","17":"shipping-taxable","18":"purchasable","19":"product-type-simple","20":"add-to-wishlist-before_image"},"yoast_head":"<!-- This site is optimized with the Yoast SEO plugin v27.3 - https:\/\/yoast.com\/product\/yoast-seo-wordpress\/ -->\n<title>Hochzeitsanzug 80124 | Hochzeitshaus Boos<\/title>\n<meta name=\"description\" content=\"Hochzeitsanzug 80124 im Hochzeitshaus Boos in Stuttgart, Karlsruhe, Mannheim und Ingolstadt. F\u00fcr jeden Br\u00e4utigam das passende Hochzeits-Outfit.\" \/>\n<meta name=\"robots\" content=\"index, follow, max-snippet:-1, max-image-preview:large, max-video-preview:-1\" \/>\n<link rel=\"canonical\" href=\"https:\/\/hochzeitshaus-boos.de\/braeutigammode\/guglielmo-g\/hochzeitsanzug-80124\/\" \/>\n<meta property=\"og:locale\" content=\"de_DE\" \/>\n<meta property=\"og:type\" content=\"article\" \/>\n<meta property=\"og:title\" content=\"Hochzeitsanzug 80124 | Hochzeitshaus Boos\" \/>\n<meta property=\"og:description\" content=\"Hochzeitsanzug 80124 im Hochzeitshaus Boos in Stuttgart, Karlsruhe, Mannheim und Ingolstadt. F\u00fcr jeden Br\u00e4utigam das passende Hochzeits-Outfit.\" \/>\n<meta property=\"og:url\" content=\"https:\/\/hochzeitshaus-boos.de\/braeutigammode\/guglielmo-g\/hochzeitsanzug-80124\/\" \/>\n<meta property=\"og:site_name\" content=\"Hochzeitshaus Boos\" \/>\n<meta property=\"article:publisher\" content=\"https:\/\/www.facebook.com\/hochzeitshaus.boos\" \/>\n<meta property=\"og:image\" content=\"https:\/\/hochzeitshaus-boos.de\/braeutigammode\/wp-content\/uploads\/2026\/04\/Bildschirmfoto-2026-04-08-um-14.39.25-713x1024.png\" \/>\n\t<meta property=\"og:image:width\" content=\"713\" \/>\n\t<meta property=\"og:image:height\" content=\"1024\" \/>\n\t<meta property=\"og:image:type\" content=\"image\/png\" \/>\n<meta name=\"twitter:card\" content=\"summary_large_image\" \/>\n<meta name=\"twitter:site\" content=\"@hh_boos_de\" \/>\n<meta name=\"twitter:label1\" content=\"Gesch\u00e4tzte Lesezeit\" \/>\n\t<meta name=\"twitter:data1\" content=\"1\u00a0Minute\" \/>\n<script type=\"application\/ld+json\" class=\"yoast-schema-graph\">{\"@context\":\"https:\\\/\\\/schema.org\",\"@graph\":[{\"@type\":\"WebPage\",\"@id\":\"https:\\\/\\\/hochzeitshaus-boos.de\\\/braeutigammode\\\/guglielmo-g\\\/hochzeitsanzug-80124\\\/\",\"url\":\"https:\\\/\\\/hochzeitshaus-boos.de\\\/braeutigammode\\\/guglielmo-g\\\/hochzeitsanzug-80124\\\/\",\"name\":\"Hochzeitsanzug 80124 | Hochzeitshaus Boos\",\"isPartOf\":{\"@id\":\"https:\\\/\\\/hochzeitshaus-boos.de\\\/braeutigammode\\\/#website\"},\"primaryImageOfPage\":{\"@id\":\"https:\\\/\\\/hochzeitshaus-boos.de\\\/braeutigammode\\\/guglielmo-g\\\/hochzeitsanzug-80124\\\/#primaryimage\"},\"image\":{\"@id\":\"https:\\\/\\\/hochzeitshaus-boos.de\\\/braeutigammode\\\/guglielmo-g\\\/hochzeitsanzug-80124\\\/#primaryimage\"},\"thumbnailUrl\":\"https:\\\/\\\/hochzeitshaus-boos.de\\\/braeutigammode\\\/wp-content\\\/uploads\\\/2026\\\/04\\\/Bildschirmfoto-2026-04-08-um-14.39.25.png\",\"datePublished\":\"2026-04-08T13:09:53+00:00\",\"description\":\"Hochzeitsanzug 80124 im Hochzeitshaus Boos in Stuttgart, Karlsruhe, Mannheim und Ingolstadt. F\u00fcr jeden Br\u00e4utigam das passende Hochzeits-Outfit.\",\"breadcrumb\":{\"@id\":\"https:\\\/\\\/hochzeitshaus-boos.de\\\/braeutigammode\\\/guglielmo-g\\\/hochzeitsanzug-80124\\\/#breadcrumb\"},\"inLanguage\":\"de\",\"potentialAction\":[{\"@type\":\"ReadAction\",\"target\":[\"https:\\\/\\\/hochzeitshaus-boos.de\\\/braeutigammode\\\/guglielmo-g\\\/hochzeitsanzug-80124\\\/\"]}]},{\"@type\":\"ImageObject\",\"inLanguage\":\"de\",\"@id\":\"https:\\\/\\\/hochzeitshaus-boos.de\\\/braeutigammode\\\/guglielmo-g\\\/hochzeitsanzug-80124\\\/#primaryimage\",\"url\":\"https:\\\/\\\/hochzeitshaus-boos.de\\\/braeutigammode\\\/wp-content\\\/uploads\\\/2026\\\/04\\\/Bildschirmfoto-2026-04-08-um-14.39.25.png\",\"contentUrl\":\"https:\\\/\\\/hochzeitshaus-boos.de\\\/braeutigammode\\\/wp-content\\\/uploads\\\/2026\\\/04\\\/Bildschirmfoto-2026-04-08-um-14.39.25.png\",\"width\":1101,\"height\":1581},{\"@type\":\"BreadcrumbList\",\"@id\":\"https:\\\/\\\/hochzeitshaus-boos.de\\\/braeutigammode\\\/guglielmo-g\\\/hochzeitsanzug-80124\\\/#breadcrumb\",\"itemListElement\":[{\"@type\":\"ListItem\",\"position\":1,\"name\":\"Br\u00e4utigammode\",\"item\":\"https:\\\/\\\/hochzeitshaus-boos.de\\\/braeutigammode\\\/\"},{\"@type\":\"ListItem\",\"position\":2,\"name\":\"Produkte\",\"item\":\"https:\\\/\\\/hochzeitshaus-boos.de\\\/braeutigammode\\\/shop\\\/\"},{\"@type\":\"ListItem\",\"position\":3,\"name\":\"Hochzeitsanzug 80124\"}]},{\"@type\":\"WebSite\",\"@id\":\"https:\\\/\\\/hochzeitshaus-boos.de\\\/braeutigammode\\\/#website\",\"url\":\"https:\\\/\\\/hochzeitshaus-boos.de\\\/braeutigammode\\\/\",\"name\":\"Hochzeitshaus Boos\",\"description\":\"In Stuttgart, Mannheim, Karlsruhe und Ingolstadt\",\"publisher\":{\"@id\":\"https:\\\/\\\/hochzeitshaus-boos.de\\\/braeutigammode\\\/#organization\"},\"potentialAction\":[{\"@type\":\"SearchAction\",\"target\":{\"@type\":\"EntryPoint\",\"urlTemplate\":\"https:\\\/\\\/hochzeitshaus-boos.de\\\/braeutigammode\\\/?s={search_term_string}\"},\"query-input\":{\"@type\":\"PropertyValueSpecification\",\"valueRequired\":true,\"valueName\":\"search_term_string\"}}],\"inLanguage\":\"de\"},{\"@type\":\"Organization\",\"@id\":\"https:\\\/\\\/hochzeitshaus-boos.de\\\/braeutigammode\\\/#organization\",\"name\":\"Hochzeitshaus Boos\",\"url\":\"https:\\\/\\\/hochzeitshaus-boos.de\\\/braeutigammode\\\/\",\"logo\":{\"@type\":\"ImageObject\",\"inLanguage\":\"de\",\"@id\":\"https:\\\/\\\/hochzeitshaus-boos.de\\\/braeutigammode\\\/#\\\/schema\\\/logo\\\/image\\\/\",\"url\":\"https:\\\/\\\/hochzeitshaus-boos.de\\\/braeutigammode\\\/wp-content\\\/uploads\\\/2022\\\/08\\\/boos-hochzeitshaus-logo.png\",\"contentUrl\":\"https:\\\/\\\/hochzeitshaus-boos.de\\\/braeutigammode\\\/wp-content\\\/uploads\\\/2022\\\/08\\\/boos-hochzeitshaus-logo.png\",\"width\":559,\"height\":313,\"caption\":\"Hochzeitshaus Boos\"},\"image\":{\"@id\":\"https:\\\/\\\/hochzeitshaus-boos.de\\\/braeutigammode\\\/#\\\/schema\\\/logo\\\/image\\\/\"},\"sameAs\":[\"https:\\\/\\\/www.facebook.com\\\/hochzeitshaus.boos\",\"https:\\\/\\\/x.com\\\/hh_boos_de\",\"https:\\\/\\\/www.instagram.com\\\/hochzeitshaus_boos\"]}]}<\/script>\n<!-- \/ Yoast SEO plugin. -->","yoast_head_json":{"title":"Hochzeitsanzug 80124 | Hochzeitshaus Boos","description":"Hochzeitsanzug 80124 im Hochzeitshaus Boos in Stuttgart, Karlsruhe, Mannheim und Ingolstadt. F\u00fcr jeden Br\u00e4utigam das passende Hochzeits-Outfit.","robots":{"index":"index","follow":"follow","max-snippet":"max-snippet:-1","max-image-preview":"max-image-preview:large","max-video-preview":"max-video-preview:-1"},"canonical":"https:\/\/hochzeitshaus-boos.de\/braeutigammode\/guglielmo-g\/hochzeitsanzug-80124\/","og_locale":"de_DE","og_type":"article","og_title":"Hochzeitsanzug 80124 | Hochzeitshaus Boos","og_description":"Hochzeitsanzug 80124 im Hochzeitshaus Boos in Stuttgart, Karlsruhe, Mannheim und Ingolstadt. F\u00fcr jeden Br\u00e4utigam das passende Hochzeits-Outfit.","og_url":"https:\/\/hochzeitshaus-boos.de\/braeutigammode\/guglielmo-g\/hochzeitsanzug-80124\/","og_site_name":"Hochzeitshaus Boos","article_publisher":"https:\/\/www.facebook.com\/hochzeitshaus.boos","og_image":[{"width":713,"height":1024,"url":"https:\/\/hochzeitshaus-boos.de\/braeutigammode\/wp-content\/uploads\/2026\/04\/Bildschirmfoto-2026-04-08-um-14.39.25-713x1024.png","type":"image\/png"}],"twitter_card":"summary_large_image","twitter_site":"@hh_boos_de","twitter_misc":{"Gesch\u00e4tzte Lesezeit":"1\u00a0Minute"},"schema":{"@context":"https:\/\/schema.org","@graph":[{"@type":"WebPage","@id":"https:\/\/hochzeitshaus-boos.de\/braeutigammode\/guglielmo-g\/hochzeitsanzug-80124\/","url":"https:\/\/hochzeitshaus-boos.de\/braeutigammode\/guglielmo-g\/hochzeitsanzug-80124\/","name":"Hochzeitsanzug 80124 | Hochzeitshaus Boos","isPartOf":{"@id":"https:\/\/hochzeitshaus-boos.de\/braeutigammode\/#website"},"primaryImageOfPage":{"@id":"https:\/\/hochzeitshaus-boos.de\/braeutigammode\/guglielmo-g\/hochzeitsanzug-80124\/#primaryimage"},"image":{"@id":"https:\/\/hochzeitshaus-boos.de\/braeutigammode\/guglielmo-g\/hochzeitsanzug-80124\/#primaryimage"},"thumbnailUrl":"https:\/\/hochzeitshaus-boos.de\/braeutigammode\/wp-content\/uploads\/2026\/04\/Bildschirmfoto-2026-04-08-um-14.39.25.png","datePublished":"2026-04-08T13:09:53+00:00","description":"Hochzeitsanzug 80124 im Hochzeitshaus Boos in Stuttgart, Karlsruhe, Mannheim und Ingolstadt. F\u00fcr jeden Br\u00e4utigam das passende Hochzeits-Outfit.","breadcrumb":{"@id":"https:\/\/hochzeitshaus-boos.de\/braeutigammode\/guglielmo-g\/hochzeitsanzug-80124\/#breadcrumb"},"inLanguage":"de","potentialAction":[{"@type":"ReadAction","target":["https:\/\/hochzeitshaus-boos.de\/braeutigammode\/guglielmo-g\/hochzeitsanzug-80124\/"]}]},{"@type":"ImageObject","inLanguage":"de","@id":"https:\/\/hochzeitshaus-boos.de\/braeutigammode\/guglielmo-g\/hochzeitsanzug-80124\/#primaryimage","url":"https:\/\/hochzeitshaus-boos.de\/braeutigammode\/wp-content\/uploads\/2026\/04\/Bildschirmfoto-2026-04-08-um-14.39.25.png","contentUrl":"https:\/\/hochzeitshaus-boos.de\/braeutigammode\/wp-content\/uploads\/2026\/04\/Bildschirmfoto-2026-04-08-um-14.39.25.png","width":1101,"height":1581},{"@type":"BreadcrumbList","@id":"https:\/\/hochzeitshaus-boos.de\/braeutigammode\/guglielmo-g\/hochzeitsanzug-80124\/#breadcrumb","itemListElement":[{"@type":"ListItem","position":1,"name":"Br\u00e4utigammode","item":"https:\/\/hochzeitshaus-boos.de\/braeutigammode\/"},{"@type":"ListItem","position":2,"name":"Produkte","item":"https:\/\/hochzeitshaus-boos.de\/braeutigammode\/shop\/"},{"@type":"ListItem","position":3,"name":"Hochzeitsanzug 80124"}]},{"@type":"WebSite","@id":"https:\/\/hochzeitshaus-boos.de\/braeutigammode\/#website","url":"https:\/\/hochzeitshaus-boos.de\/braeutigammode\/","name":"Hochzeitshaus Boos","description":"In Stuttgart, Mannheim, Karlsruhe und Ingolstadt","publisher":{"@id":"https:\/\/hochzeitshaus-boos.de\/braeutigammode\/#organization"},"potentialAction":[{"@type":"SearchAction","target":{"@type":"EntryPoint","urlTemplate":"https:\/\/hochzeitshaus-boos.de\/braeutigammode\/?s={search_term_string}"},"query-input":{"@type":"PropertyValueSpecification","valueRequired":true,"valueName":"search_term_string"}}],"inLanguage":"de"},{"@type":"Organization","@id":"https:\/\/hochzeitshaus-boos.de\/braeutigammode\/#organization","name":"Hochzeitshaus Boos","url":"https:\/\/hochzeitshaus-boos.de\/braeutigammode\/","logo":{"@type":"ImageObject","inLanguage":"de","@id":"https:\/\/hochzeitshaus-boos.de\/braeutigammode\/#\/schema\/logo\/image\/","url":"https:\/\/hochzeitshaus-boos.de\/braeutigammode\/wp-content\/uploads\/2022\/08\/boos-hochzeitshaus-logo.png","contentUrl":"https:\/\/hochzeitshaus-boos.de\/braeutigammode\/wp-content\/uploads\/2022\/08\/boos-hochzeitshaus-logo.png","width":559,"height":313,"caption":"Hochzeitshaus Boos"},"image":{"@id":"https:\/\/hochzeitshaus-boos.de\/braeutigammode\/#\/schema\/logo\/image\/"},"sameAs":["https:\/\/www.facebook.com\/hochzeitshaus.boos","https:\/\/x.com\/hh_boos_de","https:\/\/www.instagram.com\/hochzeitshaus_boos"]}]}},"_links":{"self":[{"href":"https:\/\/hochzeitshaus-boos.de\/braeutigammode\/wp-json\/wp\/v2\/product\/12043","targetHints":{"allow":["GET"]}}],"collection":[{"href":"https:\/\/hochzeitshaus-boos.de\/braeutigammode\/wp-json\/wp\/v2\/product"}],"about":[{"href":"https:\/\/hochzeitshaus-boos.de\/braeutigammode\/wp-json\/wp\/v2\/types\/product"}],"wp:featuredmedia":[{"embeddable":true,"href":"https:\/\/hochzeitshaus-boos.de\/braeutigammode\/wp-json\/wp\/v2\/media\/12044"}],"wp:attachment":[{"href":"https:\/\/hochzeitshaus-boos.de\/braeutigammode\/wp-json\/wp\/v2\/media?parent=12043"}],"wp:term":[{"taxonomy":"product_brand","embeddable":true,"href":"https:\/\/hochzeitshaus-boos.de\/braeutigammode\/wp-json\/wp\/v2\/product_brand?post=12043"},{"taxonomy":"product_cat","embeddable":true,"href":"https:\/\/hochzeitshaus-boos.de\/braeutigammode\/wp-json\/wp\/v2\/product_cat?post=12043"},{"taxonomy":"product_tag","embeddable":true,"href":"https:\/\/hochzeitshaus-boos.de\/braeutigammode\/wp-json\/wp\/v2\/product_tag?post=12043"}],"curies":[{"name":"wp","href":"https:\/\/api.w.org\/{rel}","templated":true}]}}