{"id":12027,"date":"2026-03-04T15:54:51","date_gmt":"2026-03-04T14:54:51","guid":{"rendered":"https:\/\/hochzeitshaus-boos.de\/braeutigammode\/?post_type=product&#038;p=12027"},"modified":"2026-03-04T15:54:51","modified_gmt":"2026-03-04T14:54:51","slug":"hochzeitsanzug-81988","status":"publish","type":"product","link":"https:\/\/hochzeitshaus-boos.de\/braeutigammode\/guglielmo-g\/hochzeitsanzug-81988\/","title":{"rendered":"Hochzeitsanzug 81988"},"content":{"rendered":"","protected":false},"excerpt":{"rendered":"<p data-start=\"0\" data-end=\"78\"><strong data-start=\"0\" data-end=\"78\">Hochzeitsanzug in Royalblau mit Jacquard-Muster \u2013 Ausdrucksstark &amp; Elegant<\/strong><\/p>\n<p data-start=\"80\" data-end=\"351\">Dieser exklusive Hochzeitsanzug in tiefem Royalblau ist ein echtes Statement f\u00fcr stilbewusste Br\u00e4utigame. Das edle Jacquard-Muster verleiht dem Sakko eine luxuri\u00f6se Struktur und sorgt f\u00fcr eine besondere Tiefe im Stoff \u2013 dezent gemustert und dennoch beeindruckend pr\u00e4sent.<\/p>\n<p data-start=\"353\" data-end=\"666\">Der moderne, taillierte Schnitt betont die Silhouette und verleiht eine elegante, maskuline Ausstrahlung. Die harmonisch abgestimmte Weste unterstreicht den festlichen Charakter des Dreiteilers und sorgt f\u00fcr einen besonders hochwertigen Gesamtlook. Feine Details und elegante Kn\u00f6pfe runden das Design stilvoll ab.<\/p>\n<p data-start=\"668\" data-end=\"884\">Ideal f\u00fcr glamour\u00f6se Hochzeiten, elegante Abendveranstaltungen oder festliche Trauungen mit besonderem Anspruch. Royalblau wirkt kraftvoll, modern und bleibt dabei zeitlos klassisch \u2013 perfekt f\u00fcr den gro\u00dfen Auftritt.<\/p>\n","protected":false},"featured_media":12028,"template":"","meta":{"site-sidebar-layout":"default","site-content-layout":"","ast-site-content-layout":"default","site-content-style":"default","site-sidebar-style":"default","ast-global-header-display":"","ast-banner-title-visibility":"","ast-main-header-display":"","ast-hfb-above-header-display":"","ast-hfb-below-header-display":"","ast-hfb-mobile-header-display":"","site-post-title":"","ast-breadcrumbs-content":"","ast-featured-img":"","footer-sml-layout":"","ast-disable-related-posts":"","theme-transparent-header-meta":"default","adv-header-id-meta":"","stick-header-meta":"default","header-above-stick-meta":"","header-main-stick-meta":"","header-below-stick-meta":"","astra-migrate-meta-layouts":"set","ast-page-background-enabled":"default","ast-page-background-meta":{"desktop":{"background-color":"var(--ast-global-color-4)","background-image":"","background-repeat":"repeat","background-position":"center center","background-size":"auto","background-attachment":"scroll","background-type":"","background-media":"","overlay-type":"","overlay-color":"","overlay-opacity":"","overlay-gradient":""},"tablet":{"background-color":"","background-image":"","background-repeat":"repeat","background-position":"center center","background-size":"auto","background-attachment":"scroll","background-type":"","background-media":"","overlay-type":"","overlay-color":"","overlay-opacity":"","overlay-gradient":""},"mobile":{"background-color":"","background-image":"","background-repeat":"repeat","background-position":"center center","background-size":"auto","background-attachment":"scroll","background-type":"","background-media":"","overlay-type":"","overlay-color":"","overlay-opacity":"","overlay-gradient":""}},"ast-content-background-meta":{"desktop":{"background-color":"var(--ast-global-color-5)","background-image":"","background-repeat":"repeat","background-position":"center center","background-size":"auto","background-attachment":"scroll","background-type":"","background-media":"","overlay-type":"","overlay-color":"","overlay-opacity":"","overlay-gradient":""},"tablet":{"background-color":"var(--ast-global-color-5)","background-image":"","background-repeat":"repeat","background-position":"center center","background-size":"auto","background-attachment":"scroll","background-type":"","background-media":"","overlay-type":"","overlay-color":"","overlay-opacity":"","overlay-gradient":""},"mobile":{"background-color":"var(--ast-global-color-5)","background-image":"","background-repeat":"repeat","background-position":"center center","background-size":"auto","background-attachment":"scroll","background-type":"","background-media":"","overlay-type":"","overlay-color":"","overlay-opacity":"","overlay-gradient":""}}},"product_brand":[92],"product_cat":[217],"product_tag":[385],"class_list":{"0":"post-12027","1":"product","2":"type-product","3":"status-publish","4":"has-post-thumbnail","6":"product_brand-guglielmo-g","7":"product_cat-guglielmo-g","8":"product_tag-hochzeitsanzuege","9":"pa_farbe-blau","10":"desktop-align-center","11":"tablet-align-left","12":"mobile-align-center","13":"ast-product-gallery-layout-horizontal-slider","14":"ast-product-gallery-with-no-image","15":"ast-qv-on-image","17":"first","18":"instock","19":"shipping-taxable","20":"purchasable","21":"product-type-simple","22":"add-to-wishlist-before_image"},"yoast_head":"<!-- This site is optimized with the Yoast SEO plugin v27.3 - https:\/\/yoast.com\/product\/yoast-seo-wordpress\/ -->\n<title>Hochzeitsanzug 81988 | Hochzeitshaus Boos<\/title>\n<meta name=\"description\" content=\"Hochzeitsanzug 81988 im Hochzeitshaus Boos in Stuttgart, Karlsruhe, Mannheim und Ingolstadt. F\u00fcr jeden Br\u00e4utigam das passende Hochzeits-Outfit.\" \/>\n<meta name=\"robots\" content=\"index, follow, max-snippet:-1, max-image-preview:large, max-video-preview:-1\" \/>\n<link rel=\"canonical\" href=\"https:\/\/hochzeitshaus-boos.de\/braeutigammode\/guglielmo-g\/hochzeitsanzug-81988\/\" \/>\n<meta property=\"og:locale\" content=\"de_DE\" \/>\n<meta property=\"og:type\" content=\"article\" \/>\n<meta property=\"og:title\" content=\"Hochzeitsanzug 81988 | Hochzeitshaus Boos\" \/>\n<meta property=\"og:description\" content=\"Hochzeitsanzug 81988 im Hochzeitshaus Boos in Stuttgart, Karlsruhe, Mannheim und Ingolstadt. F\u00fcr jeden Br\u00e4utigam das passende Hochzeits-Outfit.\" \/>\n<meta property=\"og:url\" content=\"https:\/\/hochzeitshaus-boos.de\/braeutigammode\/guglielmo-g\/hochzeitsanzug-81988\/\" \/>\n<meta property=\"og:site_name\" content=\"Hochzeitshaus Boos\" \/>\n<meta property=\"article:publisher\" content=\"https:\/\/www.facebook.com\/hochzeitshaus.boos\" \/>\n<meta property=\"og:image\" content=\"https:\/\/hochzeitshaus-boos.de\/braeutigammode\/wp-content\/uploads\/2026\/03\/SS26_GUGLIELMO-G_7-scaled.jpg\" \/>\n\t<meta property=\"og:image:width\" content=\"1810\" \/>\n\t<meta property=\"og:image:height\" content=\"2560\" \/>\n\t<meta property=\"og:image:type\" content=\"image\/jpeg\" \/>\n<meta name=\"twitter:card\" content=\"summary_large_image\" \/>\n<meta name=\"twitter:site\" content=\"@hh_boos_de\" \/>\n<meta name=\"twitter:label1\" content=\"Gesch\u00e4tzte Lesezeit\" \/>\n\t<meta name=\"twitter:data1\" content=\"1\u00a0Minute\" \/>\n<script type=\"application\/ld+json\" class=\"yoast-schema-graph\">{\"@context\":\"https:\\\/\\\/schema.org\",\"@graph\":[{\"@type\":\"WebPage\",\"@id\":\"https:\\\/\\\/hochzeitshaus-boos.de\\\/braeutigammode\\\/guglielmo-g\\\/hochzeitsanzug-81988\\\/\",\"url\":\"https:\\\/\\\/hochzeitshaus-boos.de\\\/braeutigammode\\\/guglielmo-g\\\/hochzeitsanzug-81988\\\/\",\"name\":\"Hochzeitsanzug 81988 | Hochzeitshaus Boos\",\"isPartOf\":{\"@id\":\"https:\\\/\\\/hochzeitshaus-boos.de\\\/braeutigammode\\\/#website\"},\"primaryImageOfPage\":{\"@id\":\"https:\\\/\\\/hochzeitshaus-boos.de\\\/braeutigammode\\\/guglielmo-g\\\/hochzeitsanzug-81988\\\/#primaryimage\"},\"image\":{\"@id\":\"https:\\\/\\\/hochzeitshaus-boos.de\\\/braeutigammode\\\/guglielmo-g\\\/hochzeitsanzug-81988\\\/#primaryimage\"},\"thumbnailUrl\":\"https:\\\/\\\/hochzeitshaus-boos.de\\\/braeutigammode\\\/wp-content\\\/uploads\\\/2026\\\/03\\\/SS26_GUGLIELMO-G_7-scaled.jpg\",\"datePublished\":\"2026-03-04T14:54:51+00:00\",\"description\":\"Hochzeitsanzug 81988 im Hochzeitshaus Boos in Stuttgart, Karlsruhe, Mannheim und Ingolstadt. F\u00fcr jeden Br\u00e4utigam das passende Hochzeits-Outfit.\",\"breadcrumb\":{\"@id\":\"https:\\\/\\\/hochzeitshaus-boos.de\\\/braeutigammode\\\/guglielmo-g\\\/hochzeitsanzug-81988\\\/#breadcrumb\"},\"inLanguage\":\"de\",\"potentialAction\":[{\"@type\":\"ReadAction\",\"target\":[\"https:\\\/\\\/hochzeitshaus-boos.de\\\/braeutigammode\\\/guglielmo-g\\\/hochzeitsanzug-81988\\\/\"]}]},{\"@type\":\"ImageObject\",\"inLanguage\":\"de\",\"@id\":\"https:\\\/\\\/hochzeitshaus-boos.de\\\/braeutigammode\\\/guglielmo-g\\\/hochzeitsanzug-81988\\\/#primaryimage\",\"url\":\"https:\\\/\\\/hochzeitshaus-boos.de\\\/braeutigammode\\\/wp-content\\\/uploads\\\/2026\\\/03\\\/SS26_GUGLIELMO-G_7-scaled.jpg\",\"contentUrl\":\"https:\\\/\\\/hochzeitshaus-boos.de\\\/braeutigammode\\\/wp-content\\\/uploads\\\/2026\\\/03\\\/SS26_GUGLIELMO-G_7-scaled.jpg\",\"width\":1810,\"height\":2560},{\"@type\":\"BreadcrumbList\",\"@id\":\"https:\\\/\\\/hochzeitshaus-boos.de\\\/braeutigammode\\\/guglielmo-g\\\/hochzeitsanzug-81988\\\/#breadcrumb\",\"itemListElement\":[{\"@type\":\"ListItem\",\"position\":1,\"name\":\"Br\u00e4utigammode\",\"item\":\"https:\\\/\\\/hochzeitshaus-boos.de\\\/braeutigammode\\\/\"},{\"@type\":\"ListItem\",\"position\":2,\"name\":\"Produkte\",\"item\":\"https:\\\/\\\/hochzeitshaus-boos.de\\\/braeutigammode\\\/shop\\\/\"},{\"@type\":\"ListItem\",\"position\":3,\"name\":\"Hochzeitsanzug 81988\"}]},{\"@type\":\"WebSite\",\"@id\":\"https:\\\/\\\/hochzeitshaus-boos.de\\\/braeutigammode\\\/#website\",\"url\":\"https:\\\/\\\/hochzeitshaus-boos.de\\\/braeutigammode\\\/\",\"name\":\"Hochzeitshaus Boos\",\"description\":\"In Stuttgart, Mannheim, Karlsruhe und Ingolstadt\",\"publisher\":{\"@id\":\"https:\\\/\\\/hochzeitshaus-boos.de\\\/braeutigammode\\\/#organization\"},\"potentialAction\":[{\"@type\":\"SearchAction\",\"target\":{\"@type\":\"EntryPoint\",\"urlTemplate\":\"https:\\\/\\\/hochzeitshaus-boos.de\\\/braeutigammode\\\/?s={search_term_string}\"},\"query-input\":{\"@type\":\"PropertyValueSpecification\",\"valueRequired\":true,\"valueName\":\"search_term_string\"}}],\"inLanguage\":\"de\"},{\"@type\":\"Organization\",\"@id\":\"https:\\\/\\\/hochzeitshaus-boos.de\\\/braeutigammode\\\/#organization\",\"name\":\"Hochzeitshaus Boos\",\"url\":\"https:\\\/\\\/hochzeitshaus-boos.de\\\/braeutigammode\\\/\",\"logo\":{\"@type\":\"ImageObject\",\"inLanguage\":\"de\",\"@id\":\"https:\\\/\\\/hochzeitshaus-boos.de\\\/braeutigammode\\\/#\\\/schema\\\/logo\\\/image\\\/\",\"url\":\"https:\\\/\\\/hochzeitshaus-boos.de\\\/braeutigammode\\\/wp-content\\\/uploads\\\/2022\\\/08\\\/boos-hochzeitshaus-logo.png\",\"contentUrl\":\"https:\\\/\\\/hochzeitshaus-boos.de\\\/braeutigammode\\\/wp-content\\\/uploads\\\/2022\\\/08\\\/boos-hochzeitshaus-logo.png\",\"width\":559,\"height\":313,\"caption\":\"Hochzeitshaus Boos\"},\"image\":{\"@id\":\"https:\\\/\\\/hochzeitshaus-boos.de\\\/braeutigammode\\\/#\\\/schema\\\/logo\\\/image\\\/\"},\"sameAs\":[\"https:\\\/\\\/www.facebook.com\\\/hochzeitshaus.boos\",\"https:\\\/\\\/x.com\\\/hh_boos_de\",\"https:\\\/\\\/www.instagram.com\\\/hochzeitshaus_boos\"]}]}<\/script>\n<!-- \/ Yoast SEO plugin. -->","yoast_head_json":{"title":"Hochzeitsanzug 81988 | Hochzeitshaus Boos","description":"Hochzeitsanzug 81988 im Hochzeitshaus Boos in Stuttgart, Karlsruhe, Mannheim und Ingolstadt. F\u00fcr jeden Br\u00e4utigam das passende Hochzeits-Outfit.","robots":{"index":"index","follow":"follow","max-snippet":"max-snippet:-1","max-image-preview":"max-image-preview:large","max-video-preview":"max-video-preview:-1"},"canonical":"https:\/\/hochzeitshaus-boos.de\/braeutigammode\/guglielmo-g\/hochzeitsanzug-81988\/","og_locale":"de_DE","og_type":"article","og_title":"Hochzeitsanzug 81988 | Hochzeitshaus Boos","og_description":"Hochzeitsanzug 81988 im Hochzeitshaus Boos in Stuttgart, Karlsruhe, Mannheim und Ingolstadt. F\u00fcr jeden Br\u00e4utigam das passende Hochzeits-Outfit.","og_url":"https:\/\/hochzeitshaus-boos.de\/braeutigammode\/guglielmo-g\/hochzeitsanzug-81988\/","og_site_name":"Hochzeitshaus Boos","article_publisher":"https:\/\/www.facebook.com\/hochzeitshaus.boos","og_image":[{"width":1810,"height":2560,"url":"https:\/\/hochzeitshaus-boos.de\/braeutigammode\/wp-content\/uploads\/2026\/03\/SS26_GUGLIELMO-G_7-scaled.jpg","type":"image\/jpeg"}],"twitter_card":"summary_large_image","twitter_site":"@hh_boos_de","twitter_misc":{"Gesch\u00e4tzte Lesezeit":"1\u00a0Minute"},"schema":{"@context":"https:\/\/schema.org","@graph":[{"@type":"WebPage","@id":"https:\/\/hochzeitshaus-boos.de\/braeutigammode\/guglielmo-g\/hochzeitsanzug-81988\/","url":"https:\/\/hochzeitshaus-boos.de\/braeutigammode\/guglielmo-g\/hochzeitsanzug-81988\/","name":"Hochzeitsanzug 81988 | Hochzeitshaus Boos","isPartOf":{"@id":"https:\/\/hochzeitshaus-boos.de\/braeutigammode\/#website"},"primaryImageOfPage":{"@id":"https:\/\/hochzeitshaus-boos.de\/braeutigammode\/guglielmo-g\/hochzeitsanzug-81988\/#primaryimage"},"image":{"@id":"https:\/\/hochzeitshaus-boos.de\/braeutigammode\/guglielmo-g\/hochzeitsanzug-81988\/#primaryimage"},"thumbnailUrl":"https:\/\/hochzeitshaus-boos.de\/braeutigammode\/wp-content\/uploads\/2026\/03\/SS26_GUGLIELMO-G_7-scaled.jpg","datePublished":"2026-03-04T14:54:51+00:00","description":"Hochzeitsanzug 81988 im Hochzeitshaus Boos in Stuttgart, Karlsruhe, Mannheim und Ingolstadt. F\u00fcr jeden Br\u00e4utigam das passende Hochzeits-Outfit.","breadcrumb":{"@id":"https:\/\/hochzeitshaus-boos.de\/braeutigammode\/guglielmo-g\/hochzeitsanzug-81988\/#breadcrumb"},"inLanguage":"de","potentialAction":[{"@type":"ReadAction","target":["https:\/\/hochzeitshaus-boos.de\/braeutigammode\/guglielmo-g\/hochzeitsanzug-81988\/"]}]},{"@type":"ImageObject","inLanguage":"de","@id":"https:\/\/hochzeitshaus-boos.de\/braeutigammode\/guglielmo-g\/hochzeitsanzug-81988\/#primaryimage","url":"https:\/\/hochzeitshaus-boos.de\/braeutigammode\/wp-content\/uploads\/2026\/03\/SS26_GUGLIELMO-G_7-scaled.jpg","contentUrl":"https:\/\/hochzeitshaus-boos.de\/braeutigammode\/wp-content\/uploads\/2026\/03\/SS26_GUGLIELMO-G_7-scaled.jpg","width":1810,"height":2560},{"@type":"BreadcrumbList","@id":"https:\/\/hochzeitshaus-boos.de\/braeutigammode\/guglielmo-g\/hochzeitsanzug-81988\/#breadcrumb","itemListElement":[{"@type":"ListItem","position":1,"name":"Br\u00e4utigammode","item":"https:\/\/hochzeitshaus-boos.de\/braeutigammode\/"},{"@type":"ListItem","position":2,"name":"Produkte","item":"https:\/\/hochzeitshaus-boos.de\/braeutigammode\/shop\/"},{"@type":"ListItem","position":3,"name":"Hochzeitsanzug 81988"}]},{"@type":"WebSite","@id":"https:\/\/hochzeitshaus-boos.de\/braeutigammode\/#website","url":"https:\/\/hochzeitshaus-boos.de\/braeutigammode\/","name":"Hochzeitshaus Boos","description":"In Stuttgart, Mannheim, Karlsruhe und Ingolstadt","publisher":{"@id":"https:\/\/hochzeitshaus-boos.de\/braeutigammode\/#organization"},"potentialAction":[{"@type":"SearchAction","target":{"@type":"EntryPoint","urlTemplate":"https:\/\/hochzeitshaus-boos.de\/braeutigammode\/?s={search_term_string}"},"query-input":{"@type":"PropertyValueSpecification","valueRequired":true,"valueName":"search_term_string"}}],"inLanguage":"de"},{"@type":"Organization","@id":"https:\/\/hochzeitshaus-boos.de\/braeutigammode\/#organization","name":"Hochzeitshaus Boos","url":"https:\/\/hochzeitshaus-boos.de\/braeutigammode\/","logo":{"@type":"ImageObject","inLanguage":"de","@id":"https:\/\/hochzeitshaus-boos.de\/braeutigammode\/#\/schema\/logo\/image\/","url":"https:\/\/hochzeitshaus-boos.de\/braeutigammode\/wp-content\/uploads\/2022\/08\/boos-hochzeitshaus-logo.png","contentUrl":"https:\/\/hochzeitshaus-boos.de\/braeutigammode\/wp-content\/uploads\/2022\/08\/boos-hochzeitshaus-logo.png","width":559,"height":313,"caption":"Hochzeitshaus Boos"},"image":{"@id":"https:\/\/hochzeitshaus-boos.de\/braeutigammode\/#\/schema\/logo\/image\/"},"sameAs":["https:\/\/www.facebook.com\/hochzeitshaus.boos","https:\/\/x.com\/hh_boos_de","https:\/\/www.instagram.com\/hochzeitshaus_boos"]}]}},"_links":{"self":[{"href":"https:\/\/hochzeitshaus-boos.de\/braeutigammode\/wp-json\/wp\/v2\/product\/12027","targetHints":{"allow":["GET"]}}],"collection":[{"href":"https:\/\/hochzeitshaus-boos.de\/braeutigammode\/wp-json\/wp\/v2\/product"}],"about":[{"href":"https:\/\/hochzeitshaus-boos.de\/braeutigammode\/wp-json\/wp\/v2\/types\/product"}],"wp:featuredmedia":[{"embeddable":true,"href":"https:\/\/hochzeitshaus-boos.de\/braeutigammode\/wp-json\/wp\/v2\/media\/12028"}],"wp:attachment":[{"href":"https:\/\/hochzeitshaus-boos.de\/braeutigammode\/wp-json\/wp\/v2\/media?parent=12027"}],"wp:term":[{"taxonomy":"product_brand","embeddable":true,"href":"https:\/\/hochzeitshaus-boos.de\/braeutigammode\/wp-json\/wp\/v2\/product_brand?post=12027"},{"taxonomy":"product_cat","embeddable":true,"href":"https:\/\/hochzeitshaus-boos.de\/braeutigammode\/wp-json\/wp\/v2\/product_cat?post=12027"},{"taxonomy":"product_tag","embeddable":true,"href":"https:\/\/hochzeitshaus-boos.de\/braeutigammode\/wp-json\/wp\/v2\/product_tag?post=12027"}],"curies":[{"name":"wp","href":"https:\/\/api.w.org\/{rel}","templated":true}]}}