{"id":11684,"date":"2023-12-15T16:49:05","date_gmt":"2023-12-15T15:49:05","guid":{"rendered":"https:\/\/hochzeitshaus-boos.de\/braeutigammode\/?post_type=product&#038;p=11684"},"modified":"2023-12-15T16:49:05","modified_gmt":"2023-12-15T15:49:05","slug":"hochzeitsanzug-12018","status":"publish","type":"product","link":"https:\/\/hochzeitshaus-boos.de\/braeutigammode\/wilvorst\/hochzeitsanzug-12018\/","title":{"rendered":"Hochzeitsanzug 12018"},"content":{"rendered":"","protected":false},"excerpt":{"rendered":"<p>Der Wilvorst Smoking in klassischem Schwarz ist die Quintessenz formvollendeter Eleganz f\u00fcr den Br\u00e4utigam. Dieser zeitlose Anzug verbindet traditionelle Elemente mit einem Hauch moderner Raffinesse. Der luxuri\u00f6se Stoff f\u00e4llt makellos und schafft eine m\u00fchelose, gepflegte Silhouette, die bei jeder Bewegung besticht.<\/p>\n<p>Das Sakko zeichnet sich durch einen eleganten Schalkragen aus, der in gl\u00e4nzendem Satin gehalten ist, was einen subtilen Kontrast zum matten Finish des Hauptstoffes bildet. Diese Detailverliebtheit setzt sich in der Wahl der Accessoires fort: Eine klassische schwarze Fliege und ein passendes Einstecktuch runden den Smoking ab und verleihen ihm einen Hauch von Grandeur.<\/p>\n<p>Die Passform des Anzugs ist pr\u00e4zise konstruiert, um sowohl Komfort als auch eine beeindruckende Erscheinung zu gew\u00e4hrleisten. Die scharfe Taille und die schlanke Linienf\u00fchrung des Sakkos erg\u00e4nzen die schlichte Eleganz der Hose. Wilvorst bietet mit diesem Smoking ein herausragendes St\u00fcck Schneiderkunst, das speziell f\u00fcr feierliche Anl\u00e4sse und nat\u00fcrlich f\u00fcr den unvergesslichen Hochzeitstag entworfen wurde.<\/p>\n","protected":false},"featured_media":11685,"template":"","meta":{"site-sidebar-layout":"default","site-content-layout":"","ast-site-content-layout":"default","site-content-style":"default","site-sidebar-style":"default","ast-global-header-display":"","ast-banner-title-visibility":"","ast-main-header-display":"","ast-hfb-above-header-display":"","ast-hfb-below-header-display":"","ast-hfb-mobile-header-display":"","site-post-title":"","ast-breadcrumbs-content":"","ast-featured-img":"","footer-sml-layout":"","ast-disable-related-posts":"","theme-transparent-header-meta":"default","adv-header-id-meta":"","stick-header-meta":"default","header-above-stick-meta":"","header-main-stick-meta":"","header-below-stick-meta":"","astra-migrate-meta-layouts":"set","ast-page-background-enabled":"default","ast-page-background-meta":{"desktop":{"background-color":"var(--ast-global-color-4)","background-image":"","background-repeat":"repeat","background-position":"center center","background-size":"auto","background-attachment":"scroll","background-type":"","background-media":"","overlay-type":"","overlay-color":"","overlay-opacity":"","overlay-gradient":""},"tablet":{"background-color":"","background-image":"","background-repeat":"repeat","background-position":"center center","background-size":"auto","background-attachment":"scroll","background-type":"","background-media":"","overlay-type":"","overlay-color":"","overlay-opacity":"","overlay-gradient":""},"mobile":{"background-color":"","background-image":"","background-repeat":"repeat","background-position":"center center","background-size":"auto","background-attachment":"scroll","background-type":"","background-media":"","overlay-type":"","overlay-color":"","overlay-opacity":"","overlay-gradient":""}},"ast-content-background-meta":{"desktop":{"background-color":"var(--ast-global-color-5)","background-image":"","background-repeat":"repeat","background-position":"center center","background-size":"auto","background-attachment":"scroll","background-type":"","background-media":"","overlay-type":"","overlay-color":"","overlay-opacity":"","overlay-gradient":""},"tablet":{"background-color":"var(--ast-global-color-5)","background-image":"","background-repeat":"repeat","background-position":"center center","background-size":"auto","background-attachment":"scroll","background-type":"","background-media":"","overlay-type":"","overlay-color":"","overlay-opacity":"","overlay-gradient":""},"mobile":{"background-color":"var(--ast-global-color-5)","background-image":"","background-repeat":"repeat","background-position":"center center","background-size":"auto","background-attachment":"scroll","background-type":"","background-media":"","overlay-type":"","overlay-color":"","overlay-opacity":"","overlay-gradient":""}}},"product_brand":[],"product_cat":[175],"product_tag":[],"class_list":{"0":"post-11684","1":"product","2":"type-product","3":"status-publish","4":"has-post-thumbnail","6":"product_cat-wilvorst","7":"pa_farbe-schwarz","8":"desktop-align-center","9":"tablet-align-left","10":"mobile-align-center","11":"ast-product-gallery-layout-horizontal-slider","12":"ast-qv-on-image","14":"first","15":"instock","16":"shipping-taxable","17":"purchasable","18":"product-type-simple","19":"add-to-wishlist-before_image"},"yoast_head":"<!-- This site is optimized with the Yoast SEO plugin v27.3 - https:\/\/yoast.com\/product\/yoast-seo-wordpress\/ -->\n<title>Hochzeitsanzug 12018 | Hochzeitshaus Boos<\/title>\n<meta name=\"description\" content=\"Hochzeitsanzug 12018 im Hochzeitshaus Boos in Stuttgart, Karlsruhe, Mannheim und Ingolstadt. F\u00fcr jeden Br\u00e4utigam das passende Hochzeits-Outfit.\" \/>\n<meta name=\"robots\" content=\"index, follow, max-snippet:-1, max-image-preview:large, max-video-preview:-1\" \/>\n<link rel=\"canonical\" href=\"https:\/\/hochzeitshaus-boos.de\/braeutigammode\/wilvorst\/hochzeitsanzug-12018\/\" \/>\n<meta property=\"og:locale\" content=\"de_DE\" \/>\n<meta property=\"og:type\" content=\"article\" \/>\n<meta property=\"og:title\" content=\"Hochzeitsanzug 12018 | Hochzeitshaus Boos\" \/>\n<meta property=\"og:description\" content=\"Hochzeitsanzug 12018 im Hochzeitshaus Boos in Stuttgart, Karlsruhe, Mannheim und Ingolstadt. F\u00fcr jeden Br\u00e4utigam das passende Hochzeits-Outfit.\" \/>\n<meta property=\"og:url\" content=\"https:\/\/hochzeitshaus-boos.de\/braeutigammode\/wilvorst\/hochzeitsanzug-12018\/\" \/>\n<meta property=\"og:site_name\" content=\"Hochzeitshaus Boos\" \/>\n<meta property=\"article:publisher\" content=\"https:\/\/www.facebook.com\/hochzeitshaus.boos\" \/>\n<meta property=\"og:image\" content=\"https:\/\/hochzeitshaus-boos.de\/braeutigammode\/wp-content\/uploads\/2023\/12\/12018_schwarzer-smoking-mit-schalkragen_1.jpg\" \/>\n\t<meta property=\"og:image:width\" content=\"1000\" \/>\n\t<meta property=\"og:image:height\" content=\"1500\" \/>\n\t<meta property=\"og:image:type\" content=\"image\/jpeg\" \/>\n<meta name=\"twitter:card\" content=\"summary_large_image\" \/>\n<meta name=\"twitter:site\" content=\"@hh_boos_de\" \/>\n<script type=\"application\/ld+json\" class=\"yoast-schema-graph\">{\"@context\":\"https:\\\/\\\/schema.org\",\"@graph\":[{\"@type\":\"WebPage\",\"@id\":\"https:\\\/\\\/hochzeitshaus-boos.de\\\/braeutigammode\\\/wilvorst\\\/hochzeitsanzug-12018\\\/\",\"url\":\"https:\\\/\\\/hochzeitshaus-boos.de\\\/braeutigammode\\\/wilvorst\\\/hochzeitsanzug-12018\\\/\",\"name\":\"Hochzeitsanzug 12018 | Hochzeitshaus Boos\",\"isPartOf\":{\"@id\":\"https:\\\/\\\/hochzeitshaus-boos.de\\\/braeutigammode\\\/#website\"},\"primaryImageOfPage\":{\"@id\":\"https:\\\/\\\/hochzeitshaus-boos.de\\\/braeutigammode\\\/wilvorst\\\/hochzeitsanzug-12018\\\/#primaryimage\"},\"image\":{\"@id\":\"https:\\\/\\\/hochzeitshaus-boos.de\\\/braeutigammode\\\/wilvorst\\\/hochzeitsanzug-12018\\\/#primaryimage\"},\"thumbnailUrl\":\"https:\\\/\\\/hochzeitshaus-boos.de\\\/braeutigammode\\\/wp-content\\\/uploads\\\/2023\\\/12\\\/12018_schwarzer-smoking-mit-schalkragen_1.jpg\",\"datePublished\":\"2023-12-15T15:49:05+00:00\",\"description\":\"Hochzeitsanzug 12018 im Hochzeitshaus Boos in Stuttgart, Karlsruhe, Mannheim und Ingolstadt. F\u00fcr jeden Br\u00e4utigam das passende Hochzeits-Outfit.\",\"breadcrumb\":{\"@id\":\"https:\\\/\\\/hochzeitshaus-boos.de\\\/braeutigammode\\\/wilvorst\\\/hochzeitsanzug-12018\\\/#breadcrumb\"},\"inLanguage\":\"de\",\"potentialAction\":[{\"@type\":\"ReadAction\",\"target\":[\"https:\\\/\\\/hochzeitshaus-boos.de\\\/braeutigammode\\\/wilvorst\\\/hochzeitsanzug-12018\\\/\"]}]},{\"@type\":\"ImageObject\",\"inLanguage\":\"de\",\"@id\":\"https:\\\/\\\/hochzeitshaus-boos.de\\\/braeutigammode\\\/wilvorst\\\/hochzeitsanzug-12018\\\/#primaryimage\",\"url\":\"https:\\\/\\\/hochzeitshaus-boos.de\\\/braeutigammode\\\/wp-content\\\/uploads\\\/2023\\\/12\\\/12018_schwarzer-smoking-mit-schalkragen_1.jpg\",\"contentUrl\":\"https:\\\/\\\/hochzeitshaus-boos.de\\\/braeutigammode\\\/wp-content\\\/uploads\\\/2023\\\/12\\\/12018_schwarzer-smoking-mit-schalkragen_1.jpg\",\"width\":1000,\"height\":1500},{\"@type\":\"BreadcrumbList\",\"@id\":\"https:\\\/\\\/hochzeitshaus-boos.de\\\/braeutigammode\\\/wilvorst\\\/hochzeitsanzug-12018\\\/#breadcrumb\",\"itemListElement\":[{\"@type\":\"ListItem\",\"position\":1,\"name\":\"Br\u00e4utigammode\",\"item\":\"https:\\\/\\\/hochzeitshaus-boos.de\\\/braeutigammode\\\/\"},{\"@type\":\"ListItem\",\"position\":2,\"name\":\"Produkte\",\"item\":\"https:\\\/\\\/hochzeitshaus-boos.de\\\/braeutigammode\\\/shop\\\/\"},{\"@type\":\"ListItem\",\"position\":3,\"name\":\"Hochzeitsanzug 12018\"}]},{\"@type\":\"WebSite\",\"@id\":\"https:\\\/\\\/hochzeitshaus-boos.de\\\/braeutigammode\\\/#website\",\"url\":\"https:\\\/\\\/hochzeitshaus-boos.de\\\/braeutigammode\\\/\",\"name\":\"Hochzeitshaus Boos\",\"description\":\"In Stuttgart, Mannheim, Karlsruhe und Ingolstadt\",\"publisher\":{\"@id\":\"https:\\\/\\\/hochzeitshaus-boos.de\\\/braeutigammode\\\/#organization\"},\"potentialAction\":[{\"@type\":\"SearchAction\",\"target\":{\"@type\":\"EntryPoint\",\"urlTemplate\":\"https:\\\/\\\/hochzeitshaus-boos.de\\\/braeutigammode\\\/?s={search_term_string}\"},\"query-input\":{\"@type\":\"PropertyValueSpecification\",\"valueRequired\":true,\"valueName\":\"search_term_string\"}}],\"inLanguage\":\"de\"},{\"@type\":\"Organization\",\"@id\":\"https:\\\/\\\/hochzeitshaus-boos.de\\\/braeutigammode\\\/#organization\",\"name\":\"Hochzeitshaus Boos\",\"url\":\"https:\\\/\\\/hochzeitshaus-boos.de\\\/braeutigammode\\\/\",\"logo\":{\"@type\":\"ImageObject\",\"inLanguage\":\"de\",\"@id\":\"https:\\\/\\\/hochzeitshaus-boos.de\\\/braeutigammode\\\/#\\\/schema\\\/logo\\\/image\\\/\",\"url\":\"https:\\\/\\\/hochzeitshaus-boos.de\\\/braeutigammode\\\/wp-content\\\/uploads\\\/2022\\\/08\\\/boos-hochzeitshaus-logo.png\",\"contentUrl\":\"https:\\\/\\\/hochzeitshaus-boos.de\\\/braeutigammode\\\/wp-content\\\/uploads\\\/2022\\\/08\\\/boos-hochzeitshaus-logo.png\",\"width\":559,\"height\":313,\"caption\":\"Hochzeitshaus Boos\"},\"image\":{\"@id\":\"https:\\\/\\\/hochzeitshaus-boos.de\\\/braeutigammode\\\/#\\\/schema\\\/logo\\\/image\\\/\"},\"sameAs\":[\"https:\\\/\\\/www.facebook.com\\\/hochzeitshaus.boos\",\"https:\\\/\\\/x.com\\\/hh_boos_de\",\"https:\\\/\\\/www.instagram.com\\\/hochzeitshaus_boos\"]}]}<\/script>\n<!-- \/ Yoast SEO plugin. -->","yoast_head_json":{"title":"Hochzeitsanzug 12018 | Hochzeitshaus Boos","description":"Hochzeitsanzug 12018 im Hochzeitshaus Boos in Stuttgart, Karlsruhe, Mannheim und Ingolstadt. F\u00fcr jeden Br\u00e4utigam das passende Hochzeits-Outfit.","robots":{"index":"index","follow":"follow","max-snippet":"max-snippet:-1","max-image-preview":"max-image-preview:large","max-video-preview":"max-video-preview:-1"},"canonical":"https:\/\/hochzeitshaus-boos.de\/braeutigammode\/wilvorst\/hochzeitsanzug-12018\/","og_locale":"de_DE","og_type":"article","og_title":"Hochzeitsanzug 12018 | Hochzeitshaus Boos","og_description":"Hochzeitsanzug 12018 im Hochzeitshaus Boos in Stuttgart, Karlsruhe, Mannheim und Ingolstadt. F\u00fcr jeden Br\u00e4utigam das passende Hochzeits-Outfit.","og_url":"https:\/\/hochzeitshaus-boos.de\/braeutigammode\/wilvorst\/hochzeitsanzug-12018\/","og_site_name":"Hochzeitshaus Boos","article_publisher":"https:\/\/www.facebook.com\/hochzeitshaus.boos","og_image":[{"width":1000,"height":1500,"url":"https:\/\/hochzeitshaus-boos.de\/braeutigammode\/wp-content\/uploads\/2023\/12\/12018_schwarzer-smoking-mit-schalkragen_1.jpg","type":"image\/jpeg"}],"twitter_card":"summary_large_image","twitter_site":"@hh_boos_de","schema":{"@context":"https:\/\/schema.org","@graph":[{"@type":"WebPage","@id":"https:\/\/hochzeitshaus-boos.de\/braeutigammode\/wilvorst\/hochzeitsanzug-12018\/","url":"https:\/\/hochzeitshaus-boos.de\/braeutigammode\/wilvorst\/hochzeitsanzug-12018\/","name":"Hochzeitsanzug 12018 | Hochzeitshaus Boos","isPartOf":{"@id":"https:\/\/hochzeitshaus-boos.de\/braeutigammode\/#website"},"primaryImageOfPage":{"@id":"https:\/\/hochzeitshaus-boos.de\/braeutigammode\/wilvorst\/hochzeitsanzug-12018\/#primaryimage"},"image":{"@id":"https:\/\/hochzeitshaus-boos.de\/braeutigammode\/wilvorst\/hochzeitsanzug-12018\/#primaryimage"},"thumbnailUrl":"https:\/\/hochzeitshaus-boos.de\/braeutigammode\/wp-content\/uploads\/2023\/12\/12018_schwarzer-smoking-mit-schalkragen_1.jpg","datePublished":"2023-12-15T15:49:05+00:00","description":"Hochzeitsanzug 12018 im Hochzeitshaus Boos in Stuttgart, Karlsruhe, Mannheim und Ingolstadt. F\u00fcr jeden Br\u00e4utigam das passende Hochzeits-Outfit.","breadcrumb":{"@id":"https:\/\/hochzeitshaus-boos.de\/braeutigammode\/wilvorst\/hochzeitsanzug-12018\/#breadcrumb"},"inLanguage":"de","potentialAction":[{"@type":"ReadAction","target":["https:\/\/hochzeitshaus-boos.de\/braeutigammode\/wilvorst\/hochzeitsanzug-12018\/"]}]},{"@type":"ImageObject","inLanguage":"de","@id":"https:\/\/hochzeitshaus-boos.de\/braeutigammode\/wilvorst\/hochzeitsanzug-12018\/#primaryimage","url":"https:\/\/hochzeitshaus-boos.de\/braeutigammode\/wp-content\/uploads\/2023\/12\/12018_schwarzer-smoking-mit-schalkragen_1.jpg","contentUrl":"https:\/\/hochzeitshaus-boos.de\/braeutigammode\/wp-content\/uploads\/2023\/12\/12018_schwarzer-smoking-mit-schalkragen_1.jpg","width":1000,"height":1500},{"@type":"BreadcrumbList","@id":"https:\/\/hochzeitshaus-boos.de\/braeutigammode\/wilvorst\/hochzeitsanzug-12018\/#breadcrumb","itemListElement":[{"@type":"ListItem","position":1,"name":"Br\u00e4utigammode","item":"https:\/\/hochzeitshaus-boos.de\/braeutigammode\/"},{"@type":"ListItem","position":2,"name":"Produkte","item":"https:\/\/hochzeitshaus-boos.de\/braeutigammode\/shop\/"},{"@type":"ListItem","position":3,"name":"Hochzeitsanzug 12018"}]},{"@type":"WebSite","@id":"https:\/\/hochzeitshaus-boos.de\/braeutigammode\/#website","url":"https:\/\/hochzeitshaus-boos.de\/braeutigammode\/","name":"Hochzeitshaus Boos","description":"In Stuttgart, Mannheim, Karlsruhe und Ingolstadt","publisher":{"@id":"https:\/\/hochzeitshaus-boos.de\/braeutigammode\/#organization"},"potentialAction":[{"@type":"SearchAction","target":{"@type":"EntryPoint","urlTemplate":"https:\/\/hochzeitshaus-boos.de\/braeutigammode\/?s={search_term_string}"},"query-input":{"@type":"PropertyValueSpecification","valueRequired":true,"valueName":"search_term_string"}}],"inLanguage":"de"},{"@type":"Organization","@id":"https:\/\/hochzeitshaus-boos.de\/braeutigammode\/#organization","name":"Hochzeitshaus Boos","url":"https:\/\/hochzeitshaus-boos.de\/braeutigammode\/","logo":{"@type":"ImageObject","inLanguage":"de","@id":"https:\/\/hochzeitshaus-boos.de\/braeutigammode\/#\/schema\/logo\/image\/","url":"https:\/\/hochzeitshaus-boos.de\/braeutigammode\/wp-content\/uploads\/2022\/08\/boos-hochzeitshaus-logo.png","contentUrl":"https:\/\/hochzeitshaus-boos.de\/braeutigammode\/wp-content\/uploads\/2022\/08\/boos-hochzeitshaus-logo.png","width":559,"height":313,"caption":"Hochzeitshaus Boos"},"image":{"@id":"https:\/\/hochzeitshaus-boos.de\/braeutigammode\/#\/schema\/logo\/image\/"},"sameAs":["https:\/\/www.facebook.com\/hochzeitshaus.boos","https:\/\/x.com\/hh_boos_de","https:\/\/www.instagram.com\/hochzeitshaus_boos"]}]}},"_links":{"self":[{"href":"https:\/\/hochzeitshaus-boos.de\/braeutigammode\/wp-json\/wp\/v2\/product\/11684","targetHints":{"allow":["GET"]}}],"collection":[{"href":"https:\/\/hochzeitshaus-boos.de\/braeutigammode\/wp-json\/wp\/v2\/product"}],"about":[{"href":"https:\/\/hochzeitshaus-boos.de\/braeutigammode\/wp-json\/wp\/v2\/types\/product"}],"wp:featuredmedia":[{"embeddable":true,"href":"https:\/\/hochzeitshaus-boos.de\/braeutigammode\/wp-json\/wp\/v2\/media\/11685"}],"wp:attachment":[{"href":"https:\/\/hochzeitshaus-boos.de\/braeutigammode\/wp-json\/wp\/v2\/media?parent=11684"}],"wp:term":[{"taxonomy":"product_brand","embeddable":true,"href":"https:\/\/hochzeitshaus-boos.de\/braeutigammode\/wp-json\/wp\/v2\/product_brand?post=11684"},{"taxonomy":"product_cat","embeddable":true,"href":"https:\/\/hochzeitshaus-boos.de\/braeutigammode\/wp-json\/wp\/v2\/product_cat?post=11684"},{"taxonomy":"product_tag","embeddable":true,"href":"https:\/\/hochzeitshaus-boos.de\/braeutigammode\/wp-json\/wp\/v2\/product_tag?post=11684"}],"curies":[{"name":"wp","href":"https:\/\/api.w.org\/{rel}","templated":true}]}}