{"id":11675,"date":"2023-12-15T16:38:30","date_gmt":"2023-12-15T15:38:30","guid":{"rendered":"https:\/\/hochzeitshaus-boos.de\/braeutigammode\/?post_type=product&#038;p=11675"},"modified":"2023-12-15T16:38:31","modified_gmt":"2023-12-15T15:38:31","slug":"hochzeitsanzug-67348","status":"publish","type":"product","link":"https:\/\/hochzeitshaus-boos.de\/braeutigammode\/atelier-torino\/hochzeitsanzug-67348\/","title":{"rendered":"Hochzeitsanzug 67348"},"content":{"rendered":"","protected":false},"excerpt":{"rendered":"<p>Der Atelier Torino Hochzeitsanzug in Dunkelbraun verk\u00f6rpert eine harmonische Verbindung von Tradition und modernem Stilbewusstsein. Dieser Anzug strahlt mit seinem reichen, erdigen Braunton eine nat\u00fcrliche W\u00e4rme aus und ist damit ideal f\u00fcr Hochzeiten im Freien oder festliche Anl\u00e4sse im Herbst.<\/p>\n<p>Das Ensemble umfasst ein sorgf\u00e4ltig geschnittenes Sakko, eine stilvolle Weste und eine passende Hose, die eine schlanke und elegante Silhouette erzeugen. Der feine Stoff des Anzugs weist eine dezente Textur auf, die bei unterschiedlichen Lichtverh\u00e4ltnissen f\u00fcr einen lebendigen Schimmer sorgt.<\/p>\n<p>Ein besonderes Highlight ist die Weste, die mit ihrer einzigartigen Knopfleiste und dem V-Ausschnitt eine klassische Eleganz vermittelt. Die Fliege in einem abgestimmten Design f\u00fcgt eine verspielte und doch w\u00fcrdevolle Note hinzu. Abgerundet wird das Outfit durch ein sorgsam gew\u00e4hltes Einstecktuch, das den Gesamtlook veredelt.<\/p>\n<p>Dieser Anzug von Atelier Torino, bekannt f\u00fcr seine handwerkliche Pr\u00e4zision und sein Auge f\u00fcr Details, bietet dem Br\u00e4utigam eine exquisite Garderobe, die nicht nur am Hochzeitstag, sondern auch bei zuk\u00fcnftigen formellen Anl\u00e4ssen besticht.<\/p>\n","protected":false},"featured_media":11676,"template":"","meta":{"site-sidebar-layout":"default","site-content-layout":"","ast-site-content-layout":"default","site-content-style":"default","site-sidebar-style":"default","ast-global-header-display":"","ast-banner-title-visibility":"","ast-main-header-display":"","ast-hfb-above-header-display":"","ast-hfb-below-header-display":"","ast-hfb-mobile-header-display":"","site-post-title":"","ast-breadcrumbs-content":"","ast-featured-img":"","footer-sml-layout":"","ast-disable-related-posts":"","theme-transparent-header-meta":"default","adv-header-id-meta":"","stick-header-meta":"default","header-above-stick-meta":"","header-main-stick-meta":"","header-below-stick-meta":"","astra-migrate-meta-layouts":"set","ast-page-background-enabled":"default","ast-page-background-meta":{"desktop":{"background-color":"var(--ast-global-color-4)","background-image":"","background-repeat":"repeat","background-position":"center center","background-size":"auto","background-attachment":"scroll","background-type":"","background-media":"","overlay-type":"","overlay-color":"","overlay-opacity":"","overlay-gradient":""},"tablet":{"background-color":"","background-image":"","background-repeat":"repeat","background-position":"center center","background-size":"auto","background-attachment":"scroll","background-type":"","background-media":"","overlay-type":"","overlay-color":"","overlay-opacity":"","overlay-gradient":""},"mobile":{"background-color":"","background-image":"","background-repeat":"repeat","background-position":"center center","background-size":"auto","background-attachment":"scroll","background-type":"","background-media":"","overlay-type":"","overlay-color":"","overlay-opacity":"","overlay-gradient":""}},"ast-content-background-meta":{"desktop":{"background-color":"var(--ast-global-color-5)","background-image":"","background-repeat":"repeat","background-position":"center center","background-size":"auto","background-attachment":"scroll","background-type":"","background-media":"","overlay-type":"","overlay-color":"","overlay-opacity":"","overlay-gradient":""},"tablet":{"background-color":"var(--ast-global-color-5)","background-image":"","background-repeat":"repeat","background-position":"center center","background-size":"auto","background-attachment":"scroll","background-type":"","background-media":"","overlay-type":"","overlay-color":"","overlay-opacity":"","overlay-gradient":""},"mobile":{"background-color":"var(--ast-global-color-5)","background-image":"","background-repeat":"repeat","background-position":"center center","background-size":"auto","background-attachment":"scroll","background-type":"","background-media":"","overlay-type":"","overlay-color":"","overlay-opacity":"","overlay-gradient":""}}},"product_brand":[],"product_cat":[216],"product_tag":[],"class_list":{"0":"post-11675","1":"product","2":"type-product","3":"status-publish","4":"has-post-thumbnail","6":"product_cat-atelier-torino","7":"pa_farbe-braun","8":"desktop-align-center","9":"tablet-align-left","10":"mobile-align-center","11":"ast-product-gallery-layout-horizontal-slider","12":"ast-product-gallery-with-no-image","13":"ast-qv-on-image","15":"first","16":"instock","17":"shipping-taxable","18":"purchasable","19":"product-type-simple","20":"add-to-wishlist-before_image"},"yoast_head":"<!-- This site is optimized with the Yoast SEO plugin v27.3 - https:\/\/yoast.com\/product\/yoast-seo-wordpress\/ -->\n<title>Hochzeitsanzug 67348 | Hochzeitshaus Boos<\/title>\n<meta name=\"description\" content=\"Hochzeitsanzug 67348 im Hochzeitshaus Boos in Stuttgart, Karlsruhe, Mannheim und Ingolstadt. F\u00fcr jeden Br\u00e4utigam das passende Hochzeits-Outfit.\" \/>\n<meta name=\"robots\" content=\"index, follow, max-snippet:-1, max-image-preview:large, max-video-preview:-1\" \/>\n<link rel=\"canonical\" href=\"https:\/\/hochzeitshaus-boos.de\/braeutigammode\/atelier-torino\/hochzeitsanzug-67348\/\" \/>\n<meta property=\"og:locale\" content=\"de_DE\" \/>\n<meta property=\"og:type\" content=\"article\" \/>\n<meta property=\"og:title\" content=\"Hochzeitsanzug 67348 | Hochzeitshaus Boos\" \/>\n<meta property=\"og:description\" content=\"Hochzeitsanzug 67348 im Hochzeitshaus Boos in Stuttgart, Karlsruhe, Mannheim und Ingolstadt. F\u00fcr jeden Br\u00e4utigam das passende Hochzeits-Outfit.\" \/>\n<meta property=\"og:url\" content=\"https:\/\/hochzeitshaus-boos.de\/braeutigammode\/atelier-torino\/hochzeitsanzug-67348\/\" \/>\n<meta property=\"og:site_name\" content=\"Hochzeitshaus Boos\" \/>\n<meta property=\"article:publisher\" content=\"https:\/\/www.facebook.com\/hochzeitshaus.boos\" \/>\n<meta property=\"article:modified_time\" content=\"2023-12-15T15:38:31+00:00\" \/>\n<meta property=\"og:image\" content=\"https:\/\/hochzeitshaus-boos.de\/braeutigammode\/wp-content\/uploads\/2023\/12\/67348_dunkelbrauner-Hochzeitsanzug-mit-Weste-und-Fliege_1.jpg\" \/>\n\t<meta property=\"og:image:width\" content=\"1000\" \/>\n\t<meta property=\"og:image:height\" content=\"1500\" \/>\n\t<meta property=\"og:image:type\" content=\"image\/jpeg\" \/>\n<meta name=\"twitter:card\" content=\"summary_large_image\" \/>\n<meta name=\"twitter:site\" content=\"@hh_boos_de\" \/>\n<script type=\"application\/ld+json\" class=\"yoast-schema-graph\">{\"@context\":\"https:\\\/\\\/schema.org\",\"@graph\":[{\"@type\":\"WebPage\",\"@id\":\"https:\\\/\\\/hochzeitshaus-boos.de\\\/braeutigammode\\\/atelier-torino\\\/hochzeitsanzug-67348\\\/\",\"url\":\"https:\\\/\\\/hochzeitshaus-boos.de\\\/braeutigammode\\\/atelier-torino\\\/hochzeitsanzug-67348\\\/\",\"name\":\"Hochzeitsanzug 67348 | Hochzeitshaus Boos\",\"isPartOf\":{\"@id\":\"https:\\\/\\\/hochzeitshaus-boos.de\\\/braeutigammode\\\/#website\"},\"primaryImageOfPage\":{\"@id\":\"https:\\\/\\\/hochzeitshaus-boos.de\\\/braeutigammode\\\/atelier-torino\\\/hochzeitsanzug-67348\\\/#primaryimage\"},\"image\":{\"@id\":\"https:\\\/\\\/hochzeitshaus-boos.de\\\/braeutigammode\\\/atelier-torino\\\/hochzeitsanzug-67348\\\/#primaryimage\"},\"thumbnailUrl\":\"https:\\\/\\\/hochzeitshaus-boos.de\\\/braeutigammode\\\/wp-content\\\/uploads\\\/2023\\\/12\\\/67348_dunkelbrauner-Hochzeitsanzug-mit-Weste-und-Fliege_1.jpg\",\"datePublished\":\"2023-12-15T15:38:30+00:00\",\"dateModified\":\"2023-12-15T15:38:31+00:00\",\"description\":\"Hochzeitsanzug 67348 im Hochzeitshaus Boos in Stuttgart, Karlsruhe, Mannheim und Ingolstadt. F\u00fcr jeden Br\u00e4utigam das passende Hochzeits-Outfit.\",\"breadcrumb\":{\"@id\":\"https:\\\/\\\/hochzeitshaus-boos.de\\\/braeutigammode\\\/atelier-torino\\\/hochzeitsanzug-67348\\\/#breadcrumb\"},\"inLanguage\":\"de\",\"potentialAction\":[{\"@type\":\"ReadAction\",\"target\":[\"https:\\\/\\\/hochzeitshaus-boos.de\\\/braeutigammode\\\/atelier-torino\\\/hochzeitsanzug-67348\\\/\"]}]},{\"@type\":\"ImageObject\",\"inLanguage\":\"de\",\"@id\":\"https:\\\/\\\/hochzeitshaus-boos.de\\\/braeutigammode\\\/atelier-torino\\\/hochzeitsanzug-67348\\\/#primaryimage\",\"url\":\"https:\\\/\\\/hochzeitshaus-boos.de\\\/braeutigammode\\\/wp-content\\\/uploads\\\/2023\\\/12\\\/67348_dunkelbrauner-Hochzeitsanzug-mit-Weste-und-Fliege_1.jpg\",\"contentUrl\":\"https:\\\/\\\/hochzeitshaus-boos.de\\\/braeutigammode\\\/wp-content\\\/uploads\\\/2023\\\/12\\\/67348_dunkelbrauner-Hochzeitsanzug-mit-Weste-und-Fliege_1.jpg\",\"width\":1000,\"height\":1500},{\"@type\":\"BreadcrumbList\",\"@id\":\"https:\\\/\\\/hochzeitshaus-boos.de\\\/braeutigammode\\\/atelier-torino\\\/hochzeitsanzug-67348\\\/#breadcrumb\",\"itemListElement\":[{\"@type\":\"ListItem\",\"position\":1,\"name\":\"Br\u00e4utigammode\",\"item\":\"https:\\\/\\\/hochzeitshaus-boos.de\\\/braeutigammode\\\/\"},{\"@type\":\"ListItem\",\"position\":2,\"name\":\"Produkte\",\"item\":\"https:\\\/\\\/hochzeitshaus-boos.de\\\/braeutigammode\\\/shop\\\/\"},{\"@type\":\"ListItem\",\"position\":3,\"name\":\"Hochzeitsanzug 67348\"}]},{\"@type\":\"WebSite\",\"@id\":\"https:\\\/\\\/hochzeitshaus-boos.de\\\/braeutigammode\\\/#website\",\"url\":\"https:\\\/\\\/hochzeitshaus-boos.de\\\/braeutigammode\\\/\",\"name\":\"Hochzeitshaus Boos\",\"description\":\"In Stuttgart, Mannheim, Karlsruhe und Ingolstadt\",\"publisher\":{\"@id\":\"https:\\\/\\\/hochzeitshaus-boos.de\\\/braeutigammode\\\/#organization\"},\"potentialAction\":[{\"@type\":\"SearchAction\",\"target\":{\"@type\":\"EntryPoint\",\"urlTemplate\":\"https:\\\/\\\/hochzeitshaus-boos.de\\\/braeutigammode\\\/?s={search_term_string}\"},\"query-input\":{\"@type\":\"PropertyValueSpecification\",\"valueRequired\":true,\"valueName\":\"search_term_string\"}}],\"inLanguage\":\"de\"},{\"@type\":\"Organization\",\"@id\":\"https:\\\/\\\/hochzeitshaus-boos.de\\\/braeutigammode\\\/#organization\",\"name\":\"Hochzeitshaus Boos\",\"url\":\"https:\\\/\\\/hochzeitshaus-boos.de\\\/braeutigammode\\\/\",\"logo\":{\"@type\":\"ImageObject\",\"inLanguage\":\"de\",\"@id\":\"https:\\\/\\\/hochzeitshaus-boos.de\\\/braeutigammode\\\/#\\\/schema\\\/logo\\\/image\\\/\",\"url\":\"https:\\\/\\\/hochzeitshaus-boos.de\\\/braeutigammode\\\/wp-content\\\/uploads\\\/2022\\\/08\\\/boos-hochzeitshaus-logo.png\",\"contentUrl\":\"https:\\\/\\\/hochzeitshaus-boos.de\\\/braeutigammode\\\/wp-content\\\/uploads\\\/2022\\\/08\\\/boos-hochzeitshaus-logo.png\",\"width\":559,\"height\":313,\"caption\":\"Hochzeitshaus Boos\"},\"image\":{\"@id\":\"https:\\\/\\\/hochzeitshaus-boos.de\\\/braeutigammode\\\/#\\\/schema\\\/logo\\\/image\\\/\"},\"sameAs\":[\"https:\\\/\\\/www.facebook.com\\\/hochzeitshaus.boos\",\"https:\\\/\\\/x.com\\\/hh_boos_de\",\"https:\\\/\\\/www.instagram.com\\\/hochzeitshaus_boos\"]}]}<\/script>\n<!-- \/ Yoast SEO plugin. -->","yoast_head_json":{"title":"Hochzeitsanzug 67348 | Hochzeitshaus Boos","description":"Hochzeitsanzug 67348 im Hochzeitshaus Boos in Stuttgart, Karlsruhe, Mannheim und Ingolstadt. F\u00fcr jeden Br\u00e4utigam das passende Hochzeits-Outfit.","robots":{"index":"index","follow":"follow","max-snippet":"max-snippet:-1","max-image-preview":"max-image-preview:large","max-video-preview":"max-video-preview:-1"},"canonical":"https:\/\/hochzeitshaus-boos.de\/braeutigammode\/atelier-torino\/hochzeitsanzug-67348\/","og_locale":"de_DE","og_type":"article","og_title":"Hochzeitsanzug 67348 | Hochzeitshaus Boos","og_description":"Hochzeitsanzug 67348 im Hochzeitshaus Boos in Stuttgart, Karlsruhe, Mannheim und Ingolstadt. F\u00fcr jeden Br\u00e4utigam das passende Hochzeits-Outfit.","og_url":"https:\/\/hochzeitshaus-boos.de\/braeutigammode\/atelier-torino\/hochzeitsanzug-67348\/","og_site_name":"Hochzeitshaus Boos","article_publisher":"https:\/\/www.facebook.com\/hochzeitshaus.boos","article_modified_time":"2023-12-15T15:38:31+00:00","og_image":[{"width":1000,"height":1500,"url":"https:\/\/hochzeitshaus-boos.de\/braeutigammode\/wp-content\/uploads\/2023\/12\/67348_dunkelbrauner-Hochzeitsanzug-mit-Weste-und-Fliege_1.jpg","type":"image\/jpeg"}],"twitter_card":"summary_large_image","twitter_site":"@hh_boos_de","schema":{"@context":"https:\/\/schema.org","@graph":[{"@type":"WebPage","@id":"https:\/\/hochzeitshaus-boos.de\/braeutigammode\/atelier-torino\/hochzeitsanzug-67348\/","url":"https:\/\/hochzeitshaus-boos.de\/braeutigammode\/atelier-torino\/hochzeitsanzug-67348\/","name":"Hochzeitsanzug 67348 | Hochzeitshaus Boos","isPartOf":{"@id":"https:\/\/hochzeitshaus-boos.de\/braeutigammode\/#website"},"primaryImageOfPage":{"@id":"https:\/\/hochzeitshaus-boos.de\/braeutigammode\/atelier-torino\/hochzeitsanzug-67348\/#primaryimage"},"image":{"@id":"https:\/\/hochzeitshaus-boos.de\/braeutigammode\/atelier-torino\/hochzeitsanzug-67348\/#primaryimage"},"thumbnailUrl":"https:\/\/hochzeitshaus-boos.de\/braeutigammode\/wp-content\/uploads\/2023\/12\/67348_dunkelbrauner-Hochzeitsanzug-mit-Weste-und-Fliege_1.jpg","datePublished":"2023-12-15T15:38:30+00:00","dateModified":"2023-12-15T15:38:31+00:00","description":"Hochzeitsanzug 67348 im Hochzeitshaus Boos in Stuttgart, Karlsruhe, Mannheim und Ingolstadt. F\u00fcr jeden Br\u00e4utigam das passende Hochzeits-Outfit.","breadcrumb":{"@id":"https:\/\/hochzeitshaus-boos.de\/braeutigammode\/atelier-torino\/hochzeitsanzug-67348\/#breadcrumb"},"inLanguage":"de","potentialAction":[{"@type":"ReadAction","target":["https:\/\/hochzeitshaus-boos.de\/braeutigammode\/atelier-torino\/hochzeitsanzug-67348\/"]}]},{"@type":"ImageObject","inLanguage":"de","@id":"https:\/\/hochzeitshaus-boos.de\/braeutigammode\/atelier-torino\/hochzeitsanzug-67348\/#primaryimage","url":"https:\/\/hochzeitshaus-boos.de\/braeutigammode\/wp-content\/uploads\/2023\/12\/67348_dunkelbrauner-Hochzeitsanzug-mit-Weste-und-Fliege_1.jpg","contentUrl":"https:\/\/hochzeitshaus-boos.de\/braeutigammode\/wp-content\/uploads\/2023\/12\/67348_dunkelbrauner-Hochzeitsanzug-mit-Weste-und-Fliege_1.jpg","width":1000,"height":1500},{"@type":"BreadcrumbList","@id":"https:\/\/hochzeitshaus-boos.de\/braeutigammode\/atelier-torino\/hochzeitsanzug-67348\/#breadcrumb","itemListElement":[{"@type":"ListItem","position":1,"name":"Br\u00e4utigammode","item":"https:\/\/hochzeitshaus-boos.de\/braeutigammode\/"},{"@type":"ListItem","position":2,"name":"Produkte","item":"https:\/\/hochzeitshaus-boos.de\/braeutigammode\/shop\/"},{"@type":"ListItem","position":3,"name":"Hochzeitsanzug 67348"}]},{"@type":"WebSite","@id":"https:\/\/hochzeitshaus-boos.de\/braeutigammode\/#website","url":"https:\/\/hochzeitshaus-boos.de\/braeutigammode\/","name":"Hochzeitshaus Boos","description":"In Stuttgart, Mannheim, Karlsruhe und Ingolstadt","publisher":{"@id":"https:\/\/hochzeitshaus-boos.de\/braeutigammode\/#organization"},"potentialAction":[{"@type":"SearchAction","target":{"@type":"EntryPoint","urlTemplate":"https:\/\/hochzeitshaus-boos.de\/braeutigammode\/?s={search_term_string}"},"query-input":{"@type":"PropertyValueSpecification","valueRequired":true,"valueName":"search_term_string"}}],"inLanguage":"de"},{"@type":"Organization","@id":"https:\/\/hochzeitshaus-boos.de\/braeutigammode\/#organization","name":"Hochzeitshaus Boos","url":"https:\/\/hochzeitshaus-boos.de\/braeutigammode\/","logo":{"@type":"ImageObject","inLanguage":"de","@id":"https:\/\/hochzeitshaus-boos.de\/braeutigammode\/#\/schema\/logo\/image\/","url":"https:\/\/hochzeitshaus-boos.de\/braeutigammode\/wp-content\/uploads\/2022\/08\/boos-hochzeitshaus-logo.png","contentUrl":"https:\/\/hochzeitshaus-boos.de\/braeutigammode\/wp-content\/uploads\/2022\/08\/boos-hochzeitshaus-logo.png","width":559,"height":313,"caption":"Hochzeitshaus Boos"},"image":{"@id":"https:\/\/hochzeitshaus-boos.de\/braeutigammode\/#\/schema\/logo\/image\/"},"sameAs":["https:\/\/www.facebook.com\/hochzeitshaus.boos","https:\/\/x.com\/hh_boos_de","https:\/\/www.instagram.com\/hochzeitshaus_boos"]}]}},"_links":{"self":[{"href":"https:\/\/hochzeitshaus-boos.de\/braeutigammode\/wp-json\/wp\/v2\/product\/11675","targetHints":{"allow":["GET"]}}],"collection":[{"href":"https:\/\/hochzeitshaus-boos.de\/braeutigammode\/wp-json\/wp\/v2\/product"}],"about":[{"href":"https:\/\/hochzeitshaus-boos.de\/braeutigammode\/wp-json\/wp\/v2\/types\/product"}],"wp:featuredmedia":[{"embeddable":true,"href":"https:\/\/hochzeitshaus-boos.de\/braeutigammode\/wp-json\/wp\/v2\/media\/11676"}],"wp:attachment":[{"href":"https:\/\/hochzeitshaus-boos.de\/braeutigammode\/wp-json\/wp\/v2\/media?parent=11675"}],"wp:term":[{"taxonomy":"product_brand","embeddable":true,"href":"https:\/\/hochzeitshaus-boos.de\/braeutigammode\/wp-json\/wp\/v2\/product_brand?post=11675"},{"taxonomy":"product_cat","embeddable":true,"href":"https:\/\/hochzeitshaus-boos.de\/braeutigammode\/wp-json\/wp\/v2\/product_cat?post=11675"},{"taxonomy":"product_tag","embeddable":true,"href":"https:\/\/hochzeitshaus-boos.de\/braeutigammode\/wp-json\/wp\/v2\/product_tag?post=11675"}],"curies":[{"name":"wp","href":"https:\/\/api.w.org\/{rel}","templated":true}]}}