{"id":11656,"date":"2023-12-15T14:42:39","date_gmt":"2023-12-15T13:42:39","guid":{"rendered":"https:\/\/hochzeitshaus-boos.de\/braeutigammode\/?post_type=product&#038;p=11656"},"modified":"2023-12-15T14:42:40","modified_gmt":"2023-12-15T13:42:40","slug":"hochzeitsanzug-67810","status":"publish","type":"product","link":"https:\/\/hochzeitshaus-boos.de\/braeutigammode\/wilvorst\/hochzeitsanzug-67810\/","title":{"rendered":"Hochzeitsanzug 67810"},"content":{"rendered":"","protected":false},"excerpt":{"rendered":"<p>In der Welt der Hochzeitsanz\u00fcge setzt dieser gr\u00fcne Dreiteiler von Wilvorst neue Ma\u00dfst\u00e4be in Sachen Stil und Raffinesse. Der Anzug pr\u00e4sentiert sich in einem sanften Gr\u00fcnton, der sowohl Frische als auch zeitlose Eleganz ausstrahlt. Hergestellt aus feinsten Materialien, bietet der Anzug eine schmeichelnde Passform und verspricht h\u00f6chsten Tragekomfort.<\/p>\n<p>Das Ensemble besteht aus einem sorgf\u00e4ltig geschnittenen Sakko und einer passenden Hose. Das Sakko zeichnet sich durch ein schmales Revers und eine einreihige Knopfleiste aus, w\u00e4hrend die Weste mit einer verstellbaren R\u00fcckenschnalle f\u00fcr perfekte Passform sorgt. Die Hose, klassisch im Schnitt, rundet das Bild ab und garantiert Bewegungsfreiheit.<\/p>\n<p>Detailverliebte Akzente wie das dezente Einstecktuch verleihen dem Anzug eine pers\u00f6nliche Note. Das Ensemble wird durch eine stilvolle Fliege erg\u00e4nzt, die den Look f\u00fcr den gro\u00dfen Tag abrundet. Dieser Wilvorst-Hochzeitsanzug ist eine Hommage an traditionelle Handwerkskunst, kombiniert mit modernem Design, und wird den Br\u00e4utigam zweifellos zum Mittelpunkt jeder Hochzeitsfeier machen.<\/p>\n","protected":false},"featured_media":11657,"template":"","meta":{"site-sidebar-layout":"default","site-content-layout":"","ast-site-content-layout":"default","site-content-style":"default","site-sidebar-style":"default","ast-global-header-display":"","ast-banner-title-visibility":"","ast-main-header-display":"","ast-hfb-above-header-display":"","ast-hfb-below-header-display":"","ast-hfb-mobile-header-display":"","site-post-title":"","ast-breadcrumbs-content":"","ast-featured-img":"","footer-sml-layout":"","ast-disable-related-posts":"","theme-transparent-header-meta":"default","adv-header-id-meta":"","stick-header-meta":"default","header-above-stick-meta":"","header-main-stick-meta":"","header-below-stick-meta":"","astra-migrate-meta-layouts":"set","ast-page-background-enabled":"default","ast-page-background-meta":{"desktop":{"background-color":"var(--ast-global-color-4)","background-image":"","background-repeat":"repeat","background-position":"center center","background-size":"auto","background-attachment":"scroll","background-type":"","background-media":"","overlay-type":"","overlay-color":"","overlay-opacity":"","overlay-gradient":""},"tablet":{"background-color":"","background-image":"","background-repeat":"repeat","background-position":"center center","background-size":"auto","background-attachment":"scroll","background-type":"","background-media":"","overlay-type":"","overlay-color":"","overlay-opacity":"","overlay-gradient":""},"mobile":{"background-color":"","background-image":"","background-repeat":"repeat","background-position":"center center","background-size":"auto","background-attachment":"scroll","background-type":"","background-media":"","overlay-type":"","overlay-color":"","overlay-opacity":"","overlay-gradient":""}},"ast-content-background-meta":{"desktop":{"background-color":"var(--ast-global-color-5)","background-image":"","background-repeat":"repeat","background-position":"center center","background-size":"auto","background-attachment":"scroll","background-type":"","background-media":"","overlay-type":"","overlay-color":"","overlay-opacity":"","overlay-gradient":""},"tablet":{"background-color":"var(--ast-global-color-5)","background-image":"","background-repeat":"repeat","background-position":"center center","background-size":"auto","background-attachment":"scroll","background-type":"","background-media":"","overlay-type":"","overlay-color":"","overlay-opacity":"","overlay-gradient":""},"mobile":{"background-color":"var(--ast-global-color-5)","background-image":"","background-repeat":"repeat","background-position":"center center","background-size":"auto","background-attachment":"scroll","background-type":"","background-media":"","overlay-type":"","overlay-color":"","overlay-opacity":"","overlay-gradient":""}}},"product_brand":[],"product_cat":[175],"product_tag":[],"class_list":{"0":"post-11656","1":"product","2":"type-product","3":"status-publish","4":"has-post-thumbnail","6":"product_cat-wilvorst","7":"pa_farbe-grun","8":"desktop-align-center","9":"tablet-align-left","10":"mobile-align-center","11":"ast-product-gallery-layout-horizontal-slider","12":"ast-product-gallery-with-no-image","13":"ast-qv-on-image","15":"first","16":"instock","17":"shipping-taxable","18":"purchasable","19":"product-type-simple","20":"add-to-wishlist-before_image"},"yoast_head":"<!-- This site is optimized with the Yoast SEO plugin v27.3 - https:\/\/yoast.com\/product\/yoast-seo-wordpress\/ -->\n<title>Hochzeitsanzug 67810 | Hochzeitshaus Boos<\/title>\n<meta name=\"description\" content=\"Hochzeitsanzug 67810 im Hochzeitshaus Boos in Stuttgart, Karlsruhe, Mannheim und Ingolstadt. F\u00fcr jeden Br\u00e4utigam das passende Hochzeits-Outfit.\" \/>\n<meta name=\"robots\" content=\"index, follow, max-snippet:-1, max-image-preview:large, max-video-preview:-1\" \/>\n<link rel=\"canonical\" href=\"https:\/\/hochzeitshaus-boos.de\/braeutigammode\/wilvorst\/hochzeitsanzug-67810\/\" \/>\n<meta property=\"og:locale\" content=\"de_DE\" \/>\n<meta property=\"og:type\" content=\"article\" \/>\n<meta property=\"og:title\" content=\"Hochzeitsanzug 67810 | Hochzeitshaus Boos\" \/>\n<meta property=\"og:description\" content=\"Hochzeitsanzug 67810 im Hochzeitshaus Boos in Stuttgart, Karlsruhe, Mannheim und Ingolstadt. F\u00fcr jeden Br\u00e4utigam das passende Hochzeits-Outfit.\" \/>\n<meta property=\"og:url\" content=\"https:\/\/hochzeitshaus-boos.de\/braeutigammode\/wilvorst\/hochzeitsanzug-67810\/\" \/>\n<meta property=\"og:site_name\" content=\"Hochzeitshaus Boos\" \/>\n<meta property=\"article:publisher\" content=\"https:\/\/www.facebook.com\/hochzeitshaus.boos\" \/>\n<meta property=\"article:modified_time\" content=\"2023-12-15T13:42:40+00:00\" \/>\n<meta property=\"og:image\" content=\"https:\/\/hochzeitshaus-boos.de\/braeutigammode\/wp-content\/uploads\/2023\/12\/67810_gruener-Hochzeitsanzug-3-Teiler_1.jpg\" \/>\n\t<meta property=\"og:image:width\" content=\"1000\" \/>\n\t<meta property=\"og:image:height\" content=\"1500\" \/>\n\t<meta property=\"og:image:type\" content=\"image\/jpeg\" \/>\n<meta name=\"twitter:card\" content=\"summary_large_image\" \/>\n<meta name=\"twitter:site\" content=\"@hh_boos_de\" \/>\n<script type=\"application\/ld+json\" class=\"yoast-schema-graph\">{\"@context\":\"https:\\\/\\\/schema.org\",\"@graph\":[{\"@type\":\"WebPage\",\"@id\":\"https:\\\/\\\/hochzeitshaus-boos.de\\\/braeutigammode\\\/wilvorst\\\/hochzeitsanzug-67810\\\/\",\"url\":\"https:\\\/\\\/hochzeitshaus-boos.de\\\/braeutigammode\\\/wilvorst\\\/hochzeitsanzug-67810\\\/\",\"name\":\"Hochzeitsanzug 67810 | Hochzeitshaus Boos\",\"isPartOf\":{\"@id\":\"https:\\\/\\\/hochzeitshaus-boos.de\\\/braeutigammode\\\/#website\"},\"primaryImageOfPage\":{\"@id\":\"https:\\\/\\\/hochzeitshaus-boos.de\\\/braeutigammode\\\/wilvorst\\\/hochzeitsanzug-67810\\\/#primaryimage\"},\"image\":{\"@id\":\"https:\\\/\\\/hochzeitshaus-boos.de\\\/braeutigammode\\\/wilvorst\\\/hochzeitsanzug-67810\\\/#primaryimage\"},\"thumbnailUrl\":\"https:\\\/\\\/hochzeitshaus-boos.de\\\/braeutigammode\\\/wp-content\\\/uploads\\\/2023\\\/12\\\/67810_gruener-Hochzeitsanzug-3-Teiler_1.jpg\",\"datePublished\":\"2023-12-15T13:42:39+00:00\",\"dateModified\":\"2023-12-15T13:42:40+00:00\",\"description\":\"Hochzeitsanzug 67810 im Hochzeitshaus Boos in Stuttgart, Karlsruhe, Mannheim und Ingolstadt. F\u00fcr jeden Br\u00e4utigam das passende Hochzeits-Outfit.\",\"breadcrumb\":{\"@id\":\"https:\\\/\\\/hochzeitshaus-boos.de\\\/braeutigammode\\\/wilvorst\\\/hochzeitsanzug-67810\\\/#breadcrumb\"},\"inLanguage\":\"de\",\"potentialAction\":[{\"@type\":\"ReadAction\",\"target\":[\"https:\\\/\\\/hochzeitshaus-boos.de\\\/braeutigammode\\\/wilvorst\\\/hochzeitsanzug-67810\\\/\"]}]},{\"@type\":\"ImageObject\",\"inLanguage\":\"de\",\"@id\":\"https:\\\/\\\/hochzeitshaus-boos.de\\\/braeutigammode\\\/wilvorst\\\/hochzeitsanzug-67810\\\/#primaryimage\",\"url\":\"https:\\\/\\\/hochzeitshaus-boos.de\\\/braeutigammode\\\/wp-content\\\/uploads\\\/2023\\\/12\\\/67810_gruener-Hochzeitsanzug-3-Teiler_1.jpg\",\"contentUrl\":\"https:\\\/\\\/hochzeitshaus-boos.de\\\/braeutigammode\\\/wp-content\\\/uploads\\\/2023\\\/12\\\/67810_gruener-Hochzeitsanzug-3-Teiler_1.jpg\",\"width\":1000,\"height\":1500},{\"@type\":\"BreadcrumbList\",\"@id\":\"https:\\\/\\\/hochzeitshaus-boos.de\\\/braeutigammode\\\/wilvorst\\\/hochzeitsanzug-67810\\\/#breadcrumb\",\"itemListElement\":[{\"@type\":\"ListItem\",\"position\":1,\"name\":\"Br\u00e4utigammode\",\"item\":\"https:\\\/\\\/hochzeitshaus-boos.de\\\/braeutigammode\\\/\"},{\"@type\":\"ListItem\",\"position\":2,\"name\":\"Produkte\",\"item\":\"https:\\\/\\\/hochzeitshaus-boos.de\\\/braeutigammode\\\/shop\\\/\"},{\"@type\":\"ListItem\",\"position\":3,\"name\":\"Hochzeitsanzug 67810\"}]},{\"@type\":\"WebSite\",\"@id\":\"https:\\\/\\\/hochzeitshaus-boos.de\\\/braeutigammode\\\/#website\",\"url\":\"https:\\\/\\\/hochzeitshaus-boos.de\\\/braeutigammode\\\/\",\"name\":\"Hochzeitshaus Boos\",\"description\":\"In Stuttgart, Mannheim, Karlsruhe und Ingolstadt\",\"publisher\":{\"@id\":\"https:\\\/\\\/hochzeitshaus-boos.de\\\/braeutigammode\\\/#organization\"},\"potentialAction\":[{\"@type\":\"SearchAction\",\"target\":{\"@type\":\"EntryPoint\",\"urlTemplate\":\"https:\\\/\\\/hochzeitshaus-boos.de\\\/braeutigammode\\\/?s={search_term_string}\"},\"query-input\":{\"@type\":\"PropertyValueSpecification\",\"valueRequired\":true,\"valueName\":\"search_term_string\"}}],\"inLanguage\":\"de\"},{\"@type\":\"Organization\",\"@id\":\"https:\\\/\\\/hochzeitshaus-boos.de\\\/braeutigammode\\\/#organization\",\"name\":\"Hochzeitshaus Boos\",\"url\":\"https:\\\/\\\/hochzeitshaus-boos.de\\\/braeutigammode\\\/\",\"logo\":{\"@type\":\"ImageObject\",\"inLanguage\":\"de\",\"@id\":\"https:\\\/\\\/hochzeitshaus-boos.de\\\/braeutigammode\\\/#\\\/schema\\\/logo\\\/image\\\/\",\"url\":\"https:\\\/\\\/hochzeitshaus-boos.de\\\/braeutigammode\\\/wp-content\\\/uploads\\\/2022\\\/08\\\/boos-hochzeitshaus-logo.png\",\"contentUrl\":\"https:\\\/\\\/hochzeitshaus-boos.de\\\/braeutigammode\\\/wp-content\\\/uploads\\\/2022\\\/08\\\/boos-hochzeitshaus-logo.png\",\"width\":559,\"height\":313,\"caption\":\"Hochzeitshaus Boos\"},\"image\":{\"@id\":\"https:\\\/\\\/hochzeitshaus-boos.de\\\/braeutigammode\\\/#\\\/schema\\\/logo\\\/image\\\/\"},\"sameAs\":[\"https:\\\/\\\/www.facebook.com\\\/hochzeitshaus.boos\",\"https:\\\/\\\/x.com\\\/hh_boos_de\",\"https:\\\/\\\/www.instagram.com\\\/hochzeitshaus_boos\"]}]}<\/script>\n<!-- \/ Yoast SEO plugin. -->","yoast_head_json":{"title":"Hochzeitsanzug 67810 | Hochzeitshaus Boos","description":"Hochzeitsanzug 67810 im Hochzeitshaus Boos in Stuttgart, Karlsruhe, Mannheim und Ingolstadt. F\u00fcr jeden Br\u00e4utigam das passende Hochzeits-Outfit.","robots":{"index":"index","follow":"follow","max-snippet":"max-snippet:-1","max-image-preview":"max-image-preview:large","max-video-preview":"max-video-preview:-1"},"canonical":"https:\/\/hochzeitshaus-boos.de\/braeutigammode\/wilvorst\/hochzeitsanzug-67810\/","og_locale":"de_DE","og_type":"article","og_title":"Hochzeitsanzug 67810 | Hochzeitshaus Boos","og_description":"Hochzeitsanzug 67810 im Hochzeitshaus Boos in Stuttgart, Karlsruhe, Mannheim und Ingolstadt. F\u00fcr jeden Br\u00e4utigam das passende Hochzeits-Outfit.","og_url":"https:\/\/hochzeitshaus-boos.de\/braeutigammode\/wilvorst\/hochzeitsanzug-67810\/","og_site_name":"Hochzeitshaus Boos","article_publisher":"https:\/\/www.facebook.com\/hochzeitshaus.boos","article_modified_time":"2023-12-15T13:42:40+00:00","og_image":[{"width":1000,"height":1500,"url":"https:\/\/hochzeitshaus-boos.de\/braeutigammode\/wp-content\/uploads\/2023\/12\/67810_gruener-Hochzeitsanzug-3-Teiler_1.jpg","type":"image\/jpeg"}],"twitter_card":"summary_large_image","twitter_site":"@hh_boos_de","schema":{"@context":"https:\/\/schema.org","@graph":[{"@type":"WebPage","@id":"https:\/\/hochzeitshaus-boos.de\/braeutigammode\/wilvorst\/hochzeitsanzug-67810\/","url":"https:\/\/hochzeitshaus-boos.de\/braeutigammode\/wilvorst\/hochzeitsanzug-67810\/","name":"Hochzeitsanzug 67810 | Hochzeitshaus Boos","isPartOf":{"@id":"https:\/\/hochzeitshaus-boos.de\/braeutigammode\/#website"},"primaryImageOfPage":{"@id":"https:\/\/hochzeitshaus-boos.de\/braeutigammode\/wilvorst\/hochzeitsanzug-67810\/#primaryimage"},"image":{"@id":"https:\/\/hochzeitshaus-boos.de\/braeutigammode\/wilvorst\/hochzeitsanzug-67810\/#primaryimage"},"thumbnailUrl":"https:\/\/hochzeitshaus-boos.de\/braeutigammode\/wp-content\/uploads\/2023\/12\/67810_gruener-Hochzeitsanzug-3-Teiler_1.jpg","datePublished":"2023-12-15T13:42:39+00:00","dateModified":"2023-12-15T13:42:40+00:00","description":"Hochzeitsanzug 67810 im Hochzeitshaus Boos in Stuttgart, Karlsruhe, Mannheim und Ingolstadt. F\u00fcr jeden Br\u00e4utigam das passende Hochzeits-Outfit.","breadcrumb":{"@id":"https:\/\/hochzeitshaus-boos.de\/braeutigammode\/wilvorst\/hochzeitsanzug-67810\/#breadcrumb"},"inLanguage":"de","potentialAction":[{"@type":"ReadAction","target":["https:\/\/hochzeitshaus-boos.de\/braeutigammode\/wilvorst\/hochzeitsanzug-67810\/"]}]},{"@type":"ImageObject","inLanguage":"de","@id":"https:\/\/hochzeitshaus-boos.de\/braeutigammode\/wilvorst\/hochzeitsanzug-67810\/#primaryimage","url":"https:\/\/hochzeitshaus-boos.de\/braeutigammode\/wp-content\/uploads\/2023\/12\/67810_gruener-Hochzeitsanzug-3-Teiler_1.jpg","contentUrl":"https:\/\/hochzeitshaus-boos.de\/braeutigammode\/wp-content\/uploads\/2023\/12\/67810_gruener-Hochzeitsanzug-3-Teiler_1.jpg","width":1000,"height":1500},{"@type":"BreadcrumbList","@id":"https:\/\/hochzeitshaus-boos.de\/braeutigammode\/wilvorst\/hochzeitsanzug-67810\/#breadcrumb","itemListElement":[{"@type":"ListItem","position":1,"name":"Br\u00e4utigammode","item":"https:\/\/hochzeitshaus-boos.de\/braeutigammode\/"},{"@type":"ListItem","position":2,"name":"Produkte","item":"https:\/\/hochzeitshaus-boos.de\/braeutigammode\/shop\/"},{"@type":"ListItem","position":3,"name":"Hochzeitsanzug 67810"}]},{"@type":"WebSite","@id":"https:\/\/hochzeitshaus-boos.de\/braeutigammode\/#website","url":"https:\/\/hochzeitshaus-boos.de\/braeutigammode\/","name":"Hochzeitshaus Boos","description":"In Stuttgart, Mannheim, Karlsruhe und Ingolstadt","publisher":{"@id":"https:\/\/hochzeitshaus-boos.de\/braeutigammode\/#organization"},"potentialAction":[{"@type":"SearchAction","target":{"@type":"EntryPoint","urlTemplate":"https:\/\/hochzeitshaus-boos.de\/braeutigammode\/?s={search_term_string}"},"query-input":{"@type":"PropertyValueSpecification","valueRequired":true,"valueName":"search_term_string"}}],"inLanguage":"de"},{"@type":"Organization","@id":"https:\/\/hochzeitshaus-boos.de\/braeutigammode\/#organization","name":"Hochzeitshaus Boos","url":"https:\/\/hochzeitshaus-boos.de\/braeutigammode\/","logo":{"@type":"ImageObject","inLanguage":"de","@id":"https:\/\/hochzeitshaus-boos.de\/braeutigammode\/#\/schema\/logo\/image\/","url":"https:\/\/hochzeitshaus-boos.de\/braeutigammode\/wp-content\/uploads\/2022\/08\/boos-hochzeitshaus-logo.png","contentUrl":"https:\/\/hochzeitshaus-boos.de\/braeutigammode\/wp-content\/uploads\/2022\/08\/boos-hochzeitshaus-logo.png","width":559,"height":313,"caption":"Hochzeitshaus Boos"},"image":{"@id":"https:\/\/hochzeitshaus-boos.de\/braeutigammode\/#\/schema\/logo\/image\/"},"sameAs":["https:\/\/www.facebook.com\/hochzeitshaus.boos","https:\/\/x.com\/hh_boos_de","https:\/\/www.instagram.com\/hochzeitshaus_boos"]}]}},"_links":{"self":[{"href":"https:\/\/hochzeitshaus-boos.de\/braeutigammode\/wp-json\/wp\/v2\/product\/11656","targetHints":{"allow":["GET"]}}],"collection":[{"href":"https:\/\/hochzeitshaus-boos.de\/braeutigammode\/wp-json\/wp\/v2\/product"}],"about":[{"href":"https:\/\/hochzeitshaus-boos.de\/braeutigammode\/wp-json\/wp\/v2\/types\/product"}],"wp:featuredmedia":[{"embeddable":true,"href":"https:\/\/hochzeitshaus-boos.de\/braeutigammode\/wp-json\/wp\/v2\/media\/11657"}],"wp:attachment":[{"href":"https:\/\/hochzeitshaus-boos.de\/braeutigammode\/wp-json\/wp\/v2\/media?parent=11656"}],"wp:term":[{"taxonomy":"product_brand","embeddable":true,"href":"https:\/\/hochzeitshaus-boos.de\/braeutigammode\/wp-json\/wp\/v2\/product_brand?post=11656"},{"taxonomy":"product_cat","embeddable":true,"href":"https:\/\/hochzeitshaus-boos.de\/braeutigammode\/wp-json\/wp\/v2\/product_cat?post=11656"},{"taxonomy":"product_tag","embeddable":true,"href":"https:\/\/hochzeitshaus-boos.de\/braeutigammode\/wp-json\/wp\/v2\/product_tag?post=11656"}],"curies":[{"name":"wp","href":"https:\/\/api.w.org\/{rel}","templated":true}]}}